{"id":11256,"date":"2025-11-28T03:50:10","date_gmt":"2025-11-28T03:50:10","guid":{"rendered":"https:\/\/www.youcanenterprise.com\/?post_type=product&#038;p=11256"},"modified":"2025-12-15T23:13:46","modified_gmt":"2025-12-15T15:13:46","slug":"business-paper-bag","status":"publish","type":"product","link":"https:\/\/www.youcanenterprise.com\/vi\/product\/business-paper-bag\/","title":{"rendered":"T\u00fai gi\u1ea5y th\u01b0\u01a1ng m\u1ea1i nhanh ch\u00f3ng v\u00e0 d\u1ec5 d\u00e0ng"},"content":{"rendered":"<p><span class=\"a_GcMg font-feature-liga-off font-feature-clig-off font-feature-calt-off text-decoration-none text-strikethrough-none\">N\u1ec1n tr\u1eafng k\u1ebft h\u1ee3p v\u1edbi trang tr\u00ed m\u00e0u xanh l\u00e1 c\u00e2y, quai x\u00e1ch b\u1eb1ng d\u00e2y th\u1eebng ch\u1eafc ch\u1eafn v\u00e0 b\u1ec1n b\u1ec9, c\u00f3 kh\u1ea3 n\u0103ng ch\u1ecbu t\u1ea3i cao, ph\u00f9 h\u1ee3p \u0111\u1ec3 \u0111\u1ef1ng t\u00e0i li\u1ec7u, v\u1eadt d\u1ee5ng, v\u00e0 tr\u00f4ng r\u1ea5t l\u1ecbch s\u1ef1 v\u00e0 g\u1ecdn g\u00e0ng khi s\u1eed d\u1ee5ng trong c\u00e1c d\u1ecbp kinh doanh ho\u1eb7c mang theo khi ra ngo\u00e0i!<\/span><\/p>","protected":false},"excerpt":{"rendered":"<p><span class=\"a_GcMg font-feature-liga-off font-feature-clig-off font-feature-calt-off text-decoration-none text-strikethrough-none\">N\u1ec1n tr\u1eafng k\u1ebft h\u1ee3p v\u1edbi trang tr\u00ed m\u00e0u xanh l\u00e1 c\u00e2y, quai x\u00e1ch b\u1eb1ng d\u00e2y th\u1eebng ch\u1eafc ch\u1eafn v\u00e0 b\u1ec1n b\u1ec9, c\u00f3 kh\u1ea3 n\u0103ng ch\u1ecbu t\u1ea3i cao, ph\u00f9 h\u1ee3p \u0111\u1ec3 \u0111\u1ef1ng t\u00e0i li\u1ec7u, v\u1eadt d\u1ee5ng, v\u00e0 tr\u00f4ng r\u1ea5t l\u1ecbch s\u1ef1 v\u00e0 g\u1ecdn g\u00e0ng khi s\u1eed d\u1ee5ng trong c\u00e1c d\u1ecbp kinh doanh ho\u1eb7c mang theo khi ra ngo\u00e0i!<\/span><\/p>","protected":false},"featured_media":12878,"comment_status":"open","ping_status":"closed","template":"","meta":{"_acf_changed":false},"product_brand":[],"product_cat":[15],"product_tag":[],"class_list":{"0":"post-11256","1":"product","2":"type-product","3":"status-publish","4":"has-post-thumbnail","6":"product_cat-merchandise","7":"pa_color-105","8":"pa_material-104","10":"first","11":"instock","12":"shipping-taxable","13":"product-type-simple"},"acf":[],"_links":{"self":[{"href":"https:\/\/www.youcanenterprise.com\/vi\/wp-json\/wp\/v2\/product\/11256","targetHints":{"allow":["GET"]}}],"collection":[{"href":"https:\/\/www.youcanenterprise.com\/vi\/wp-json\/wp\/v2\/product"}],"about":[{"href":"https:\/\/www.youcanenterprise.com\/vi\/wp-json\/wp\/v2\/types\/product"}],"replies":[{"embeddable":true,"href":"https:\/\/www.youcanenterprise.com\/vi\/wp-json\/wp\/v2\/comments?post=11256"}],"wp:featuredmedia":[{"embeddable":true,"href":"https:\/\/www.youcanenterprise.com\/vi\/wp-json\/wp\/v2\/media\/12878"}],"wp:attachment":[{"href":"https:\/\/www.youcanenterprise.com\/vi\/wp-json\/wp\/v2\/media?parent=11256"}],"wp:term":[{"taxonomy":"product_brand","embeddable":true,"href":"https:\/\/www.youcanenterprise.com\/vi\/wp-json\/wp\/v2\/product_brand?post=11256"},{"taxonomy":"product_cat","embeddable":true,"href":"https:\/\/www.youcanenterprise.com\/vi\/wp-json\/wp\/v2\/product_cat?post=11256"},{"taxonomy":"product_tag","embeddable":true,"href":"https:\/\/www.youcanenterprise.com\/vi\/wp-json\/wp\/v2\/product_tag?post=11256"}],"curies":[{"name":"wp","href":"https:\/\/api.w.org\/{rel}","templated":true}]}}