{"id":11254,"date":"2025-11-28T03:49:29","date_gmt":"2025-11-28T03:49:29","guid":{"rendered":"https:\/\/www.youcanenterprise.com\/?post_type=product&#038;p=11254"},"modified":"2025-11-28T06:04:24","modified_gmt":"2025-11-28T06:04:24","slug":"letter","status":"publish","type":"product","link":"https:\/\/www.youcanenterprise.com\/vi\/product\/letter\/","title":{"rendered":"\u0110\u01a1n h\u00e0ng ti\u00eau chu\u1ea9n nhanh ch\u00f3ng"},"content":{"rendered":"<p><span class=\"a_GcMg font-feature-liga-off font-feature-clig-off font-feature-calt-off text-decoration-none text-strikethrough-none\">M\u1eabu thi\u1ebft k\u1ebf \u0111\u01a1n gi\u1ea3n m\u00e0u tr\u1eafng, k\u1ebft h\u1ee3p v\u1edbi logo th\u01b0\u01a1ng hi\u1ec7u, ch\u1ea5t li\u1ec7u b\u1ec1n ch\u1eafc, kh\u00f3 h\u01b0 h\u1ecfng, th\u00edch h\u1ee3p \u0111\u1ec3 \u0111\u1ef1ng t\u00e0i li\u1ec7u, h\u00f3a \u0111\u01a1n, giao d\u1ecbch v\u0103n ph\u00f2ng, ph\u00f9 h\u1ee3p cho vi\u1ec7c g\u1eedi nh\u1eadn h\u00e0ng ng\u00e0y, g\u1ecdn g\u00e0ng v\u00e0 \u0111\u1eb9p m\u1eaft!<\/span><\/p>","protected":false},"excerpt":{"rendered":"<p><span class=\"a_GcMg font-feature-liga-off font-feature-clig-off font-feature-calt-off text-decoration-none text-strikethrough-none\">M\u1eabu thi\u1ebft k\u1ebf \u0111\u01a1n gi\u1ea3n m\u00e0u tr\u1eafng, k\u1ebft h\u1ee3p v\u1edbi logo th\u01b0\u01a1ng hi\u1ec7u, ch\u1ea5t li\u1ec7u b\u1ec1n ch\u1eafc, kh\u00f3 h\u01b0 h\u1ecfng, th\u00edch h\u1ee3p \u0111\u1ec3 \u0111\u1ef1ng t\u00e0i li\u1ec7u, h\u00f3a \u0111\u01a1n, giao d\u1ecbch v\u0103n ph\u00f2ng, ph\u00f9 h\u1ee3p cho vi\u1ec7c g\u1eedi nh\u1eadn h\u00e0ng ng\u00e0y, g\u1ecdn g\u00e0ng v\u00e0 \u0111\u1eb9p m\u1eaft!<\/span><\/p>","protected":false},"featured_media":11255,"comment_status":"open","ping_status":"closed","template":"","meta":{"_acf_changed":false},"product_brand":[],"product_cat":[15],"product_tag":[103,90],"class_list":{"0":"post-11254","1":"product","2":"type-product","3":"status-publish","4":"has-post-thumbnail","6":"product_cat-merchandise","7":"product_tag-103","8":"product_tag-90","9":"pa_color-84","10":"pa_material-102","12":"first","13":"instock","14":"shipping-taxable","15":"product-type-simple"},"acf":[],"_links":{"self":[{"href":"https:\/\/www.youcanenterprise.com\/vi\/wp-json\/wp\/v2\/product\/11254","targetHints":{"allow":["GET"]}}],"collection":[{"href":"https:\/\/www.youcanenterprise.com\/vi\/wp-json\/wp\/v2\/product"}],"about":[{"href":"https:\/\/www.youcanenterprise.com\/vi\/wp-json\/wp\/v2\/types\/product"}],"replies":[{"embeddable":true,"href":"https:\/\/www.youcanenterprise.com\/vi\/wp-json\/wp\/v2\/comments?post=11254"}],"wp:featuredmedia":[{"embeddable":true,"href":"https:\/\/www.youcanenterprise.com\/vi\/wp-json\/wp\/v2\/media\/11255"}],"wp:attachment":[{"href":"https:\/\/www.youcanenterprise.com\/vi\/wp-json\/wp\/v2\/media?parent=11254"}],"wp:term":[{"taxonomy":"product_brand","embeddable":true,"href":"https:\/\/www.youcanenterprise.com\/vi\/wp-json\/wp\/v2\/product_brand?post=11254"},{"taxonomy":"product_cat","embeddable":true,"href":"https:\/\/www.youcanenterprise.com\/vi\/wp-json\/wp\/v2\/product_cat?post=11254"},{"taxonomy":"product_tag","embeddable":true,"href":"https:\/\/www.youcanenterprise.com\/vi\/wp-json\/wp\/v2\/product_tag?post=11254"}],"curies":[{"name":"wp","href":"https:\/\/api.w.org\/{rel}","templated":true}]}}