{"id":11250,"date":"2025-11-28T03:45:58","date_gmt":"2025-11-28T03:45:58","guid":{"rendered":"https:\/\/www.youcanenterprise.com\/?post_type=product&#038;p=11250"},"modified":"2025-12-15T23:14:59","modified_gmt":"2025-12-15T15:14:59","slug":"button-folder","status":"publish","type":"product","link":"https:\/\/www.youcanenterprise.com\/vi\/product\/button-folder\/","title":{"rendered":"T\u00fai \u0111\u1ef1ng t\u00e0i li\u1ec7u c\u00f3 kh\u00f3a c\u00e0i nhanh"},"content":{"rendered":"<p><span class=\"a_GcMg font-feature-liga-off font-feature-clig-off font-feature-calt-off text-decoration-none text-strikethrough-none\">Thi\u1ebft k\u1ebf \u0111\u01a1n gi\u1ea3n m\u00e0u tr\u1eafng v\u1edbi ki\u1ec3u th\u1eaft n\u00fat, k\u00edn \u0111\u00e1o v\u00e0 kh\u00f4ng d\u1ec5 r\u01a1i r\u1edbt, th\u00edch h\u1ee3p \u0111\u1ec3 \u0111\u1ef1ng c\u00e1c lo\u1ea1i t\u00e0i li\u1ec7u, h\u00f3a \u0111\u01a1n, ti\u1ec7n l\u1ee3i khi mang theo \u0111\u1ebfn v\u0103n ph\u00f2ng ho\u1eb7c \u0111i c\u00f4ng t\u00e1c, logo th\u01b0\u01a1ng hi\u1ec7u n\u1ed5i b\u1eadt h\u01a1n!<\/span><\/p>","protected":false},"excerpt":{"rendered":"<p><span class=\"a_GcMg font-feature-liga-off font-feature-clig-off font-feature-calt-off text-decoration-none text-strikethrough-none\">Thi\u1ebft k\u1ebf \u0111\u01a1n gi\u1ea3n m\u00e0u tr\u1eafng v\u1edbi ki\u1ec3u th\u1eaft n\u00fat, k\u00edn \u0111\u00e1o v\u00e0 kh\u00f4ng d\u1ec5 r\u01a1i r\u1edbt, th\u00edch h\u1ee3p \u0111\u1ec3 \u0111\u1ef1ng c\u00e1c lo\u1ea1i t\u00e0i li\u1ec7u, h\u00f3a \u0111\u01a1n, ti\u1ec7n l\u1ee3i khi mang theo \u0111\u1ebfn v\u0103n ph\u00f2ng ho\u1eb7c \u0111i c\u00f4ng t\u00e1c, logo th\u01b0\u01a1ng hi\u1ec7u n\u1ed5i b\u1eadt h\u01a1n!<\/span><\/p>","protected":false},"featured_media":12879,"comment_status":"open","ping_status":"closed","template":"","meta":{"_acf_changed":false},"product_brand":[],"product_cat":[15],"product_tag":[100,90],"class_list":{"0":"post-11250","1":"product","2":"type-product","3":"status-publish","4":"has-post-thumbnail","6":"product_cat-merchandise","7":"product_tag-100","8":"product_tag-90","9":"pa_color-84","10":"pa_material-101","12":"first","13":"instock","14":"shipping-taxable","15":"product-type-simple"},"acf":[],"_links":{"self":[{"href":"https:\/\/www.youcanenterprise.com\/vi\/wp-json\/wp\/v2\/product\/11250","targetHints":{"allow":["GET"]}}],"collection":[{"href":"https:\/\/www.youcanenterprise.com\/vi\/wp-json\/wp\/v2\/product"}],"about":[{"href":"https:\/\/www.youcanenterprise.com\/vi\/wp-json\/wp\/v2\/types\/product"}],"replies":[{"embeddable":true,"href":"https:\/\/www.youcanenterprise.com\/vi\/wp-json\/wp\/v2\/comments?post=11250"}],"wp:featuredmedia":[{"embeddable":true,"href":"https:\/\/www.youcanenterprise.com\/vi\/wp-json\/wp\/v2\/media\/12879"}],"wp:attachment":[{"href":"https:\/\/www.youcanenterprise.com\/vi\/wp-json\/wp\/v2\/media?parent=11250"}],"wp:term":[{"taxonomy":"product_brand","embeddable":true,"href":"https:\/\/www.youcanenterprise.com\/vi\/wp-json\/wp\/v2\/product_brand?post=11250"},{"taxonomy":"product_cat","embeddable":true,"href":"https:\/\/www.youcanenterprise.com\/vi\/wp-json\/wp\/v2\/product_cat?post=11250"},{"taxonomy":"product_tag","embeddable":true,"href":"https:\/\/www.youcanenterprise.com\/vi\/wp-json\/wp\/v2\/product_tag?post=11250"}],"curies":[{"name":"wp","href":"https:\/\/api.w.org\/{rel}","templated":true}]}}