{"id":11248,"date":"2025-11-28T03:44:31","date_gmt":"2025-11-28T03:44:31","guid":{"rendered":"https:\/\/www.youcanenterprise.com\/?post_type=product&#038;p=11248"},"modified":"2025-12-15T23:12:59","modified_gmt":"2025-12-15T15:12:59","slug":"premium-ballpoint-pen","status":"publish","type":"product","link":"https:\/\/www.youcanenterprise.com\/vi\/product\/premium-ballpoint-pen\/","title":{"rendered":"B\u00fat bi Quick Business"},"content":{"rendered":"<p><span class=\"a_GcMg font-feature-liga-off font-feature-clig-off font-feature-calt-off text-decoration-none text-strikethrough-none\">Th\u00e2n b\u00fat m\u00e0u \u0111en v\u00e0 v\u00e0ng cao c\u1ea5p, k\u1ebft h\u1ee3p v\u1edbi nh\u00e3n hi\u1ec7u d\u1ec5 nh\u1eadn bi\u1ebft, vi\u1ebft m\u01b0\u1ee3t m\u00e0 kh\u00f4ng b\u1ecb k\u1eb9t m\u1ef1c, ph\u00f9 h\u1ee3p cho c\u00f4ng vi\u1ec7c v\u0103n ph\u00f2ng v\u00e0 ghi ch\u00e9p h\u00e0ng ng\u00e0y, v\u1eeba sang tr\u1ecdng v\u1eeba ti\u1ec7n d\u1ee5ng!<\/span><\/p>","protected":false},"excerpt":{"rendered":"<p><span class=\"a_GcMg font-feature-liga-off font-feature-clig-off font-feature-calt-off text-decoration-none text-strikethrough-none\">Th\u00e2n b\u00fat m\u00e0u \u0111en v\u00e0 v\u00e0ng cao c\u1ea5p, k\u1ebft h\u1ee3p v\u1edbi nh\u00e3n hi\u1ec7u d\u1ec5 nh\u1eadn bi\u1ebft, vi\u1ebft m\u01b0\u1ee3t m\u00e0 kh\u00f4ng b\u1ecb k\u1eb9t m\u1ef1c, ph\u00f9 h\u1ee3p cho c\u00f4ng vi\u1ec7c v\u0103n ph\u00f2ng v\u00e0 ghi ch\u00e9p h\u00e0ng ng\u00e0y, v\u1eeba sang tr\u1ecdng v\u1eeba ti\u1ec7n d\u1ee5ng!<\/span><\/p>","protected":false},"featured_media":12876,"comment_status":"open","ping_status":"closed","template":"","meta":{"_acf_changed":false},"product_brand":[],"product_cat":[15],"product_tag":[90,91],"class_list":{"0":"post-11248","1":"product","2":"type-product","3":"status-publish","4":"has-post-thumbnail","6":"product_cat-merchandise","7":"product_tag-90","8":"product_tag-91","9":"pa_used-81","11":"first","12":"instock","13":"shipping-taxable","14":"product-type-simple"},"acf":[],"_links":{"self":[{"href":"https:\/\/www.youcanenterprise.com\/vi\/wp-json\/wp\/v2\/product\/11248","targetHints":{"allow":["GET"]}}],"collection":[{"href":"https:\/\/www.youcanenterprise.com\/vi\/wp-json\/wp\/v2\/product"}],"about":[{"href":"https:\/\/www.youcanenterprise.com\/vi\/wp-json\/wp\/v2\/types\/product"}],"replies":[{"embeddable":true,"href":"https:\/\/www.youcanenterprise.com\/vi\/wp-json\/wp\/v2\/comments?post=11248"}],"wp:featuredmedia":[{"embeddable":true,"href":"https:\/\/www.youcanenterprise.com\/vi\/wp-json\/wp\/v2\/media\/12876"}],"wp:attachment":[{"href":"https:\/\/www.youcanenterprise.com\/vi\/wp-json\/wp\/v2\/media?parent=11248"}],"wp:term":[{"taxonomy":"product_brand","embeddable":true,"href":"https:\/\/www.youcanenterprise.com\/vi\/wp-json\/wp\/v2\/product_brand?post=11248"},{"taxonomy":"product_cat","embeddable":true,"href":"https:\/\/www.youcanenterprise.com\/vi\/wp-json\/wp\/v2\/product_cat?post=11248"},{"taxonomy":"product_tag","embeddable":true,"href":"https:\/\/www.youcanenterprise.com\/vi\/wp-json\/wp\/v2\/product_tag?post=11248"}],"curies":[{"name":"wp","href":"https:\/\/api.w.org\/{rel}","templated":true}]}}