{"id":11244,"date":"2025-11-28T03:40:21","date_gmt":"2025-11-28T03:40:21","guid":{"rendered":"https:\/\/www.youcanenterprise.com\/?post_type=product&#038;p=11244"},"modified":"2025-12-15T23:12:39","modified_gmt":"2025-12-15T15:12:39","slug":"custom-gel-pen","status":"publish","type":"product","link":"https:\/\/www.youcanenterprise.com\/vi\/product\/custom-gel-pen\/","title":{"rendered":"Quick Customization Edition Ballpoint Pen"},"content":{"rendered":"<p><span class=\"a_GcMg font-feature-liga-off font-feature-clig-off font-feature-calt-off text-decoration-none text-strikethrough-none\">Quick Pen 0.5mm Bullet Tip Click-Action! Th\u00e2n b\u00fat trong su\u1ed1t v\u1edbi ch\u1ea5t li\u1ec7u cao c\u1ea5p, kh\u00f4 nhanh kh\u00f4ng lem, c\u1ea3m gi\u00e1c c\u1ea7m n\u1eafm tho\u1ea3i m\u00e1i, vi\u1ebft l\u00e2u kh\u00f4ng m\u1ecfi, ph\u00f9 h\u1ee3p cho c\u1ea3 h\u1ecdc sinh v\u00e0 v\u0103n ph\u00f2ng.<\/span><\/p>","protected":false},"excerpt":{"rendered":"<p><span class=\"a_GcMg font-feature-liga-off font-feature-clig-off font-feature-calt-off text-decoration-none text-strikethrough-none\">Quick Pen 0.5mm Bullet Tip Click-Action! Th\u00e2n b\u00fat trong su\u1ed1t v\u1edbi ch\u1ea5t li\u1ec7u cao c\u1ea5p, kh\u00f4 nhanh kh\u00f4ng lem, c\u1ea3m gi\u00e1c c\u1ea7m n\u1eafm tho\u1ea3i m\u00e1i, vi\u1ebft l\u00e2u kh\u00f4ng m\u1ecfi, ph\u00f9 h\u1ee3p cho c\u1ea3 h\u1ecdc sinh v\u00e0 v\u0103n ph\u00f2ng.<\/span><\/p>","protected":false},"featured_media":12877,"comment_status":"open","ping_status":"closed","template":"","meta":{"_acf_changed":false},"product_brand":[],"product_cat":[15],"product_tag":[90,91],"class_list":{"0":"post-11244","1":"product","2":"type-product","3":"status-publish","4":"has-post-thumbnail","6":"product_cat-merchandise","7":"product_tag-90","8":"product_tag-91","9":"pa_used-81","11":"first","12":"instock","13":"shipping-taxable","14":"product-type-simple"},"acf":[],"_links":{"self":[{"href":"https:\/\/www.youcanenterprise.com\/vi\/wp-json\/wp\/v2\/product\/11244","targetHints":{"allow":["GET"]}}],"collection":[{"href":"https:\/\/www.youcanenterprise.com\/vi\/wp-json\/wp\/v2\/product"}],"about":[{"href":"https:\/\/www.youcanenterprise.com\/vi\/wp-json\/wp\/v2\/types\/product"}],"replies":[{"embeddable":true,"href":"https:\/\/www.youcanenterprise.com\/vi\/wp-json\/wp\/v2\/comments?post=11244"}],"wp:featuredmedia":[{"embeddable":true,"href":"https:\/\/www.youcanenterprise.com\/vi\/wp-json\/wp\/v2\/media\/12877"}],"wp:attachment":[{"href":"https:\/\/www.youcanenterprise.com\/vi\/wp-json\/wp\/v2\/media?parent=11244"}],"wp:term":[{"taxonomy":"product_brand","embeddable":true,"href":"https:\/\/www.youcanenterprise.com\/vi\/wp-json\/wp\/v2\/product_brand?post=11244"},{"taxonomy":"product_cat","embeddable":true,"href":"https:\/\/www.youcanenterprise.com\/vi\/wp-json\/wp\/v2\/product_cat?post=11244"},{"taxonomy":"product_tag","embeddable":true,"href":"https:\/\/www.youcanenterprise.com\/vi\/wp-json\/wp\/v2\/product_tag?post=11244"}],"curies":[{"name":"wp","href":"https:\/\/api.w.org\/{rel}","templated":true}]}}