{"id":11242,"date":"2025-11-28T03:38:46","date_gmt":"2025-11-28T03:38:46","guid":{"rendered":"https:\/\/www.youcanenterprise.com\/?post_type=product&#038;p=11242"},"modified":"2025-12-15T01:38:10","modified_gmt":"2025-12-15T01:38:10","slug":"tshirt","status":"publish","type":"product","link":"https:\/\/www.youcanenterprise.com\/vi\/product\/tshirt\/","title":{"rendered":"\u00c1o thun ch\u1ee7 \u0111\u1ec1 \"H\u00e3y l\u00e0m nhanh\""},"content":{"rendered":"<p><span class=\"a_GcMg font-feature-liga-off font-feature-clig-off font-feature-calt-off text-decoration-none text-strikethrough-none\">S\u1eed d\u1ee5ng ch\u1ea5t li\u1ec7u cotton cao c\u1ea5p, ki\u1ec3u d\u00e1ng h\u01a1i r\u1ed9ng r\u00e3i nh\u01b0ng kh\u00f4ng b\u1ecb x\u1ec7. Ph\u1ea7n tr\u01b0\u1edbc \u00e1o ch\u1ec9 in logo ch\u1ee7 \u0111\u1ec1 \"Quick Service\" \u1edf ng\u1ef1c tr\u00e1i, \u0111\u01a1n gi\u1ea3n nh\u01b0ng tinh t\u1ebf. \u0110\u01b0\u1eddng may ph\u1eb3ng phiu, kh\u00f4ng d\u1ec5 bi\u1ebfn d\u1ea1ng, d\u00f9 m\u1eb7c ri\u00eang hay ph\u1ed1i \u0111\u1ed3 \u0111\u1ec1u th\u1ec3 hi\u1ec7n ch\u1ea5t li\u1ec7u m\u00e1t m\u1ebb, l\u00e0 m\u00f3n \u0111\u1ed3 c\u01a1 b\u1ea3n kh\u00f4ng th\u1ec3 thi\u1ebfu trong t\u1ee7 qu\u1ea7n \u00e1o.<\/span><\/p>","protected":false},"excerpt":{"rendered":"<p><span class=\"a_GcMg font-feature-liga-off font-feature-clig-off font-feature-calt-off text-decoration-none text-strikethrough-none\">S\u1eed d\u1ee5ng ch\u1ea5t li\u1ec7u cotton cao c\u1ea5p, ki\u1ec3u d\u00e1ng h\u01a1i r\u1ed9ng r\u00e3i nh\u01b0ng kh\u00f4ng b\u1ecb x\u1ec7. Ph\u1ea7n tr\u01b0\u1edbc \u00e1o ch\u1ec9 in logo ch\u1ee7 \u0111\u1ec1 \"Quick Service\" \u1edf ng\u1ef1c tr\u00e1i, \u0111\u01a1n gi\u1ea3n nh\u01b0ng tinh t\u1ebf. \u0110\u01b0\u1eddng may ph\u1eb3ng phiu, kh\u00f4ng d\u1ec5 bi\u1ebfn d\u1ea1ng, d\u00f9 m\u1eb7c ri\u00eang hay ph\u1ed1i \u0111\u1ed3 \u0111\u1ec1u th\u1ec3 hi\u1ec7n ch\u1ea5t li\u1ec7u m\u00e1t m\u1ebb, l\u00e0 m\u00f3n \u0111\u1ed3 c\u01a1 b\u1ea3n kh\u00f4ng th\u1ec3 thi\u1ebfu trong t\u1ee7 qu\u1ea7n \u00e1o.<\/span><\/p>","protected":false},"featured_media":12683,"comment_status":"open","ping_status":"closed","template":"","meta":{"_acf_changed":false},"product_brand":[],"product_cat":[15],"product_tag":[93,92],"class_list":{"0":"post-11242","1":"product","2":"type-product","3":"status-publish","4":"has-post-thumbnail","6":"product_cat-merchandise","7":"product_tag-t","8":"product_tag-92","9":"pa_color-84","10":"pa_material-100-","11":"pa_size-l","12":"pa_size-m","13":"pa_size-s","14":"pa_size-xl","15":"pa_size-xxl","17":"first","18":"instock","19":"shipping-taxable","20":"product-type-simple"},"acf":[],"_links":{"self":[{"href":"https:\/\/www.youcanenterprise.com\/vi\/wp-json\/wp\/v2\/product\/11242","targetHints":{"allow":["GET"]}}],"collection":[{"href":"https:\/\/www.youcanenterprise.com\/vi\/wp-json\/wp\/v2\/product"}],"about":[{"href":"https:\/\/www.youcanenterprise.com\/vi\/wp-json\/wp\/v2\/types\/product"}],"replies":[{"embeddable":true,"href":"https:\/\/www.youcanenterprise.com\/vi\/wp-json\/wp\/v2\/comments?post=11242"}],"wp:featuredmedia":[{"embeddable":true,"href":"https:\/\/www.youcanenterprise.com\/vi\/wp-json\/wp\/v2\/media\/12683"}],"wp:attachment":[{"href":"https:\/\/www.youcanenterprise.com\/vi\/wp-json\/wp\/v2\/media?parent=11242"}],"wp:term":[{"taxonomy":"product_brand","embeddable":true,"href":"https:\/\/www.youcanenterprise.com\/vi\/wp-json\/wp\/v2\/product_brand?post=11242"},{"taxonomy":"product_cat","embeddable":true,"href":"https:\/\/www.youcanenterprise.com\/vi\/wp-json\/wp\/v2\/product_cat?post=11242"},{"taxonomy":"product_tag","embeddable":true,"href":"https:\/\/www.youcanenterprise.com\/vi\/wp-json\/wp\/v2\/product_tag?post=11242"}],"curies":[{"name":"wp","href":"https:\/\/api.w.org\/{rel}","templated":true}]}}