{"id":11239,"date":"2025-11-28T03:27:03","date_gmt":"2025-11-28T03:27:03","guid":{"rendered":"https:\/\/www.youcanenterprise.com\/?post_type=product&#038;p=11239"},"modified":"2026-04-11T19:31:45","modified_gmt":"2026-04-11T11:31:45","slug":"badatong","status":"publish","type":"product","link":"https:\/\/www.youcanenterprise.com\/vi\/product\/badatong\/","title":{"rendered":"Th\u1ebb Octopus ch\u1ee7 \u0111\u1ec1 \"Kua Ban Yi\""},"content":{"rendered":"<p><span class=\"a_GcMg font-feature-liga-off font-feature-clig-off font-feature-calt-off text-decoration-none text-strikethrough-none\">Nhanh ch\u00f3ng l\u00e0m th\u1ebb Octopus, thi\u1ebft k\u1ebf minh h\u1ecda ch\u1ee7 \u0111\u1ec1, h\u1ed7 tr\u1ee3 thanh to\u00e1n giao th\u00f4ng v\u00e0 b\u00e1n l\u1ebb, thu\u1eadn ti\u1ec7n cho vi\u1ec7c \u0111i l\u1ea1i h\u00e0ng ng\u00e0y. Th\u00edch h\u1ee3p l\u00e0m qu\u00e0 t\u1eb7ng ho\u1eb7c s\u1eed d\u1ee5ng c\u00e1 nh\u00e2n, l\u00e0 v\u1eadt d\u1ee5ng c\u1ea7n thi\u1ebft khi \u0111i l\u1ea1i trong khu v\u1ef1c V\u1ecbnh L\u1edbn.<\/span><\/p>","protected":false},"excerpt":{"rendered":"<p><span class=\"a_GcMg font-feature-liga-off font-feature-clig-off font-feature-calt-off text-decoration-none text-strikethrough-none\">Nhanh ch\u00f3ng l\u00e0m th\u1ebb Octopus, thi\u1ebft k\u1ebf minh h\u1ecda ch\u1ee7 \u0111\u1ec1, h\u1ed7 tr\u1ee3 thanh to\u00e1n giao th\u00f4ng v\u00e0 b\u00e1n l\u1ebb, thu\u1eadn ti\u1ec7n cho vi\u1ec7c \u0111i l\u1ea1i h\u00e0ng ng\u00e0y. Th\u00edch h\u1ee3p l\u00e0m qu\u00e0 t\u1eb7ng ho\u1eb7c s\u1eed d\u1ee5ng c\u00e1 nh\u00e2n, l\u00e0 v\u1eadt d\u1ee5ng c\u1ea7n thi\u1ebft khi \u0111i l\u1ea1i trong khu v\u1ef1c V\u1ecbnh L\u1edbn.<\/span><\/p>","protected":false},"featured_media":12682,"comment_status":"open","ping_status":"closed","template":"","meta":{"_acf_changed":false},"product_brand":[],"product_cat":[15],"product_tag":[77,76],"class_list":{"0":"post-11239","1":"product","2":"type-product","3":"status-publish","4":"has-post-thumbnail","6":"product_cat-merchandise","7":"product_tag-77","8":"product_tag-76","9":"pa_color-79","10":"pa_color-78","11":"pa_material-pvc","12":"pa_size--85-6-x-54-mm","13":"pa_used-81","15":"first","16":"instock","17":"shipping-taxable","18":"product-type-simple"},"acf":[],"_links":{"self":[{"href":"https:\/\/www.youcanenterprise.com\/vi\/wp-json\/wp\/v2\/product\/11239","targetHints":{"allow":["GET"]}}],"collection":[{"href":"https:\/\/www.youcanenterprise.com\/vi\/wp-json\/wp\/v2\/product"}],"about":[{"href":"https:\/\/www.youcanenterprise.com\/vi\/wp-json\/wp\/v2\/types\/product"}],"replies":[{"embeddable":true,"href":"https:\/\/www.youcanenterprise.com\/vi\/wp-json\/wp\/v2\/comments?post=11239"}],"wp:featuredmedia":[{"embeddable":true,"href":"https:\/\/www.youcanenterprise.com\/vi\/wp-json\/wp\/v2\/media\/12682"}],"wp:attachment":[{"href":"https:\/\/www.youcanenterprise.com\/vi\/wp-json\/wp\/v2\/media?parent=11239"}],"wp:term":[{"taxonomy":"product_brand","embeddable":true,"href":"https:\/\/www.youcanenterprise.com\/vi\/wp-json\/wp\/v2\/product_brand?post=11239"},{"taxonomy":"product_cat","embeddable":true,"href":"https:\/\/www.youcanenterprise.com\/vi\/wp-json\/wp\/v2\/product_cat?post=11239"},{"taxonomy":"product_tag","embeddable":true,"href":"https:\/\/www.youcanenterprise.com\/vi\/wp-json\/wp\/v2\/product_tag?post=11239"}],"curies":[{"name":"wp","href":"https:\/\/api.w.org\/{rel}","templated":true}]}}