{"id":13183,"date":"2025-12-27T00:10:50","date_gmt":"2025-12-26T16:10:50","guid":{"rendered":"https:\/\/www.youcanenterprise.com\/?page_id=13183"},"modified":"2026-01-26T16:56:16","modified_gmt":"2026-01-26T08:56:16","slug":"wenjindu-port","status":"publish","type":"page","link":"https:\/\/www.youcanenterprise.com\/vi\/wenjindu-port\/","title":{"rendered":"C\u1eeda kh\u1ea9u V\u0103n Kim \u0110\u1ed9"},"content":{"rendered":"<div data-elementor-type=\"wp-page\" data-elementor-id=\"13183\" class=\"elementor elementor-13183\" data-elementor-post-type=\"page\">\n\t\t\t\t\t\t<section class=\"elementor-section elementor-top-section elementor-element elementor-element-fc507e0 elementor-section-boxed elementor-section-height-default elementor-section-height-default cmsmasters-block-default\" data-id=\"fc507e0\" data-element_type=\"section\" data-e-type=\"section\">\n\t\t\t\t\t\t<div class=\"elementor-container elementor-column-gap-no\">\n\t\t\t\t\t<div class=\"elementor-column elementor-col-50 elementor-top-column elementor-element elementor-element-7b857d1\" data-id=\"7b857d1\" data-element_type=\"column\" data-e-type=\"column\" data-settings=\"{&quot;background_background&quot;:&quot;classic&quot;}\">\n\t\t\t<div class=\"elementor-widget-wrap elementor-element-populated\">\n\t\t\t\t\t\t<div class=\"elementor-element elementor-element-13f6b12 cmsmasters-block-default cmsmasters-sticky-default elementor-widget elementor-widget-heading\" data-id=\"13f6b12\" data-element_type=\"widget\" data-e-type=\"widget\" data-widget_type=\"heading.default\">\n\t\t\t\t\t<h4 class=\"elementor-heading-title elementor-size-default\">C\u1ea3ng Qu\u1ea3ng \u0110\u00f4ng\n<\/h4>\t\t\t\t<\/div>\n\t\t\t\t<div data-separate-animation-selector=\".cmsmasters-widget-title__heading\" data-text-animation-class=\"sequental, random, line, word, char\" class=\"elementor-element elementor-element-a9e1930 cmsmasters-line-clamp-no cmsmasters-color-variation-default cmsmasters-pointer-none cmsmasters-block-default cmsmasters-sticky-default elementor-widget elementor-widget-cmsmasters-post-title cmsmasters-widget-title\" data-id=\"a9e1930\" data-element_type=\"widget\" data-e-type=\"widget\" data-widget_type=\"cmsmasters-post-title.default\">\n\t\t\t\t\t<h2 class=\"entry-title cmsmasters-widget-title__heading\">C\u1eeda kh\u1ea9u V\u0103n Kim \u0110\u1ed9<\/h2>\t\t\t\t<\/div>\n\t\t\t\t<div class=\"elementor-element elementor-element-d09138c cmsmasters-block-default cmsmasters-sticky-default elementor-widget elementor-widget-text-editor\" data-id=\"d09138c\" data-element_type=\"widget\" data-e-type=\"widget\" data-widget_type=\"text-editor.default\">\n\t\t\t\t\t\t\t\t\t<p>C\u1eeda kh\u1ea9u V\u0103n Kim \u0110\u1ed9 n\u1eb1m \u1edf \u0111\u01b0\u1eddng Ho\u00e0ng B\u00e1i, qu\u1eadn Luohu, th\u00e0nh ph\u1ed1 Th\u00e2m Quy\u1ebfn, t\u1ec9nh Qu\u1ea3ng \u0110\u00f4ng, ph\u00eda \u0111\u00f4ng gi\u00e1p c\u1eeda kh\u1ea9u Li\u00ean \u0110\u01b0\u1eddng, ph\u00eda t\u00e2y gi\u00e1p c\u1eeda kh\u1ea9u Luohu, ph\u00eda b\u1eafc gi\u00e1p \u0111\u01b0\u1eddng Nam H\u00e0, ph\u00eda nam gi\u00e1p s\u00f4ng Th\u00e2m Quy\u1ebfn, \u0111\u1ed3ng th\u1eddi l\u00e0 \u0111i\u1ec3m cu\u1ed1i c\u1ee7a qu\u1ed1c l\u1ed9 G107. N\u0103m 1978, c\u1eeda kh\u1ea9u Wenjindu \u0111\u01b0\u1ee3c Qu\u1ed1c v\u1ee5 vi\u1ec7n ph\u00ea duy\u1ec7t m\u1edf c\u1eeda cho n\u01b0\u1edbc ngo\u00e0i, l\u00e0 m\u1ed9t trong hai c\u1eeda kh\u1ea9u \u0111\u01b0\u1eddng b\u1ed9 duy nh\u1ea5t c\u1ee7a Th\u00e2m Quy\u1ebfn tr\u01b0\u1edbc khi c\u1ea3i c\u00e1ch v\u00e0 m\u1edf c\u1eeda, \u0111\u01b0\u1ee3c k\u1ebft n\u1ed1i v\u1edbi H\u1ed3ng K\u00f4ng b\u1eb1ng m\u1ed9t c\u00e2y c\u1ea7u \u0111\u01b0\u1eddng b\u1ed9, l\u00e0 c\u1eeda kh\u1ea9u \u0111\u01b0\u1eddng b\u1ed9 t\u1ed5ng h\u1ee3p chuy\u00ean ch\u1edf h\u00e0nh kh\u00e1ch v\u00e0 h\u00e0ng h\u00f3a, \u0111\u1eb7c tr\u01b0ng l\u00e0 v\u1eadn chuy\u1ec3n c\u00e1c s\u1ea3n ph\u1ea9m t\u01b0\u01a1i s\u1ed1ng sang H\u1ed3ng K\u00f4ng. Khu v\u1ef1c ki\u1ec3m tra h\u00e0nh kh\u00e1ch c\u1ee7a c\u1eeda kh\u1ea9u \u0111\u01b0\u1ee3c c\u1ea3i t\u1ea1o v\u00e0 x\u00e2y d\u1ef1ng l\u1ea1i v\u00e0o th\u00e1ng 5 n\u0103m 2011, v\u00e0 ho\u1ea1t \u0111\u1ed9ng ki\u1ec3m tra h\u00e0nh kh\u00e1ch \u0111\u01b0\u1ee3c kh\u00f4i ph\u1ee5c v\u00e0o ng\u00e0y 26 th\u00e1ng 8 n\u0103m 2013. C\u1eeda kh\u1ea9u c\u00f3 t\u1ed5ng c\u1ed9ng 30 l\u00e0n ki\u1ec3m tra xe ra v\u00e0o. Trong \u0111\u00f3 c\u00f3 18 l\u00e0n ki\u1ec3m tra xe t\u1ea3i (8 l\u00e0n v\u00e0o, 10 l\u00e0n ra). C\u00f3 12 l\u00e0n ki\u1ec3m tra xe con, xe kh\u00e1ch (6 l\u00e0n v\u00e0o, 6 l\u00e0n ra). C\u00f3 18 l\u00e0n ki\u1ec3m tra h\u00e0nh kh\u00e1ch ra (8 l\u00e0n th\u1ee7 c\u00f4ng, 10 l\u00e0n t\u1ef1 \u0111\u1ed9ng), 18 l\u00e0n ki\u1ec3m tra h\u00e0nh kh\u00e1ch v\u00e0o (8 l\u00e0n th\u1ee7 c\u00f4ng, 10 l\u00e0n t\u1ef1 \u0111\u1ed9ng). C\u1eeda kh\u1ea9u Wenjindu \u00e1p d\u1ee5ng ph\u01b0\u01a1ng th\u1ee9c ki\u1ec3m tra \u201chai n\u01a1i, hai l\u1ea7n ki\u1ec3m tra\u201d, v\u1edbi c\u00f4ng su\u1ea5t thi\u1ebft k\u1ebf l\u00e0 10.000 l\u01b0\u1ee3t xe ra v\u00e0o\/ng\u00e0y v\u00e0 30.000 l\u01b0\u1ee3t kh\u00e1ch\/ng\u00e0y. Hi\u1ec7n t\u1ea1i, c\u1eeda kh\u1ea9u c\u00f3 trung b\u00ecnh h\u01a1n 2.000 l\u01b0\u1ee3t xe ra v\u00e0o\/ng\u00e0y v\u00e0 h\u01a1n 4.000 l\u01b0\u1ee3t kh\u00e1ch ra v\u00e0o\/ng\u00e0y.<\/p>\t\t\t\t\t\t\t\t<\/div>\n\t\t\t\t\t<\/div>\n\t\t<\/div>\n\t\t\t\t<div class=\"elementor-column elementor-col-50 elementor-top-column elementor-element elementor-element-0843cee cmsmasters-bg-hide-none cmsmasters-bg-hide-none\" data-id=\"0843cee\" data-element_type=\"column\" data-e-type=\"column\" data-settings=\"{&quot;background_background&quot;:&quot;classic&quot;}\">\n\t\t\t<div class=\"elementor-widget-wrap elementor-element-populated\">\n\t\t\t\t\t\t\t<\/div>\n\t\t<\/div>\n\t\t\t\t\t<\/div>\n\t\t<\/section>\n\t\t<div class=\"elementor-element elementor-element-18db11b e-flex e-con-boxed cmsmasters-block-default e-con e-parent\" data-id=\"18db11b\" data-element_type=\"container\" data-e-type=\"container\">\n\t\t\t\t\t<div class=\"e-con-inner\">\n\t\t<div class=\"elementor-element elementor-element-3afb6d7 e-grid e-con-full cmsmasters-block-default e-con e-child\" data-id=\"3afb6d7\" data-element_type=\"container\" data-e-type=\"container\">\n\t\t\t\t<div class=\"elementor-element elementor-element-f1ac29a cmsmasters-block-default cmsmasters-sticky-default elementor-widget elementor-widget-heading\" data-id=\"f1ac29a\" data-element_type=\"widget\" data-e-type=\"widget\" data-widget_type=\"heading.default\">\n\t\t\t\t\t<h1 class=\"elementor-heading-title elementor-size-default\">Th\u1eddi gian m\u1edf c\u1eeda c\u1ea3ng<\/h1>\t\t\t\t<\/div>\n\t\t<div class=\"elementor-element elementor-element-a567f4d e-con-full e-flex cmsmasters-block-default e-con e-child\" data-id=\"a567f4d\" data-element_type=\"container\" data-e-type=\"container\">\n\t\t<div class=\"elementor-element elementor-element-8fe395b e-con-full e-flex cmsmasters-block-default e-con e-child\" data-id=\"8fe395b\" data-element_type=\"container\" data-e-type=\"container\">\n\t\t<div class=\"elementor-element elementor-element-81be735 e-con-full e-flex cmsmasters-block-default e-con e-child\" data-id=\"81be735\" data-element_type=\"container\" data-e-type=\"container\" data-settings=\"{&quot;background_background&quot;:&quot;classic&quot;}\">\n\t\t\t\t<div class=\"elementor-element elementor-element-f51571f cmsmasters-block-default cmsmasters-sticky-default elementor-widget elementor-widget-heading\" data-id=\"f51571f\" data-element_type=\"widget\" data-e-type=\"widget\" data-widget_type=\"heading.default\">\n\t\t\t\t\t<h2 class=\"elementor-heading-title elementor-size-default\">Gi\u1edd m\u1edf c\u1eeda<\/h2>\t\t\t\t<\/div>\n\t\t\t\t<\/div>\n\t\t<div class=\"elementor-element elementor-element-aa8873b e-con-full e-flex cmsmasters-block-default e-con e-child\" data-id=\"aa8873b\" data-element_type=\"container\" data-e-type=\"container\">\n\t\t<div class=\"elementor-element elementor-element-d96f530 e-con-full e-flex cmsmasters-block-default e-con e-child\" data-id=\"d96f530\" data-element_type=\"container\" data-e-type=\"container\">\n\t\t<div class=\"elementor-element elementor-element-9c1ddbd e-con-full e-flex cmsmasters-block-default e-con e-child\" data-id=\"9c1ddbd\" data-element_type=\"container\" data-e-type=\"container\" data-settings=\"{&quot;background_background&quot;:&quot;classic&quot;}\">\n\t\t\t\t<div class=\"elementor-element elementor-element-528afe2 cmsmasters-block-default cmsmasters-sticky-default elementor-widget elementor-widget-heading\" data-id=\"528afe2\" data-element_type=\"widget\" data-e-type=\"widget\" data-widget_type=\"heading.default\">\n\t\t\t\t\t<h3 class=\"elementor-heading-title elementor-size-default\">07:00-22:00 (Ki\u1ec3m tra h\u00e0nh l\u00fd)<\/h3>\t\t\t\t<\/div>\n\t\t\t\t<\/div>\n\t\t<div class=\"elementor-element elementor-element-ff2a206 e-con-full e-flex cmsmasters-block-default e-con e-child\" data-id=\"ff2a206\" data-element_type=\"container\" data-e-type=\"container\" data-settings=\"{&quot;background_background&quot;:&quot;classic&quot;}\">\n\t\t\t\t<div class=\"elementor-element elementor-element-cd6412c cmsmasters-block-default cmsmasters-sticky-default elementor-widget elementor-widget-heading\" data-id=\"cd6412c\" data-element_type=\"widget\" data-e-type=\"widget\" data-widget_type=\"heading.default\">\n\t\t\t\t\t<h3 class=\"elementor-heading-title elementor-size-default\">07:00-22:00 (Ki\u1ec3m tra h\u00e0ng h\u00f3a)<\/h3>\t\t\t\t<\/div>\n\t\t\t\t<\/div>\n\t\t\t\t<\/div>\n\t\t\t\t<\/div>\n\t\t\t\t<\/div>\n\t\t\t\t<\/div>\n\t\t\t\t<\/div>\n\t\t\t\t\t<\/div>\n\t\t\t\t<\/div>\n\t\t\t\t<section class=\"elementor-section elementor-top-section elementor-element elementor-element-47ca6b3 elementor-section-content-middle elementor-reverse-tablet elementor-reverse-mobile elementor-section-boxed elementor-section-height-default elementor-section-height-default cmsmasters-block-default\" data-id=\"47ca6b3\" data-element_type=\"section\" data-e-type=\"section\">\n\t\t\t\t\t\t<div class=\"elementor-container elementor-column-gap-no\">\n\t\t\t\t\t<div class=\"elementor-column elementor-col-50 elementor-top-column elementor-element elementor-element-47d66b0\" data-id=\"47d66b0\" data-element_type=\"column\" data-e-type=\"column\">\n\t\t\t<div class=\"elementor-widget-wrap elementor-element-populated\">\n\t\t\t\t\t\t<div class=\"elementor-element elementor-element-c414333 cmsmasters-block-default cmsmasters-sticky-default elementor-widget elementor-widget-html\" data-id=\"c414333\" data-element_type=\"widget\" data-e-type=\"widget\" data-widget_type=\"html.default\">\n\t\t\t\t\t<iframe src=\"https:\/\/www.google.com\/maps\/embed?pb=!1m14!1m8!1m3!1d14740.454390998819!2d114.1107696!3d22.537417!3m2!1i1024!2i768!4f13.1!3m3!1m2!1s0x3403f5ecde42abad%3A0xb2883905a71317!2z5paH6ZSm5rih5Y-j5bK4!5e0!3m2!1szh-CN!2shk!4v1767012284851!5m2!1szh-CN!2shk\" width=\"600\" height=\"450\" style=\"border:0;\" allowfullscreen=\"\" loading=\"lazy\" referrerpolicy=\"no-referrer-when-downgrade\"><\/iframe>\t\t\t\t<\/div>\n\t\t\t\t\t<\/div>\n\t\t<\/div>\n\t\t\t\t<div class=\"elementor-column elementor-col-50 elementor-top-column elementor-element elementor-element-182b25d\" data-id=\"182b25d\" data-element_type=\"column\" data-e-type=\"column\" data-settings=\"{&quot;background_background&quot;:&quot;classic&quot;}\">\n\t\t\t<div class=\"elementor-widget-wrap elementor-element-populated\">\n\t\t\t\t\t\t<div class=\"elementor-element elementor-element-8e153e4 cmsmasters-block-default cmsmasters-sticky-default elementor-widget elementor-widget-heading\" data-id=\"8e153e4\" data-element_type=\"widget\" data-e-type=\"widget\" data-widget_type=\"heading.default\">\n\t\t\t\t\t<h2 class=\"elementor-heading-title elementor-size-default\">Li\u00ean h\u1ec7 v\u0103n ph\u00f2ng c\u1ea3ng<\/h2>\t\t\t\t<\/div>\n\t\t\t\t<div data-separate-animation-selector=\".cmsmasters-widget-icon-list-item\" data-text-animation-class=\"sequental, random, line, word, char\" class=\"elementor-element elementor-element-8b90a63 cmsmasters-widget-layout-column cmsmasters-value-position-inline cmsmasters-widget-align-column-left cmsmasters-widget-direction-default cmsmasters-widget-marker-element-icon cmsmasters-widget-marker-view-default cmsmasters-block-default cmsmasters-sticky-default elementor-widget elementor-widget-cmsmasters-icon-list cmsmasters-widget-icon-list\" data-id=\"8b90a63\" data-element_type=\"widget\" data-e-type=\"widget\" data-widget_type=\"cmsmasters-icon-list.default\">\n\t\t\t\t\t\t\t<ul class=\"cmsmasters-widget-icon-list-items\">\r\n\t\t\t\t\t\t\t<li class=\"cmsmasters-widget-icon-list-item active-icon-item\">\r\n\t\t\t\t\t\t\t\t<span class=\"cmsmasters-widget-icon-list-item-text-wrap\">\r\n\t\t\t\t\t\t\t\t\t\t\t<span class=\"cmsmasters-widget-icon-list-item-icon\">\r\n\t\t\t\t\t\t\t<span>\r\n\t\t\t\t\t\t\t\t\t\t\t\t\t\t\t\t\t<i aria-hidden=\"true\" class=\"cmsmsdemo-icon- cmsms-demo-icon-location-2\"><\/i>\t\t\t\t\t\t\t\t\t\t\t\t\t\t\t<\/span>\r\n\t\t\t\t\t\t<\/span>\r\n\t\t\t\t\t\t\t\t\t\t<span class=\"cmsmasters-widget-icon-list-item-text-inner elementor-repeater-item-fba7347\">\r\n\t\t\t\t\t\t<span class=\"cmsmasters-widget-icon-list-item-text\">\r\n\t\t\t\t\t\t\tS\u1ed1 3, \u0111\u01b0\u1eddng Xin'an, qu\u1eadn Luohu, th\u00e0nh ph\u1ed1 Th\u00e2m Quy\u1ebfn, t\u1ec9nh Qu\u1ea3ng \u0110\u00f4ng\t\t\t\t\t\t<\/span>\r\n\t\t\t\t\t\t\t\t\t\t\t<\/span>\r\n\t\t\t\t<\/span>\r\n\t\t\t\t\t\t\t\t<\/li>\r\n\t\t\t\t\t\t\t<li class=\"cmsmasters-widget-icon-list-item active-icon-item\">\r\n\t\t\t\t\t\t\t\t<span class=\"cmsmasters-widget-icon-list-item-text-wrap\">\r\n\t\t\t\t\t\t\t\t\t\t\t<span class=\"cmsmasters-widget-icon-list-item-icon\">\r\n\t\t\t\t\t\t\t<span>\r\n\t\t\t\t\t\t\t\t\t\t\t\t\t\t\t\t\t<i aria-hidden=\"true\" class=\"cmsmsdemo-icon- cmsms-demo-icon-mail-2\"><\/i>\t\t\t\t\t\t\t\t\t\t\t\t\t\t\t<\/span>\r\n\t\t\t\t\t\t<\/span>\r\n\t\t\t\t\t\t\t\t\t\t<span class=\"cmsmasters-widget-icon-list-item-text-inner elementor-repeater-item-3510781 active-link-item\">\r\n\t\t\t\t\t\t<span class=\"cmsmasters-widget-icon-list-item-text cmsmasters-widget-icon-list-item-text\">\r\n\t\t\t\t\t\t\t<a href=\"mailto:wjdxxgk@customs.gov.cn\">wjdxxgk@customs.gov.cn<\/a>\t\t\t\t\t\t<\/span>\r\n\t\t\t\t\t\t\t\t\t\t\t<\/span>\r\n\t\t\t\t<\/span>\r\n\t\t\t\t\t\t\t\t<\/li>\r\n\t\t\t\t\t\t\t<li class=\"cmsmasters-widget-icon-list-item active-icon-item\">\r\n\t\t\t\t\t\t\t\t<span class=\"cmsmasters-widget-icon-list-item-text-wrap\">\r\n\t\t\t\t\t\t\t\t\t\t\t<span class=\"cmsmasters-widget-icon-list-item-icon\">\r\n\t\t\t\t\t\t\t<span>\r\n\t\t\t\t\t\t\t\t\t\t\t\t\t\t\t\t\t<i aria-hidden=\"true\" class=\"cmsmsdemo-icon- cmsms-demo-icon-phone-2\"><\/i>\t\t\t\t\t\t\t\t\t\t\t\t\t\t\t<\/span>\r\n\t\t\t\t\t\t<\/span>\r\n\t\t\t\t\t\t\t\t\t\t<span class=\"cmsmasters-widget-icon-list-item-text-inner elementor-repeater-item-31b3bdf active-link-item\">\r\n\t\t\t\t\t\t<span class=\"cmsmasters-widget-icon-list-item-text cmsmasters-widget-icon-list-item-text cmsmasters-widget-icon-list-item-text\">\r\n\t\t\t\t\t\t\t<a href=\"tel:+86%20755%208439%206028\">+86 755 8439 6028<\/a>\t\t\t\t\t\t<\/span>\r\n\t\t\t\t\t\t\t\t\t\t\t<\/span>\r\n\t\t\t\t<\/span>\r\n\t\t\t\t\t\t\t\t<\/li>\r\n\t\t\t\t\t<\/ul>\r\n\t\t\t\t\t\t<\/div>\n\t\t\t\t\t<\/div>\n\t\t<\/div>\n\t\t\t\t\t<\/div>\n\t\t<\/section>\n\t\t\t\t<\/div>","protected":false},"excerpt":{"rendered":"<p>\u7cb5\u6e2f\u53e3\u5cb8 \u6587\u9326\u6e21\u53e3\u5cb8\u4f4d\u65bc\u5ee3\u6771\u7701\u6df1\u5733\u5e02\u7f85\u6e56\u5340\u9ec3\u8c9d\u8857\u9053\uff0c\u6771\u9130\u84ee\u5858\u53e3\u5cb8\uff0c\u897f\u63a5\u7f85\u6e56\u53e3\u5cb8\uff0c\u5317\u9760\u6cbf\u6cb3\u5357\u8def\uff0c\u5357\u9130\u6df1\u5733\u6cb3\uff0c\u4e5f\u662f&#8230;<\/p>","protected":false},"author":1,"featured_media":0,"parent":0,"menu_order":0,"comment_status":"closed","ping_status":"closed","template":"","meta":{"_acf_changed":false,"footnotes":""},"class_list":["post-13183","page","type-page","status-publish","hentry"],"acf":[],"_links":{"self":[{"href":"https:\/\/www.youcanenterprise.com\/vi\/wp-json\/wp\/v2\/pages\/13183","targetHints":{"allow":["GET"]}}],"collection":[{"href":"https:\/\/www.youcanenterprise.com\/vi\/wp-json\/wp\/v2\/pages"}],"about":[{"href":"https:\/\/www.youcanenterprise.com\/vi\/wp-json\/wp\/v2\/types\/page"}],"author":[{"embeddable":true,"href":"https:\/\/www.youcanenterprise.com\/vi\/wp-json\/wp\/v2\/users\/1"}],"replies":[{"embeddable":true,"href":"https:\/\/www.youcanenterprise.com\/vi\/wp-json\/wp\/v2\/comments?post=13183"}],"version-history":[{"count":19,"href":"https:\/\/www.youcanenterprise.com\/vi\/wp-json\/wp\/v2\/pages\/13183\/revisions"}],"predecessor-version":[{"id":13618,"href":"https:\/\/www.youcanenterprise.com\/vi\/wp-json\/wp\/v2\/pages\/13183\/revisions\/13618"}],"wp:attachment":[{"href":"https:\/\/www.youcanenterprise.com\/vi\/wp-json\/wp\/v2\/media?parent=13183"}],"curies":[{"name":"wp","href":"https:\/\/api.w.org\/{rel}","templated":true}]}}