{"id":13175,"date":"2025-12-27T00:02:14","date_gmt":"2025-12-26T16:02:14","guid":{"rendered":"https:\/\/www.youcanenterprise.com\/?page_id=13175"},"modified":"2026-01-26T12:44:39","modified_gmt":"2026-01-26T04:44:39","slug":"shatoujiao-port","status":"publish","type":"page","link":"https:\/\/www.youcanenterprise.com\/vi\/shatoujiao-port\/","title":{"rendered":"C\u1eeda kh\u1ea9u Sha Tau Kok"},"content":{"rendered":"<div data-elementor-type=\"wp-page\" data-elementor-id=\"13175\" class=\"elementor elementor-13175\" data-elementor-post-type=\"page\">\n\t\t\t\t\t\t<section class=\"elementor-section elementor-top-section elementor-element elementor-element-432a7f2 elementor-section-boxed elementor-section-height-default elementor-section-height-default cmsmasters-block-default\" data-id=\"432a7f2\" data-element_type=\"section\" data-e-type=\"section\">\n\t\t\t\t\t\t<div class=\"elementor-container elementor-column-gap-no\">\n\t\t\t\t\t<div class=\"elementor-column elementor-col-50 elementor-top-column elementor-element elementor-element-87d4f1f\" data-id=\"87d4f1f\" data-element_type=\"column\" data-e-type=\"column\" data-settings=\"{&quot;background_background&quot;:&quot;classic&quot;}\">\n\t\t\t<div class=\"elementor-widget-wrap elementor-element-populated\">\n\t\t\t\t\t\t<div class=\"elementor-element elementor-element-0a4d659 cmsmasters-block-default cmsmasters-sticky-default elementor-widget elementor-widget-heading\" data-id=\"0a4d659\" data-element_type=\"widget\" data-e-type=\"widget\" data-widget_type=\"heading.default\">\n\t\t\t\t\t<h4 class=\"elementor-heading-title elementor-size-default\">C\u1ea3ng Qu\u1ea3ng \u0110\u00f4ng\n<\/h4>\t\t\t\t<\/div>\n\t\t\t\t<div data-separate-animation-selector=\".cmsmasters-widget-title__heading\" data-text-animation-class=\"sequental, random, line, word, char\" class=\"elementor-element elementor-element-13be2b3 cmsmasters-line-clamp-no cmsmasters-color-variation-default cmsmasters-pointer-none cmsmasters-block-default cmsmasters-sticky-default elementor-widget elementor-widget-cmsmasters-post-title cmsmasters-widget-title\" data-id=\"13be2b3\" data-element_type=\"widget\" data-e-type=\"widget\" data-widget_type=\"cmsmasters-post-title.default\">\n\t\t\t\t\t<h2 class=\"entry-title cmsmasters-widget-title__heading\">C\u1eeda kh\u1ea9u Sha Tau Kok<\/h2>\t\t\t\t<\/div>\n\t\t\t\t<div class=\"elementor-element elementor-element-4e0520a cmsmasters-block-default cmsmasters-sticky-default elementor-widget elementor-widget-text-editor\" data-id=\"4e0520a\" data-element_type=\"widget\" data-e-type=\"widget\" data-widget_type=\"text-editor.default\">\n\t\t\t\t\t\t\t\t\t<p>C\u1eeda kh\u1ea9u Shatoujiao n\u1eb1m \u1edf ph\u00eda t\u00e2y Shatoujiao, qu\u1eadn Yantian, th\u00e0nh ph\u1ed1 Th\u00e2m Quy\u1ebfn, l\u00e0 c\u1eeda kh\u1ea9u h\u1ed7 tr\u1ee3 t\u1ed5ng h\u1ee3p cho h\u00e0nh kh\u00e1ch v\u00e0 h\u00e0ng h\u00f3a ph\u1ee5c v\u1ee5 qu\u1eadn Yantian, qu\u1eadn Longgang v\u00e0 khu v\u1ef1c ph\u00eda \u0111\u00f4ng \u0111\u1ed3ng b\u1eb1ng ch\u00e2u th\u1ed5 s\u00f4ng Ch\u00e2u Giang. Th\u00e1ng 9 n\u0103m 1984, c\u1ea3ng \u0111\u01b0\u1ee3c m\u1edf c\u1eeda cho n\u01b0\u1edbc ngo\u00e0i theo s\u1ef1 ph\u00ea duy\u1ec7t c\u1ee7a H\u1ed9i \u0111\u1ed3ng Nh\u00e0 n\u01b0\u1edbc, th\u00e1ng 3 n\u0103m 1985, c\u1ea3ng \u0111\u01b0\u1ee3c ho\u00e0n th\u00e0nh v\u00e0 \u0111\u01b0a v\u00e0o s\u1eed d\u1ee5ng, ng\u00e0y 28 th\u00e1ng 1 n\u0103m 2005, c\u00e2y c\u1ea7u xuy\u00ean bi\u00ean gi\u1edbi m\u1edbi c\u1ee7a c\u1ea3ng \u0111\u01b0\u1ee3c kh\u00e1nh th\u00e0nh. Hi\u1ec7n t\u1ea1i, c\u1ea3ng Shatoujiao \u00e1p d\u1ee5ng m\u00f4 h\u00ecnh ki\u1ec3m tra hai n\u01a1i, thi\u1ebft k\u1ebf l\u01b0u l\u01b0\u1ee3ng h\u00e0nh kh\u00e1ch l\u00e0 15.000 ng\u01b0\u1eddi\/ng\u00e0y, thi\u1ebft k\u1ebf l\u01b0u l\u01b0\u1ee3ng xe l\u00e0 15.000 xe\/ng\u00e0y.<\/p><p>C\u1eeda kh\u1ea9u Sha Tau Kok \u0111\u00e3 \u0111\u01b0\u1ee3c \u0111\u01b0a v\u00e0o s\u1eed d\u1ee5ng kho\u1ea3ng 40 n\u0103m. Sau khi c\u00e1c c\u01a1 quan qu\u1ea3n l\u00fd c\u1eeda kh\u1ea9u c\u1ee7a Th\u00e2m Quy\u1ebfn v\u00e0 H\u1ed3ng K\u00f4ng trao \u0111\u1ed5i ch\u1eb7t ch\u1ebd, vi\u1ec7c t\u00e1i thi\u1ebft c\u1eeda kh\u1ea9u Sha Tau Kok s\u1ebd \u0111\u01b0\u1ee3c thi\u1ebft k\u1ebf v\u1edbi c\u00f4ng su\u1ea5t th\u00f4ng quan 40.000 l\u01b0\u1ee3t kh\u00e1ch\/ng\u00e0y v\u00e0 2.500 l\u01b0\u1ee3t xe\/ng\u00e0y, t\u0103ng 26 l\u1ea7n so v\u1edbi c\u00f4ng su\u1ea5t hi\u1ec7n t\u1ea1i. Trong t\u01b0\u01a1ng lai, c\u1eeda kh\u1ea9u Shatoujiao s\u1ebd h\u1ee7y b\u1ecf ch\u1ee9c n\u0103ng v\u1eadn chuy\u1ec3n h\u00e0ng h\u00f3a, \u0111\u01b0\u1ee3c t\u00e1i thi\u1ebft th\u00e0nh c\u1eeda kh\u1ea9u ch\u1ec9 d\u00e0nh cho ki\u1ec3m tra h\u00e0nh kh\u00e1ch, ti\u1ebfp t\u1ee5c t\u1ed1i \u01b0u h\u00f3a b\u1ed1 tr\u00ed ch\u1ee9c n\u0103ng c\u1eeda kh\u1ea9u Th\u00e2m Quy\u1ebfn, h\u1ed7 tr\u1ee3 x\u00e2y d\u1ef1ng khu h\u1ee3p t\u00e1c ti\u00eau d\u00f9ng qu\u1ed1c t\u1ebf Shatoujiao-Th\u00e2m Quy\u1ebfn-H\u1ed3ng K\u00f4ng. Hi\u1ec7n t\u1ea1i, c\u1eeda kh\u1ea9u Shatoujiao \u0111\u00e3 b\u1eaft \u0111\u1ea7u c\u00f4ng vi\u1ec7c ph\u00e1 d\u1ee1.<\/p>\t\t\t\t\t\t\t\t<\/div>\n\t\t\t\t\t<\/div>\n\t\t<\/div>\n\t\t\t\t<div class=\"elementor-column elementor-col-50 elementor-top-column elementor-element elementor-element-fdcccd4 cmsmasters-bg-hide-none cmsmasters-bg-hide-none\" data-id=\"fdcccd4\" data-element_type=\"column\" data-e-type=\"column\" data-settings=\"{&quot;background_background&quot;:&quot;classic&quot;}\">\n\t\t\t<div class=\"elementor-widget-wrap elementor-element-populated\">\n\t\t\t\t\t\t\t<\/div>\n\t\t<\/div>\n\t\t\t\t\t<\/div>\n\t\t<\/section>\n\t\t<div class=\"elementor-element elementor-element-3352b0e e-flex e-con-boxed cmsmasters-block-default e-con e-parent\" data-id=\"3352b0e\" data-element_type=\"container\" data-e-type=\"container\">\n\t\t\t\t\t<div class=\"e-con-inner\">\n\t\t<div class=\"elementor-element elementor-element-98a42b1 e-grid e-con-full cmsmasters-block-default e-con e-child\" data-id=\"98a42b1\" data-element_type=\"container\" data-e-type=\"container\">\n\t\t\t\t<div class=\"elementor-element elementor-element-c6db66d cmsmasters-block-default cmsmasters-sticky-default elementor-widget elementor-widget-heading\" data-id=\"c6db66d\" data-element_type=\"widget\" data-e-type=\"widget\" data-widget_type=\"heading.default\">\n\t\t\t\t\t<h1 class=\"elementor-heading-title elementor-size-default\">Th\u1eddi gian m\u1edf c\u1eeda c\u1ea3ng<\/h1>\t\t\t\t<\/div>\n\t\t<div class=\"elementor-element elementor-element-dc62726 e-con-full e-flex cmsmasters-block-default e-con e-child\" data-id=\"dc62726\" data-element_type=\"container\" data-e-type=\"container\">\n\t\t<div class=\"elementor-element elementor-element-d858c2d e-con-full e-flex cmsmasters-block-default e-con e-child\" data-id=\"d858c2d\" data-element_type=\"container\" data-e-type=\"container\">\n\t\t<div class=\"elementor-element elementor-element-b204136 e-con-full e-flex cmsmasters-block-default e-con e-child\" data-id=\"b204136\" data-element_type=\"container\" data-e-type=\"container\" data-settings=\"{&quot;background_background&quot;:&quot;classic&quot;}\">\n\t\t\t\t<div class=\"elementor-element elementor-element-7f48322 cmsmasters-block-default cmsmasters-sticky-default elementor-widget elementor-widget-heading\" data-id=\"7f48322\" data-element_type=\"widget\" data-e-type=\"widget\" data-widget_type=\"heading.default\">\n\t\t\t\t\t<h2 class=\"elementor-heading-title elementor-size-default\">Gi\u1edd m\u1edf c\u1eeda<\/h2>\t\t\t\t<\/div>\n\t\t\t\t<\/div>\n\t\t<div class=\"elementor-element elementor-element-55d2493 e-con-full e-flex cmsmasters-block-default e-con e-child\" data-id=\"55d2493\" data-element_type=\"container\" data-e-type=\"container\">\n\t\t<div class=\"elementor-element elementor-element-dbc5efe e-con-full e-flex cmsmasters-block-default e-con e-child\" data-id=\"dbc5efe\" data-element_type=\"container\" data-e-type=\"container\">\n\t\t<div class=\"elementor-element elementor-element-e09728d e-con-full e-flex cmsmasters-block-default e-con e-child\" data-id=\"e09728d\" data-element_type=\"container\" data-e-type=\"container\" data-settings=\"{&quot;background_background&quot;:&quot;classic&quot;}\">\n\t\t\t\t<div class=\"elementor-element elementor-element-760d5c9 cmsmasters-block-default cmsmasters-sticky-default elementor-widget elementor-widget-heading\" data-id=\"760d5c9\" data-element_type=\"widget\" data-e-type=\"widget\" data-widget_type=\"heading.default\">\n\t\t\t\t\t<h3 class=\"elementor-heading-title elementor-size-default\">T\u1ea1m ng\u1eebng m\u1edf c\u1eeda (ki\u1ec3m tra du l\u1ecbch)<\/h3>\t\t\t\t<\/div>\n\t\t\t\t<\/div>\n\t\t<div class=\"elementor-element elementor-element-b30d9e4 e-con-full e-flex cmsmasters-block-default e-con e-child\" data-id=\"b30d9e4\" data-element_type=\"container\" data-e-type=\"container\" data-settings=\"{&quot;background_background&quot;:&quot;classic&quot;}\">\n\t\t\t\t<div class=\"elementor-element elementor-element-0b732b9 cmsmasters-block-default cmsmasters-sticky-default elementor-widget elementor-widget-heading\" data-id=\"0b732b9\" data-element_type=\"widget\" data-e-type=\"widget\" data-widget_type=\"heading.default\">\n\t\t\t\t\t<h3 class=\"elementor-heading-title elementor-size-default\">T\u1ea1m ng\u1eebng m\u1edf c\u1eeda (ki\u1ec3m tra h\u00e0ng h\u00f3a)<\/h3>\t\t\t\t<\/div>\n\t\t\t\t<\/div>\n\t\t\t\t<\/div>\n\t\t\t\t<\/div>\n\t\t\t\t<\/div>\n\t\t\t\t<\/div>\n\t\t\t\t<\/div>\n\t\t\t\t\t<\/div>\n\t\t\t\t<\/div>\n\t\t\t\t<section class=\"elementor-section elementor-top-section elementor-element elementor-element-23d1b0a elementor-section-content-middle elementor-reverse-tablet elementor-reverse-mobile elementor-section-boxed elementor-section-height-default elementor-section-height-default cmsmasters-block-default\" data-id=\"23d1b0a\" data-element_type=\"section\" data-e-type=\"section\">\n\t\t\t\t\t\t<div class=\"elementor-container elementor-column-gap-no\">\n\t\t\t\t\t<div class=\"elementor-column elementor-col-50 elementor-top-column elementor-element elementor-element-bc11d72\" data-id=\"bc11d72\" data-element_type=\"column\" data-e-type=\"column\">\n\t\t\t<div class=\"elementor-widget-wrap elementor-element-populated\">\n\t\t\t\t\t\t<div class=\"elementor-element elementor-element-9e51d52 cmsmasters-block-default cmsmasters-sticky-default elementor-widget elementor-widget-html\" data-id=\"9e51d52\" data-element_type=\"widget\" data-e-type=\"widget\" data-widget_type=\"html.default\">\n\t\t\t\t\t<iframe src=\"https:\/\/www.google.com\/maps\/embed?pb=!1m14!1m8!1m3!1d7369.558714609936!2d114.2194701!3d22.5499366!3m2!1i1024!2i768!4f13.1!3m3!1m2!1s0x34040b70b0238f97%3A0x852cda83dc71cc08!2z5rKZ5aS06KeS5Y-j5bK4!5e0!3m2!1szh-CN!2shk!4v1766998696565!5m2!1szh-CN!2shk\" width=\"600\" height=\"450\" style=\"border:0;\" allowfullscreen=\"\" loading=\"lazy\" referrerpolicy=\"no-referrer-when-downgrade\"><\/iframe>\t\t\t\t<\/div>\n\t\t\t\t\t<\/div>\n\t\t<\/div>\n\t\t\t\t<div class=\"elementor-column elementor-col-50 elementor-top-column elementor-element elementor-element-1ab8a60\" data-id=\"1ab8a60\" data-element_type=\"column\" data-e-type=\"column\" data-settings=\"{&quot;background_background&quot;:&quot;classic&quot;}\">\n\t\t\t<div class=\"elementor-widget-wrap elementor-element-populated\">\n\t\t\t\t\t\t<div class=\"elementor-element elementor-element-4c969be cmsmasters-block-default cmsmasters-sticky-default elementor-widget elementor-widget-heading\" data-id=\"4c969be\" data-element_type=\"widget\" data-e-type=\"widget\" data-widget_type=\"heading.default\">\n\t\t\t\t\t<h2 class=\"elementor-heading-title elementor-size-default\">Li\u00ean h\u1ec7 v\u0103n ph\u00f2ng c\u1ea3ng<\/h2>\t\t\t\t<\/div>\n\t\t\t\t<div data-separate-animation-selector=\".cmsmasters-widget-icon-list-item\" data-text-animation-class=\"sequental, random, line, word, char\" class=\"elementor-element elementor-element-e6e2e36 cmsmasters-widget-layout-column cmsmasters-value-position-inline cmsmasters-widget-align-column-left cmsmasters-widget-direction-default cmsmasters-widget-marker-element-icon cmsmasters-widget-marker-view-default cmsmasters-block-default cmsmasters-sticky-default elementor-widget elementor-widget-cmsmasters-icon-list cmsmasters-widget-icon-list\" data-id=\"e6e2e36\" data-element_type=\"widget\" data-e-type=\"widget\" data-widget_type=\"cmsmasters-icon-list.default\">\n\t\t\t\t\t\t\t<ul class=\"cmsmasters-widget-icon-list-items\">\r\n\t\t\t\t\t\t\t<li class=\"cmsmasters-widget-icon-list-item active-icon-item\">\r\n\t\t\t\t\t\t\t\t<span class=\"cmsmasters-widget-icon-list-item-text-wrap\">\r\n\t\t\t\t\t\t\t\t\t\t\t<span class=\"cmsmasters-widget-icon-list-item-icon\">\r\n\t\t\t\t\t\t\t<span>\r\n\t\t\t\t\t\t\t\t\t\t\t\t\t\t\t\t\t<i aria-hidden=\"true\" class=\"cmsmsdemo-icon- cmsms-demo-icon-location-2\"><\/i>\t\t\t\t\t\t\t\t\t\t\t\t\t\t\t<\/span>\r\n\t\t\t\t\t\t<\/span>\r\n\t\t\t\t\t\t\t\t\t\t<span class=\"cmsmasters-widget-icon-list-item-text-inner elementor-repeater-item-fba7347\">\r\n\t\t\t\t\t\t<span class=\"cmsmasters-widget-icon-list-item-text\">\r\n\t\t\t\t\t\t\tS\u1ed1 79, \u0111\u01b0\u1eddng Shasheng, qu\u1eadn Yantian, th\u00e0nh ph\u1ed1 Th\u00e2m Quy\u1ebfn\t\t\t\t\t\t<\/span>\r\n\t\t\t\t\t\t\t\t\t\t\t<\/span>\r\n\t\t\t\t<\/span>\r\n\t\t\t\t\t\t\t\t<\/li>\r\n\t\t\t\t\t\t\t<li class=\"cmsmasters-widget-icon-list-item active-icon-item\">\r\n\t\t\t\t\t\t\t\t<span class=\"cmsmasters-widget-icon-list-item-text-wrap\">\r\n\t\t\t\t\t\t\t\t\t\t\t<span class=\"cmsmasters-widget-icon-list-item-icon\">\r\n\t\t\t\t\t\t\t<span>\r\n\t\t\t\t\t\t\t\t\t\t\t\t\t\t\t\t\t<i aria-hidden=\"true\" class=\"cmsmsdemo-icon- cmsms-demo-icon-mail-2\"><\/i>\t\t\t\t\t\t\t\t\t\t\t\t\t\t\t<\/span>\r\n\t\t\t\t\t\t<\/span>\r\n\t\t\t\t\t\t\t\t\t\t<span class=\"cmsmasters-widget-icon-list-item-text-inner elementor-repeater-item-3510781 active-link-item\">\r\n\t\t\t\t\t\t<span class=\"cmsmasters-widget-icon-list-item-text cmsmasters-widget-icon-list-item-text\">\r\n\t\t\t\t\t\t\t<a href=\"mailto:stjhg@customs.gov.cn\">stjhg@customs.gov.cn<\/a>\t\t\t\t\t\t<\/span>\r\n\t\t\t\t\t\t\t\t\t\t\t<\/span>\r\n\t\t\t\t<\/span>\r\n\t\t\t\t\t\t\t\t<\/li>\r\n\t\t\t\t\t\t\t<li class=\"cmsmasters-widget-icon-list-item active-icon-item\">\r\n\t\t\t\t\t\t\t\t<span class=\"cmsmasters-widget-icon-list-item-text-wrap\">\r\n\t\t\t\t\t\t\t\t\t\t\t<span class=\"cmsmasters-widget-icon-list-item-icon\">\r\n\t\t\t\t\t\t\t<span>\r\n\t\t\t\t\t\t\t\t\t\t\t\t\t\t\t\t\t<i aria-hidden=\"true\" class=\"cmsmsdemo-icon- cmsms-demo-icon-phone-2\"><\/i>\t\t\t\t\t\t\t\t\t\t\t\t\t\t\t<\/span>\r\n\t\t\t\t\t\t<\/span>\r\n\t\t\t\t\t\t\t\t\t\t<span class=\"cmsmasters-widget-icon-list-item-text-inner elementor-repeater-item-31b3bdf active-link-item\">\r\n\t\t\t\t\t\t<span class=\"cmsmasters-widget-icon-list-item-text cmsmasters-widget-icon-list-item-text cmsmasters-widget-icon-list-item-text\">\r\n\t\t\t\t\t\t\t<a href=\"tel:+86%20755%202555%201519\">+86 755 2555 1519<\/a>\t\t\t\t\t\t<\/span>\r\n\t\t\t\t\t\t\t\t\t\t\t<\/span>\r\n\t\t\t\t<\/span>\r\n\t\t\t\t\t\t\t\t<\/li>\r\n\t\t\t\t\t<\/ul>\r\n\t\t\t\t\t\t<\/div>\n\t\t\t\t\t<\/div>\n\t\t<\/div>\n\t\t\t\t\t<\/div>\n\t\t<\/section>\n\t\t\t\t<\/div>","protected":false},"excerpt":{"rendered":"<p>\u7cb5\u6e2f\u53e3\u5cb8 \u6c99\u982d\u89d2\u53e3\u5cb8\u4f4d\u65bc\u6df1\u5733\u5e02\u9e7d\u7530\u5340\u6c99\u982d\u89d2\u897f\u9762\uff0c\u662f\u670d\u52d9\u65bc\u6df1\u5733\u5e02\u9e7d\u7530\u5340\u3001\u9f8d\u5d17\u5340\u53ca\u73e0\u6c5f\u4e09\u89d2\u6d32\u6771\u90e8\u5730\u5340\u7684\u8f14\u52a9\u6027\u5ba2\u8ca8\u7d9c&#8230;<\/p>","protected":false},"author":1,"featured_media":0,"parent":0,"menu_order":0,"comment_status":"closed","ping_status":"closed","template":"","meta":{"_acf_changed":false,"footnotes":""},"class_list":["post-13175","page","type-page","status-publish","hentry"],"acf":[],"_links":{"self":[{"href":"https:\/\/www.youcanenterprise.com\/vi\/wp-json\/wp\/v2\/pages\/13175","targetHints":{"allow":["GET"]}}],"collection":[{"href":"https:\/\/www.youcanenterprise.com\/vi\/wp-json\/wp\/v2\/pages"}],"about":[{"href":"https:\/\/www.youcanenterprise.com\/vi\/wp-json\/wp\/v2\/types\/page"}],"author":[{"embeddable":true,"href":"https:\/\/www.youcanenterprise.com\/vi\/wp-json\/wp\/v2\/users\/1"}],"replies":[{"embeddable":true,"href":"https:\/\/www.youcanenterprise.com\/vi\/wp-json\/wp\/v2\/comments?post=13175"}],"version-history":[{"count":25,"href":"https:\/\/www.youcanenterprise.com\/vi\/wp-json\/wp\/v2\/pages\/13175\/revisions"}],"predecessor-version":[{"id":13602,"href":"https:\/\/www.youcanenterprise.com\/vi\/wp-json\/wp\/v2\/pages\/13175\/revisions\/13602"}],"wp:attachment":[{"href":"https:\/\/www.youcanenterprise.com\/vi\/wp-json\/wp\/v2\/media?parent=13175"}],"curies":[{"name":"wp","href":"https:\/\/api.w.org\/{rel}","templated":true}]}}