{"id":13166,"date":"2025-12-26T23:48:10","date_gmt":"2025-12-26T15:48:10","guid":{"rendered":"https:\/\/www.youcanenterprise.com\/?page_id=13166"},"modified":"2026-01-26T12:41:49","modified_gmt":"2026-01-26T04:41:49","slug":"shenzhenwan-port","status":"publish","type":"page","link":"https:\/\/www.youcanenterprise.com\/vi\/shenzhenwan-port\/","title":{"rendered":"C\u1eeda kh\u1ea9u Th\u00e2m Quy\u1ebfn"},"content":{"rendered":"<div data-elementor-type=\"wp-page\" data-elementor-id=\"13166\" class=\"elementor elementor-13166\" data-elementor-post-type=\"page\">\n\t\t\t\t\t\t<section class=\"elementor-section elementor-top-section elementor-element elementor-element-b9b7477 elementor-section-boxed elementor-section-height-default elementor-section-height-default cmsmasters-block-default\" data-id=\"b9b7477\" data-element_type=\"section\" data-e-type=\"section\">\n\t\t\t\t\t\t<div class=\"elementor-container elementor-column-gap-no\">\n\t\t\t\t\t<div class=\"elementor-column elementor-col-50 elementor-top-column elementor-element elementor-element-39a3123\" data-id=\"39a3123\" data-element_type=\"column\" data-e-type=\"column\" data-settings=\"{&quot;background_background&quot;:&quot;classic&quot;}\">\n\t\t\t<div class=\"elementor-widget-wrap elementor-element-populated\">\n\t\t\t\t\t\t<div class=\"elementor-element elementor-element-df9c0eb cmsmasters-block-default cmsmasters-sticky-default elementor-widget elementor-widget-heading\" data-id=\"df9c0eb\" data-element_type=\"widget\" data-e-type=\"widget\" data-widget_type=\"heading.default\">\n\t\t\t\t\t<h4 class=\"elementor-heading-title elementor-size-default\">C\u1ea3ng Qu\u1ea3ng \u0110\u00f4ng\n<\/h4>\t\t\t\t<\/div>\n\t\t\t\t<div data-separate-animation-selector=\".cmsmasters-widget-title__heading\" data-text-animation-class=\"sequental, random, line, word, char\" class=\"elementor-element elementor-element-c512c84 cmsmasters-line-clamp-no cmsmasters-color-variation-default cmsmasters-pointer-none cmsmasters-block-default cmsmasters-sticky-default elementor-widget elementor-widget-cmsmasters-post-title cmsmasters-widget-title\" data-id=\"c512c84\" data-element_type=\"widget\" data-e-type=\"widget\" data-widget_type=\"cmsmasters-post-title.default\">\n\t\t\t\t\t<h2 class=\"entry-title cmsmasters-widget-title__heading\">C\u1eeda kh\u1ea9u Th\u00e2m Quy\u1ebfn<\/h2>\t\t\t\t<\/div>\n\t\t\t\t<div class=\"elementor-element elementor-element-befb0d4 cmsmasters-block-default cmsmasters-sticky-default elementor-widget elementor-widget-text-editor\" data-id=\"befb0d4\" data-element_type=\"widget\" data-e-type=\"widget\" data-widget_type=\"text-editor.default\">\n\t\t\t\t\t\t\t\t\t<p>C\u1eeda kh\u1ea9u Th\u00e2m Quy\u1ebfn V\u1ecbnh l\u00e0 c\u1eeda kh\u1ea9u \u0111\u01b0\u1eddng b\u1ed9 t\u1ed5ng h\u1ee3p l\u1edbn nh\u1ea5t ch\u00e2u \u00c1 hi\u1ec7n nay, n\u1eb1m \u1edf \u0110\u00f4ng Gi\u00e1c \u0110\u1ea7u, Th\u00e2m Quy\u1ebfn, bao g\u1ed3m ba ph\u1ea7n ch\u00ednh l\u00e0 khu v\u1ef1c c\u1eeda kh\u1ea9u, c\u1ea7u Th\u00e2m Quy\u1ebfn V\u1ecbnh v\u00e0 \u0111\u01b0\u1eddng n\u1ed1i, n\u1ed1i li\u1ec1n v\u1edbi H\u1ed3ng K\u00f4ng qua c\u1ea7u Th\u00e2m Quy\u1ebfn V\u1ecbnh. C\u1eeda kh\u1ea9u c\u00f3 di\u1ec7n t\u00edch 117,9 ha (trong \u0111\u00f3 khu v\u1ef1c c\u1eeda kh\u1ea9u H\u1ed3ng K\u00f4ng l\u00e0 41,6 ha, khu v\u1ef1c c\u1eeda kh\u1ea9u Th\u00e2m Quy\u1ebfn l\u00e0 76,3 ha). C\u1eeda kh\u1ea9u Shenzhen Bay ch\u00ednh th\u1ee9c \u0111i v\u00e0o ho\u1ea1t \u0111\u1ed9ng v\u00e0o ng\u00e0y 1 th\u00e1ng 7 n\u0103m 2007, l\u00e0 c\u1eeda kh\u1ea9u \u0111\u01b0\u1eddng b\u1ed9 \u0111\u1ea7u ti\u00ean \u1edf Trung Qu\u1ed1c ho\u1ea1t \u0111\u1ed9ng theo m\u00f4 h\u00ecnh ki\u1ec3m tra \u201cm\u1ed9t \u0111\u1ecba \u0111i\u1ec3m, hai l\u1ea7n ki\u1ec3m tra\u201d. C\u00f4ng su\u1ea5t thi\u1ebft k\u1ebf l\u00e0 60.000 l\u01b0\u1ee3t kh\u00e1ch\/ng\u00e0y, 58.700 l\u01b0\u1ee3t xe\/ng\u00e0y (trong \u0111\u00f3 c\u00f3 43.200 l\u01b0\u1ee3t xe t\u1ea3i\/ng\u00e0y, 1.500 l\u01b0\u1ee3t xe kh\u00e1ch\/ng\u00e0y, 14.000 l\u01b0\u1ee3t xe \u00f4 t\u00f4\/ng\u00e0y) . Trong t\u00f2a nh\u00e0 ki\u1ec3m tra h\u00e0nh kh\u00e1ch c\u1ee7a c\u1ea3ng c\u00f3 t\u1ed5ng c\u1ed9ng 62 l\u00e0n ki\u1ec3m tra xu\u1ea5t c\u1ea3nh (15 l\u00e0n th\u1ee7 c\u00f4ng, 47 l\u00e0n t\u1ef1 \u0111\u1ed9ng) v\u00e0 55 l\u00e0n ki\u1ec3m tra nh\u1eadp c\u1ea3nh (17 l\u00e0n th\u1ee7 c\u00f4ng, 38 l\u00e0n t\u1ef1 \u0111\u1ed9ng).<\/p><p>H\u1ea3i quan v\u00e0 ki\u1ec3m so\u00e1t bi\u00ean gi\u1edbi l\u1ea7n l\u01b0\u1ee3t thi\u1ebft l\u1eadp 17 l\u00e0n \u0111\u01b0\u1eddng d\u00e0nh cho xe \u00f4 t\u00f4 nh\u1ecf v\u00e0 2 l\u00e0n \u0111\u01b0\u1eddng d\u00e0nh cho xe kh\u00e1ch l\u1edbn t\u1ea1i c\u00e1c l\u00e0n \u0111\u01b0\u1eddng ki\u1ec3m tra xu\u1ea5t nh\u1eadp c\u1ea3nh d\u00e0nh cho xe \u00f4 t\u00f4. T\u1ea1i c\u00e1c l\u00e0n \u0111\u01b0\u1eddng ki\u1ec3m tra xu\u1ea5t c\u1ea3nh d\u00e0nh cho xe t\u1ea3i, h\u1ea3i quan thi\u1ebft l\u1eadp 27 l\u00e0n \u0111\u01b0\u1eddng, ki\u1ec3m so\u00e1t bi\u00ean gi\u1edbi thi\u1ebft l\u1eadp 22 l\u00e0n \u0111\u01b0\u1eddng; t\u1ea1i c\u00e1c l\u00e0n \u0111\u01b0\u1eddng ki\u1ec3m tra nh\u1eadp c\u1ea3nh d\u00e0nh cho xe t\u1ea3i, h\u1ea3i quan thi\u1ebft l\u1eadp 26 l\u00e0n \u0111\u01b0\u1eddng, ki\u1ec3m so\u00e1t bi\u00ean gi\u1edbi thi\u1ebft l\u1eadp 22 l\u00e0n \u0111\u01b0\u1eddng; h\u1ea3i quan thi\u1ebft l\u1eadp 12 l\u00e0n \u0111\u01b0\u1eddng t\u1ea1i l\u00e0n \u0111\u01b0\u1eddng th\u1ee9 hai. C\u00e1c c\u01a1 quan ki\u1ec3m tra t\u1ea1i c\u1eeda kh\u1ea9u bao g\u1ed3m h\u1ea3i quan, ki\u1ec3m so\u00e1t bi\u00ean gi\u1edbi, c\u00e1c \u0111\u01a1n v\u1ecb kinh doanh bao g\u1ed3m ng\u00e2n h\u00e0ng, c\u1eeda h\u00e0ng mi\u1ec5n thu\u1ebf, v.v.<\/p>\t\t\t\t\t\t\t\t<\/div>\n\t\t\t\t\t<\/div>\n\t\t<\/div>\n\t\t\t\t<div class=\"elementor-column elementor-col-50 elementor-top-column elementor-element elementor-element-eeee8d2 cmsmasters-bg-hide-none cmsmasters-bg-hide-none\" data-id=\"eeee8d2\" data-element_type=\"column\" data-e-type=\"column\" data-settings=\"{&quot;background_background&quot;:&quot;classic&quot;}\">\n\t\t\t<div class=\"elementor-widget-wrap elementor-element-populated\">\n\t\t\t\t\t\t\t<\/div>\n\t\t<\/div>\n\t\t\t\t\t<\/div>\n\t\t<\/section>\n\t\t<div class=\"elementor-element elementor-element-e327346 e-flex e-con-boxed cmsmasters-block-default e-con e-parent\" data-id=\"e327346\" data-element_type=\"container\" data-e-type=\"container\">\n\t\t\t\t\t<div class=\"e-con-inner\">\n\t\t<div class=\"elementor-element elementor-element-e7d54bf e-grid e-con-full cmsmasters-block-default e-con e-child\" data-id=\"e7d54bf\" data-element_type=\"container\" data-e-type=\"container\">\n\t\t\t\t<div class=\"elementor-element elementor-element-3447ea6 cmsmasters-block-default cmsmasters-sticky-default elementor-widget elementor-widget-heading\" data-id=\"3447ea6\" data-element_type=\"widget\" data-e-type=\"widget\" data-widget_type=\"heading.default\">\n\t\t\t\t\t<h1 class=\"elementor-heading-title elementor-size-default\">Th\u1eddi gian m\u1edf c\u1eeda c\u1ea3ng<\/h1>\t\t\t\t<\/div>\n\t\t<div class=\"elementor-element elementor-element-bd1048d e-con-full e-flex cmsmasters-block-default e-con e-child\" data-id=\"bd1048d\" data-element_type=\"container\" data-e-type=\"container\">\n\t\t<div class=\"elementor-element elementor-element-9e76762 e-con-full e-flex cmsmasters-block-default e-con e-child\" data-id=\"9e76762\" data-element_type=\"container\" data-e-type=\"container\">\n\t\t<div class=\"elementor-element elementor-element-fbc4c01 e-con-full e-flex cmsmasters-block-default e-con e-child\" data-id=\"fbc4c01\" data-element_type=\"container\" data-e-type=\"container\" data-settings=\"{&quot;background_background&quot;:&quot;classic&quot;}\">\n\t\t\t\t<div class=\"elementor-element elementor-element-7cf5dc5 cmsmasters-block-default cmsmasters-sticky-default elementor-widget elementor-widget-heading\" data-id=\"7cf5dc5\" data-element_type=\"widget\" data-e-type=\"widget\" data-widget_type=\"heading.default\">\n\t\t\t\t\t<h2 class=\"elementor-heading-title elementor-size-default\">Gi\u1edd m\u1edf c\u1eeda<\/h2>\t\t\t\t<\/div>\n\t\t\t\t<\/div>\n\t\t<div class=\"elementor-element elementor-element-bdcaac7 e-con-full e-flex cmsmasters-block-default e-con e-child\" data-id=\"bdcaac7\" data-element_type=\"container\" data-e-type=\"container\">\n\t\t<div class=\"elementor-element elementor-element-45d5f90 e-con-full e-flex cmsmasters-block-default e-con e-child\" data-id=\"45d5f90\" data-element_type=\"container\" data-e-type=\"container\">\n\t\t<div class=\"elementor-element elementor-element-90d394d e-con-full e-flex cmsmasters-block-default e-con e-child\" data-id=\"90d394d\" data-element_type=\"container\" data-e-type=\"container\" data-settings=\"{&quot;background_background&quot;:&quot;classic&quot;}\">\n\t\t\t\t<div class=\"elementor-element elementor-element-dd91fe1 cmsmasters-block-default cmsmasters-sticky-default elementor-widget elementor-widget-heading\" data-id=\"dd91fe1\" data-element_type=\"widget\" data-e-type=\"widget\" data-widget_type=\"heading.default\">\n\t\t\t\t\t<h3 class=\"elementor-heading-title elementor-size-default\">06:30-24:00 (Ki\u1ec3m tra h\u00e0nh l\u00fd)<\/h3>\t\t\t\t<\/div>\n\t\t\t\t<\/div>\n\t\t<div class=\"elementor-element elementor-element-373622f e-con-full e-flex cmsmasters-block-default e-con e-child\" data-id=\"373622f\" data-element_type=\"container\" data-e-type=\"container\" data-settings=\"{&quot;background_background&quot;:&quot;classic&quot;}\">\n\t\t\t\t<div class=\"elementor-element elementor-element-85ed54d cmsmasters-block-default cmsmasters-sticky-default elementor-widget elementor-widget-heading\" data-id=\"85ed54d\" data-element_type=\"widget\" data-e-type=\"widget\" data-widget_type=\"heading.default\">\n\t\t\t\t\t<h3 class=\"elementor-heading-title elementor-size-default\">00:00-24:00 (Ki\u1ec3m tra h\u00e0ng h\u00f3a)<\/h3>\t\t\t\t<\/div>\n\t\t\t\t<\/div>\n\t\t\t\t<\/div>\n\t\t\t\t<\/div>\n\t\t\t\t<\/div>\n\t\t\t\t<\/div>\n\t\t\t\t<\/div>\n\t\t\t\t\t<\/div>\n\t\t\t\t<\/div>\n\t\t\t\t<section class=\"elementor-section elementor-top-section elementor-element elementor-element-306b2b3 elementor-section-content-middle elementor-reverse-tablet elementor-reverse-mobile elementor-section-boxed elementor-section-height-default elementor-section-height-default cmsmasters-block-default\" data-id=\"306b2b3\" data-element_type=\"section\" data-e-type=\"section\">\n\t\t\t\t\t\t<div class=\"elementor-container elementor-column-gap-no\">\n\t\t\t\t\t<div class=\"elementor-column elementor-col-50 elementor-top-column elementor-element elementor-element-4554354\" data-id=\"4554354\" data-element_type=\"column\" data-e-type=\"column\">\n\t\t\t<div class=\"elementor-widget-wrap elementor-element-populated\">\n\t\t\t\t\t\t<div class=\"elementor-element elementor-element-c240dfa cmsmasters-block-default cmsmasters-sticky-default elementor-widget elementor-widget-html\" data-id=\"c240dfa\" data-element_type=\"widget\" data-e-type=\"widget\" data-widget_type=\"html.default\">\n\t\t\t\t\t<iframe src=\"https:\/\/www.google.com\/maps\/embed?pb=!1m14!1m8!1m3!1d117956.46645308429!2d113.8704821!3d22.4989458!3m2!1i1024!2i768!4f13.1!3m3!1m2!1s0x3403ee2ba6bedccb%3A0x2bace774ba0d6a37!2z5rex5Zyz5rm-5Y-j5bK4!5e0!3m2!1szh-CN!2shk!4v1766998256640!5m2!1szh-CN!2shk\" width=\"600\" height=\"450\" style=\"border:0;\" allowfullscreen=\"\" loading=\"lazy\" referrerpolicy=\"no-referrer-when-downgrade\"><\/iframe>\t\t\t\t<\/div>\n\t\t\t\t\t<\/div>\n\t\t<\/div>\n\t\t\t\t<div class=\"elementor-column elementor-col-50 elementor-top-column elementor-element elementor-element-6bded84\" data-id=\"6bded84\" data-element_type=\"column\" data-e-type=\"column\" data-settings=\"{&quot;background_background&quot;:&quot;classic&quot;}\">\n\t\t\t<div class=\"elementor-widget-wrap elementor-element-populated\">\n\t\t\t\t\t\t<div class=\"elementor-element elementor-element-2e09d69 cmsmasters-block-default cmsmasters-sticky-default elementor-widget elementor-widget-heading\" data-id=\"2e09d69\" data-element_type=\"widget\" data-e-type=\"widget\" data-widget_type=\"heading.default\">\n\t\t\t\t\t<h2 class=\"elementor-heading-title elementor-size-default\">Li\u00ean h\u1ec7 v\u0103n ph\u00f2ng c\u1ea3ng<\/h2>\t\t\t\t<\/div>\n\t\t\t\t<div data-separate-animation-selector=\".cmsmasters-widget-icon-list-item\" data-text-animation-class=\"sequental, random, line, word, char\" class=\"elementor-element elementor-element-a2a6efc cmsmasters-widget-layout-column cmsmasters-value-position-inline cmsmasters-widget-align-column-left cmsmasters-widget-direction-default cmsmasters-widget-marker-element-icon cmsmasters-widget-marker-view-default cmsmasters-block-default cmsmasters-sticky-default elementor-widget elementor-widget-cmsmasters-icon-list cmsmasters-widget-icon-list\" data-id=\"a2a6efc\" data-element_type=\"widget\" data-e-type=\"widget\" data-widget_type=\"cmsmasters-icon-list.default\">\n\t\t\t\t\t\t\t<ul class=\"cmsmasters-widget-icon-list-items\">\r\n\t\t\t\t\t\t\t<li class=\"cmsmasters-widget-icon-list-item active-icon-item\">\r\n\t\t\t\t\t\t\t\t<span class=\"cmsmasters-widget-icon-list-item-text-wrap\">\r\n\t\t\t\t\t\t\t\t\t\t\t<span class=\"cmsmasters-widget-icon-list-item-icon\">\r\n\t\t\t\t\t\t\t<span>\r\n\t\t\t\t\t\t\t\t\t\t\t\t\t\t\t\t\t<i aria-hidden=\"true\" class=\"cmsmsdemo-icon- cmsms-demo-icon-location-2\"><\/i>\t\t\t\t\t\t\t\t\t\t\t\t\t\t\t<\/span>\r\n\t\t\t\t\t\t<\/span>\r\n\t\t\t\t\t\t\t\t\t\t<span class=\"cmsmasters-widget-icon-list-item-text-inner elementor-repeater-item-fba7347\">\r\n\t\t\t\t\t\t<span class=\"cmsmasters-widget-icon-list-item-text\">\r\n\t\t\t\t\t\t\tKhu v\u1ef1c c\u1ea3ng Shenzhen Bay Port\t\t\t\t\t\t<\/span>\r\n\t\t\t\t\t\t\t\t\t\t\t<\/span>\r\n\t\t\t\t<\/span>\r\n\t\t\t\t\t\t\t\t<\/li>\r\n\t\t\t\t\t\t\t<li class=\"cmsmasters-widget-icon-list-item active-icon-item\">\r\n\t\t\t\t\t\t\t\t<span class=\"cmsmasters-widget-icon-list-item-text-wrap\">\r\n\t\t\t\t\t\t\t\t\t\t\t<span class=\"cmsmasters-widget-icon-list-item-icon\">\r\n\t\t\t\t\t\t\t<span>\r\n\t\t\t\t\t\t\t\t\t\t\t\t\t\t\t\t\t<i aria-hidden=\"true\" class=\"cmsmsdemo-icon- cmsms-demo-icon-mail-2\"><\/i>\t\t\t\t\t\t\t\t\t\t\t\t\t\t\t<\/span>\r\n\t\t\t\t\t\t<\/span>\r\n\t\t\t\t\t\t\t\t\t\t<span class=\"cmsmasters-widget-icon-list-item-text-inner elementor-repeater-item-3510781 active-link-item\">\r\n\t\t\t\t\t\t<span class=\"cmsmasters-widget-icon-list-item-text cmsmasters-widget-icon-list-item-text\">\r\n\t\t\t\t\t\t\t<a href=\"mailto:enquiry@immd.gov.hk\">enquiry@immd.gov.hk<\/a>\t\t\t\t\t\t<\/span>\r\n\t\t\t\t\t\t\t\t\t\t\t<\/span>\r\n\t\t\t\t<\/span>\r\n\t\t\t\t\t\t\t\t<\/li>\r\n\t\t\t\t\t\t\t<li class=\"cmsmasters-widget-icon-list-item active-icon-item\">\r\n\t\t\t\t\t\t\t\t<span class=\"cmsmasters-widget-icon-list-item-text-wrap\">\r\n\t\t\t\t\t\t\t\t\t\t\t<span class=\"cmsmasters-widget-icon-list-item-icon\">\r\n\t\t\t\t\t\t\t<span>\r\n\t\t\t\t\t\t\t\t\t\t\t\t\t\t\t\t\t<i aria-hidden=\"true\" class=\"cmsmsdemo-icon- cmsms-demo-icon-phone-2\"><\/i>\t\t\t\t\t\t\t\t\t\t\t\t\t\t\t<\/span>\r\n\t\t\t\t\t\t<\/span>\r\n\t\t\t\t\t\t\t\t\t\t<span class=\"cmsmasters-widget-icon-list-item-text-inner elementor-repeater-item-31b3bdf active-link-item\">\r\n\t\t\t\t\t\t<span class=\"cmsmasters-widget-icon-list-item-text cmsmasters-widget-icon-list-item-text cmsmasters-widget-icon-list-item-text\">\r\n\t\t\t\t\t\t\t<a href=\"tel:+852%203154%206567\">+852 3154 6567<\/a>\t\t\t\t\t\t<\/span>\r\n\t\t\t\t\t\t\t\t\t\t\t<\/span>\r\n\t\t\t\t<\/span>\r\n\t\t\t\t\t\t\t\t<\/li>\r\n\t\t\t\t\t<\/ul>\r\n\t\t\t\t\t\t<\/div>\n\t\t\t\t\t<\/div>\n\t\t<\/div>\n\t\t\t\t\t<\/div>\n\t\t<\/section>\n\t\t<div class=\"elementor-element elementor-element-9357913 e-flex e-con-boxed cmsmasters-block-default e-con e-parent\" data-id=\"9357913\" data-element_type=\"container\" data-e-type=\"container\">\n\t\t\t\t\t<div class=\"e-con-inner\">\n\t\t\t\t\t<\/div>\n\t\t\t\t<\/div>\n\t\t\t\t<\/div>","protected":false},"excerpt":{"rendered":"<p>\u7cb5\u6e2f\u53e3\u5cb8 \u6df1\u5733\u7063\u53e3\u5cb8\u662f\u76ee\u524d\u4e9e\u6d32\u6700\u5927\u7684\u5ba2\u8ca8\u7d9c\u5408\u6027\u516c\u8def\u53e3\u5cb8\uff0c\u4f4d\u65bc\u6df1\u5733\u5e02\u86c7\u53e3\u6771\u89d2\u982d\uff0c\u7531\u53e3\u5cb8\u5340\u3001\u6df1\u5733\u7063\u5927\u6a4b\u3001\u9023\u63a5\u7dda\u4e09\u5927&#8230;<\/p>","protected":false},"author":1,"featured_media":0,"parent":0,"menu_order":0,"comment_status":"closed","ping_status":"closed","template":"","meta":{"_acf_changed":false,"footnotes":""},"class_list":["post-13166","page","type-page","status-publish","hentry"],"acf":[],"_links":{"self":[{"href":"https:\/\/www.youcanenterprise.com\/vi\/wp-json\/wp\/v2\/pages\/13166","targetHints":{"allow":["GET"]}}],"collection":[{"href":"https:\/\/www.youcanenterprise.com\/vi\/wp-json\/wp\/v2\/pages"}],"about":[{"href":"https:\/\/www.youcanenterprise.com\/vi\/wp-json\/wp\/v2\/types\/page"}],"author":[{"embeddable":true,"href":"https:\/\/www.youcanenterprise.com\/vi\/wp-json\/wp\/v2\/users\/1"}],"replies":[{"embeddable":true,"href":"https:\/\/www.youcanenterprise.com\/vi\/wp-json\/wp\/v2\/comments?post=13166"}],"version-history":[{"count":22,"href":"https:\/\/www.youcanenterprise.com\/vi\/wp-json\/wp\/v2\/pages\/13166\/revisions"}],"predecessor-version":[{"id":13599,"href":"https:\/\/www.youcanenterprise.com\/vi\/wp-json\/wp\/v2\/pages\/13166\/revisions\/13599"}],"wp:attachment":[{"href":"https:\/\/www.youcanenterprise.com\/vi\/wp-json\/wp\/v2\/media?parent=13166"}],"curies":[{"name":"wp","href":"https:\/\/api.w.org\/{rel}","templated":true}]}}