{"id":13149,"date":"2025-12-26T23:37:54","date_gmt":"2025-12-26T15:37:54","guid":{"rendered":"https:\/\/www.youcanenterprise.com\/?page_id=13149"},"modified":"2026-01-27T00:21:26","modified_gmt":"2026-01-26T16:21:26","slug":"liantang-port","status":"publish","type":"page","link":"https:\/\/www.youcanenterprise.com\/vi\/liantang-port\/","title":{"rendered":"C\u1eeda kh\u1ea9u Liantang"},"content":{"rendered":"<div data-elementor-type=\"wp-page\" data-elementor-id=\"13149\" class=\"elementor elementor-13149\" data-elementor-post-type=\"page\">\n\t\t\t\t\t\t<section class=\"elementor-section elementor-top-section elementor-element elementor-element-7feefe0 elementor-section-boxed elementor-section-height-default elementor-section-height-default cmsmasters-block-default\" data-id=\"7feefe0\" data-element_type=\"section\" data-e-type=\"section\">\n\t\t\t\t\t\t<div class=\"elementor-container elementor-column-gap-no\">\n\t\t\t\t\t<div class=\"elementor-column elementor-col-50 elementor-top-column elementor-element elementor-element-9f93c76\" data-id=\"9f93c76\" data-element_type=\"column\" data-e-type=\"column\" data-settings=\"{&quot;background_background&quot;:&quot;classic&quot;}\">\n\t\t\t<div class=\"elementor-widget-wrap elementor-element-populated\">\n\t\t\t\t\t\t<div class=\"elementor-element elementor-element-862cccc cmsmasters-block-default cmsmasters-sticky-default elementor-widget elementor-widget-heading\" data-id=\"862cccc\" data-element_type=\"widget\" data-e-type=\"widget\" data-widget_type=\"heading.default\">\n\t\t\t\t\t<h4 class=\"elementor-heading-title elementor-size-default\">C\u1ea3ng Qu\u1ea3ng \u0110\u00f4ng\n<\/h4>\t\t\t\t<\/div>\n\t\t\t\t<div data-separate-animation-selector=\".cmsmasters-widget-title__heading\" data-text-animation-class=\"sequental, random, line, word, char\" class=\"elementor-element elementor-element-00941a3 cmsmasters-line-clamp-no cmsmasters-color-variation-default cmsmasters-pointer-none cmsmasters-block-default cmsmasters-sticky-default elementor-widget elementor-widget-cmsmasters-post-title cmsmasters-widget-title\" data-id=\"00941a3\" data-element_type=\"widget\" data-e-type=\"widget\" data-widget_type=\"cmsmasters-post-title.default\">\n\t\t\t\t\t<h2 class=\"entry-title cmsmasters-widget-title__heading\">C\u1eeda kh\u1ea9u Liantang<\/h2>\t\t\t\t<\/div>\n\t\t\t\t<div class=\"elementor-element elementor-element-c96d269 cmsmasters-block-default cmsmasters-sticky-default elementor-widget elementor-widget-text-editor\" data-id=\"c96d269\" data-element_type=\"widget\" data-e-type=\"widget\" data-widget_type=\"text-editor.default\">\n\t\t\t\t\t\t\t\t\t<p>C\u1eeda kh\u1ea9u Liantang n\u1eb1m \u1edf \u0111\u01b0\u1eddng Liantang, qu\u1eadn Luohu, th\u00e0nh ph\u1ed1 Th\u00e2m Quy\u1ebfn, t\u1ec9nh Qu\u1ea3ng \u0110\u00f4ng, ph\u00eda b\u1eafc gi\u00e1p \u0111\u01b0\u1eddng Luosha, ph\u00eda nam gi\u00e1p s\u00f4ng Th\u00e2m Quy\u1ebfn, \u0111\u01b0\u1ee3c g\u1ecdi l\u00e0 \u201cTr\u1ea1m ki\u1ec3m so\u00e1t bi\u00ean gi\u1edbi Xiangyuanwei\u201d \u1edf H\u1ed3ng K\u00f4ng, l\u00e0 c\u1eeda kh\u1ea9u quan tr\u1ecdng \u1edf ph\u00eda \u0111\u00f4ng trong vi\u1ec7c x\u00e2y d\u1ef1ng c\u1ea5u tr\u00fac giao th\u00f4ng xuy\u00ean bi\u00ean gi\u1edbi Th\u00e2m Quy\u1ebfn-H\u1ed3ng K\u00f4ng \u201c\u0111i v\u1ec1 ph\u00eda t\u00e2y, v\u1ec1 ph\u00eda \u0111\u00f4ng\u201d. V\u00e0o th\u00e1ng 9 n\u0103m 2008, Th\u00e2m Quy\u1ebfn v\u00e0 H\u1ed3ng K\u00f4ng quy\u1ebft \u0111\u1ecbnh c\u00f9ng x\u00e2y d\u1ef1ng c\u1eeda kh\u1ea9u Liantang; Th\u00e1ng 11 n\u0103m 2013, c\u00f4ng tr\u00ecnh \u0111\u01b0\u1ee3c kh\u1edfi c\u00f4ng; th\u00e1ng 10 n\u0103m 2019, H\u1ed9i \u0111\u1ed3ng Nh\u00e0 n\u01b0\u1edbc ph\u00ea duy\u1ec7t m\u1edf c\u1eeda cho n\u01b0\u1edbc ngo\u00e0i; th\u00e1ng 5 n\u0103m 2020, c\u00f4ng tr\u00ecnh \u0111\u01b0\u1ee3c nh\u00e0 n\u01b0\u1edbc nghi\u1ec7m thu; th\u00e1ng 8 n\u0103m 2020, c\u1eeda kh\u1ea9u Liantang ch\u00ednh th\u1ee9c \u0111i v\u00e0o ho\u1ea1t \u0111\u1ed9ng, b\u1eaft \u0111\u1ea7u th\u1ef1c hi\u1ec7n ch\u1ee9c n\u0103ng ki\u1ec3m tra h\u00e0ng h\u00f3a; th\u00e1ng 2 n\u0103m 2023, b\u1eaft \u0111\u1ea7u th\u1ef1c hi\u1ec7n ch\u1ee9c n\u0103ng ki\u1ec3m tra h\u00e0nh kh\u00e1ch. C\u1eeda kh\u1ea9u Liantang \u00e1p d\u1ee5ng ph\u01b0\u01a1ng th\u1ee9c ki\u1ec3m tra \u201chai n\u01a1i, hai ki\u1ec3m tra\u201d v\u00e0 m\u00f4 h\u00ecnh th\u00f4ng quan \u201cm\u1ed9t c\u1eeda\u201d cho ng\u01b0\u1eddi v\u00e0 xe, v\u1edbi c\u00f4ng su\u1ea5t thi\u1ebft k\u1ebf l\u00e0 30.000 l\u01b0\u1ee3t kh\u00e1ch\/ng\u00e0y, 17.850 l\u01b0\u1ee3t xe\/ng\u00e0y (trong \u0111\u00f3 c\u00f3 15.000 l\u01b0\u1ee3t xe t\u1ea3i\/ng\u00e0y, 2.000 l\u01b0\u1ee3t xe con\/ng\u00e0y, 850 l\u01b0\u1ee3t xe kh\u00e1ch\/ng\u00e0y). Hi\u1ec7n t\u1ea1i, l\u01b0\u1ee3ng kh\u00e1ch cao nh\u1ea5t \u0111\u00e3 v\u01b0\u1ee3t qu\u00e1 100.000 l\u01b0\u1ee3t, trung b\u00ecnh 65.000 l\u01b0\u1ee3t\/ng\u00e0y.<\/p>\t\t\t\t\t\t\t\t<\/div>\n\t\t\t\t\t<\/div>\n\t\t<\/div>\n\t\t\t\t<div class=\"elementor-column elementor-col-50 elementor-top-column elementor-element elementor-element-dc5eca2 cmsmasters-bg-hide-none cmsmasters-bg-hide-none\" data-id=\"dc5eca2\" data-element_type=\"column\" data-e-type=\"column\" data-settings=\"{&quot;background_background&quot;:&quot;classic&quot;}\">\n\t\t\t<div class=\"elementor-widget-wrap elementor-element-populated\">\n\t\t\t\t\t\t\t<\/div>\n\t\t<\/div>\n\t\t\t\t\t<\/div>\n\t\t<\/section>\n\t\t<div class=\"elementor-element elementor-element-6f467c1 e-flex e-con-boxed cmsmasters-block-default e-con e-parent\" data-id=\"6f467c1\" data-element_type=\"container\" data-e-type=\"container\">\n\t\t\t\t\t<div class=\"e-con-inner\">\n\t\t<div class=\"elementor-element elementor-element-a31fea1 e-grid e-con-full cmsmasters-block-default e-con e-child\" data-id=\"a31fea1\" data-element_type=\"container\" data-e-type=\"container\">\n\t\t\t\t<div class=\"elementor-element elementor-element-5910bd2 cmsmasters-block-default cmsmasters-sticky-default elementor-widget elementor-widget-heading\" data-id=\"5910bd2\" data-element_type=\"widget\" data-e-type=\"widget\" data-widget_type=\"heading.default\">\n\t\t\t\t\t<h1 class=\"elementor-heading-title elementor-size-default\">Th\u1eddi gian m\u1edf c\u1eeda c\u1ea3ng<\/h1>\t\t\t\t<\/div>\n\t\t<div class=\"elementor-element elementor-element-5ed9294 e-con-full e-flex cmsmasters-block-default e-con e-child\" data-id=\"5ed9294\" data-element_type=\"container\" data-e-type=\"container\">\n\t\t<div class=\"elementor-element elementor-element-750c98e e-con-full e-flex cmsmasters-block-default e-con e-child\" data-id=\"750c98e\" data-element_type=\"container\" data-e-type=\"container\">\n\t\t<div class=\"elementor-element elementor-element-f67f2db e-con-full e-flex cmsmasters-block-default e-con e-child\" data-id=\"f67f2db\" data-element_type=\"container\" data-e-type=\"container\" data-settings=\"{&quot;background_background&quot;:&quot;classic&quot;}\">\n\t\t\t\t<div class=\"elementor-element elementor-element-88086da cmsmasters-block-default cmsmasters-sticky-default elementor-widget elementor-widget-heading\" data-id=\"88086da\" data-element_type=\"widget\" data-e-type=\"widget\" data-widget_type=\"heading.default\">\n\t\t\t\t\t<h2 class=\"elementor-heading-title elementor-size-default\">Gi\u1edd m\u1edf c\u1eeda<\/h2>\t\t\t\t<\/div>\n\t\t\t\t<\/div>\n\t\t<div class=\"elementor-element elementor-element-21a9211 e-con-full e-flex cmsmasters-block-default e-con e-child\" data-id=\"21a9211\" data-element_type=\"container\" data-e-type=\"container\">\n\t\t<div class=\"elementor-element elementor-element-1042617 e-con-full e-flex cmsmasters-block-default e-con e-child\" data-id=\"1042617\" data-element_type=\"container\" data-e-type=\"container\">\n\t\t<div class=\"elementor-element elementor-element-07aa5e6 e-con-full e-flex cmsmasters-block-default e-con e-child\" data-id=\"07aa5e6\" data-element_type=\"container\" data-e-type=\"container\" data-settings=\"{&quot;background_background&quot;:&quot;classic&quot;}\">\n\t\t\t\t<div class=\"elementor-element elementor-element-27723a6 cmsmasters-block-default cmsmasters-sticky-default elementor-widget elementor-widget-heading\" data-id=\"27723a6\" data-element_type=\"widget\" data-e-type=\"widget\" data-widget_type=\"heading.default\">\n\t\t\t\t\t<h3 class=\"elementor-heading-title elementor-size-default\">07:00-22:00 (Ki\u1ec3m tra h\u00e0nh l\u00fd)<\/h3>\t\t\t\t<\/div>\n\t\t\t\t<\/div>\n\t\t<div class=\"elementor-element elementor-element-8745214 e-con-full e-flex cmsmasters-block-default e-con e-child\" data-id=\"8745214\" data-element_type=\"container\" data-e-type=\"container\" data-settings=\"{&quot;background_background&quot;:&quot;classic&quot;}\">\n\t\t\t\t<div class=\"elementor-element elementor-element-67c2718 cmsmasters-block-default cmsmasters-sticky-default elementor-widget elementor-widget-heading\" data-id=\"67c2718\" data-element_type=\"widget\" data-e-type=\"widget\" data-widget_type=\"heading.default\">\n\t\t\t\t\t<h3 class=\"elementor-heading-title elementor-size-default\">07:00-22:00 (Ki\u1ec3m tra h\u00e0ng h\u00f3a)<\/h3>\t\t\t\t<\/div>\n\t\t\t\t<\/div>\n\t\t\t\t<\/div>\n\t\t\t\t<\/div>\n\t\t\t\t<\/div>\n\t\t\t\t<\/div>\n\t\t\t\t<\/div>\n\t\t\t\t\t<\/div>\n\t\t\t\t<\/div>\n\t\t\t\t<section class=\"elementor-section elementor-top-section elementor-element elementor-element-9d45c1a elementor-section-content-middle elementor-reverse-tablet elementor-reverse-mobile elementor-section-boxed elementor-section-height-default elementor-section-height-default cmsmasters-block-default\" data-id=\"9d45c1a\" data-element_type=\"section\" data-e-type=\"section\">\n\t\t\t\t\t\t<div class=\"elementor-container elementor-column-gap-no\">\n\t\t\t\t\t<div class=\"elementor-column elementor-col-50 elementor-top-column elementor-element elementor-element-a918540\" data-id=\"a918540\" data-element_type=\"column\" data-e-type=\"column\">\n\t\t\t<div class=\"elementor-widget-wrap elementor-element-populated\">\n\t\t\t\t\t\t<div class=\"elementor-element elementor-element-f4ca8f8 cmsmasters-block-default cmsmasters-sticky-default elementor-widget elementor-widget-google_maps\" data-id=\"f4ca8f8\" data-element_type=\"widget\" data-e-type=\"widget\" data-widget_type=\"google_maps.default\">\n\t\t\t\t\t\t\t<div class=\"elementor-custom-embed\">\n\t\t\t<iframe loading=\"lazy\"\n\t\t\t\t\tsrc=\"https:\/\/maps.google.com\/maps?q=%E8%93%AE%E5%A1%98%E5%8F%A3%E5%B2%B8&#038;t=m&#038;z=10&#038;output=embed&#038;iwloc=near\"\n\t\t\t\t\ttitle=\"C\u1eeda kh\u1ea9u Liantang\"\n\t\t\t\t\taria-label=\"C\u1eeda kh\u1ea9u Liantang\"\n\t\t\t><\/iframe>\n\t\t<\/div>\n\t\t\t\t\t\t<\/div>\n\t\t\t\t\t<\/div>\n\t\t<\/div>\n\t\t\t\t<div class=\"elementor-column elementor-col-50 elementor-top-column elementor-element elementor-element-b816afc\" data-id=\"b816afc\" data-element_type=\"column\" data-e-type=\"column\" data-settings=\"{&quot;background_background&quot;:&quot;classic&quot;}\">\n\t\t\t<div class=\"elementor-widget-wrap elementor-element-populated\">\n\t\t\t\t\t\t<div class=\"elementor-element elementor-element-bb9f8be cmsmasters-block-default cmsmasters-sticky-default elementor-widget elementor-widget-heading\" data-id=\"bb9f8be\" data-element_type=\"widget\" data-e-type=\"widget\" data-widget_type=\"heading.default\">\n\t\t\t\t\t<h2 class=\"elementor-heading-title elementor-size-default\">Li\u00ean h\u1ec7 v\u0103n ph\u00f2ng c\u1ea3ng<\/h2>\t\t\t\t<\/div>\n\t\t\t\t<div data-separate-animation-selector=\".cmsmasters-widget-icon-list-item\" data-text-animation-class=\"sequental, random, line, word, char\" class=\"elementor-element elementor-element-0cc3301 cmsmasters-widget-layout-column cmsmasters-value-position-inline cmsmasters-widget-align-column-left cmsmasters-widget-direction-default cmsmasters-widget-marker-element-icon cmsmasters-widget-marker-view-default cmsmasters-block-default cmsmasters-sticky-default elementor-widget elementor-widget-cmsmasters-icon-list cmsmasters-widget-icon-list\" data-id=\"0cc3301\" data-element_type=\"widget\" data-e-type=\"widget\" data-widget_type=\"cmsmasters-icon-list.default\">\n\t\t\t\t\t\t\t<ul class=\"cmsmasters-widget-icon-list-items\">\r\n\t\t\t\t\t\t\t<li class=\"cmsmasters-widget-icon-list-item active-icon-item\">\r\n\t\t\t\t\t\t\t\t<span class=\"cmsmasters-widget-icon-list-item-text-wrap\">\r\n\t\t\t\t\t\t\t\t\t\t\t<span class=\"cmsmasters-widget-icon-list-item-icon\">\r\n\t\t\t\t\t\t\t<span>\r\n\t\t\t\t\t\t\t\t\t\t\t\t\t\t\t\t\t<i aria-hidden=\"true\" class=\"cmsmsdemo-icon- cmsms-demo-icon-location-2\"><\/i>\t\t\t\t\t\t\t\t\t\t\t\t\t\t\t<\/span>\r\n\t\t\t\t\t\t<\/span>\r\n\t\t\t\t\t\t\t\t\t\t<span class=\"cmsmasters-widget-icon-list-item-text-inner elementor-repeater-item-fba7347\">\r\n\t\t\t\t\t\t<span class=\"cmsmasters-widget-icon-list-item-text\">\r\n\t\t\t\t\t\t\tKhu v\u1ef1c l\u00e0m vi\u1ec7c t\u1eeb xa c\u1ee7a H\u1ea3i quan Liantang, s\u1ed1 4011 \u0111\u01b0\u1eddng Luosha, qu\u1eadn Luohu, th\u00e0nh ph\u1ed1 Th\u00e2m Quy\u1ebfn, t\u1ec9nh Qu\u1ea3ng \u0110\u00f4ng\t\t\t\t\t\t<\/span>\r\n\t\t\t\t\t\t\t\t\t\t\t<\/span>\r\n\t\t\t\t<\/span>\r\n\t\t\t\t\t\t\t\t<\/li>\r\n\t\t\t\t\t\t\t<li class=\"cmsmasters-widget-icon-list-item active-icon-item\">\r\n\t\t\t\t\t\t\t\t<span class=\"cmsmasters-widget-icon-list-item-text-wrap\">\r\n\t\t\t\t\t\t\t\t\t\t\t<span class=\"cmsmasters-widget-icon-list-item-icon\">\r\n\t\t\t\t\t\t\t<span>\r\n\t\t\t\t\t\t\t\t\t\t\t\t\t\t\t\t\t<i aria-hidden=\"true\" class=\"cmsmsdemo-icon- cmsms-demo-icon-mail-2\"><\/i>\t\t\t\t\t\t\t\t\t\t\t\t\t\t\t<\/span>\r\n\t\t\t\t\t\t<\/span>\r\n\t\t\t\t\t\t\t\t\t\t<span class=\"cmsmasters-widget-icon-list-item-text-inner elementor-repeater-item-3510781 active-link-item\">\r\n\t\t\t\t\t\t<span class=\"cmsmasters-widget-icon-list-item-text cmsmasters-widget-icon-list-item-text\">\r\n\t\t\t\t\t\t\t<a href=\"mailto:lthgbgs@customs.gov.cn\">lthgbgs@customs.gov.cn<\/a>\t\t\t\t\t\t<\/span>\r\n\t\t\t\t\t\t\t\t\t\t\t<\/span>\r\n\t\t\t\t<\/span>\r\n\t\t\t\t\t\t\t\t<\/li>\r\n\t\t\t\t\t\t\t<li class=\"cmsmasters-widget-icon-list-item active-icon-item\">\r\n\t\t\t\t\t\t\t\t<span class=\"cmsmasters-widget-icon-list-item-text-wrap\">\r\n\t\t\t\t\t\t\t\t\t\t\t<span class=\"cmsmasters-widget-icon-list-item-icon\">\r\n\t\t\t\t\t\t\t<span>\r\n\t\t\t\t\t\t\t\t\t\t\t\t\t\t\t\t\t<i aria-hidden=\"true\" class=\"cmsmsdemo-icon- cmsms-demo-icon-phone-2\"><\/i>\t\t\t\t\t\t\t\t\t\t\t\t\t\t\t<\/span>\r\n\t\t\t\t\t\t<\/span>\r\n\t\t\t\t\t\t\t\t\t\t<span class=\"cmsmasters-widget-icon-list-item-text-inner elementor-repeater-item-31b3bdf active-link-item\">\r\n\t\t\t\t\t\t<span class=\"cmsmasters-widget-icon-list-item-text cmsmasters-widget-icon-list-item-text cmsmasters-widget-icon-list-item-text\">\r\n\t\t\t\t\t\t\t<a href=\"tel:+86%20755%208439%201300\">+86 755 8439 1300<\/a>\t\t\t\t\t\t<\/span>\r\n\t\t\t\t\t\t\t\t\t\t\t<\/span>\r\n\t\t\t\t<\/span>\r\n\t\t\t\t\t\t\t\t<\/li>\r\n\t\t\t\t\t<\/ul>\r\n\t\t\t\t\t\t<\/div>\n\t\t\t\t\t<\/div>\n\t\t<\/div>\n\t\t\t\t\t<\/div>\n\t\t<\/section>\n\t\t\t\t<\/div>","protected":false},"excerpt":{"rendered":"<p>\u7cb5\u6e2f\u53e3\u5cb8 \u84ee\u5858\u516c\u8def\u53e3\u5cb8\u4f4d\u65bc\u5ee3\u6771\u7701\u6df1\u5733\u5e02\u7f85\u6e56\u5340\u84ee\u5858\u8857\u9053\uff0c\u5317\u81e8\u7f85\u6c99\u8def\uff0c\u5357\u81f3\u6df1\u5733\u6cb3\uff0c\u5728\u9999\u6e2f\u547d\u540d\u70ba\u201c\u9999\u5712\u570d\u908a\u5883\u7ba1\u5236\u7ad9\u201d&#8230;<\/p>","protected":false},"author":1,"featured_media":0,"parent":0,"menu_order":0,"comment_status":"closed","ping_status":"closed","template":"","meta":{"_acf_changed":false,"footnotes":""},"class_list":["post-13149","page","type-page","status-publish","hentry"],"acf":[],"_links":{"self":[{"href":"https:\/\/www.youcanenterprise.com\/vi\/wp-json\/wp\/v2\/pages\/13149","targetHints":{"allow":["GET"]}}],"collection":[{"href":"https:\/\/www.youcanenterprise.com\/vi\/wp-json\/wp\/v2\/pages"}],"about":[{"href":"https:\/\/www.youcanenterprise.com\/vi\/wp-json\/wp\/v2\/types\/page"}],"author":[{"embeddable":true,"href":"https:\/\/www.youcanenterprise.com\/vi\/wp-json\/wp\/v2\/users\/1"}],"replies":[{"embeddable":true,"href":"https:\/\/www.youcanenterprise.com\/vi\/wp-json\/wp\/v2\/comments?post=13149"}],"version-history":[{"count":28,"href":"https:\/\/www.youcanenterprise.com\/vi\/wp-json\/wp\/v2\/pages\/13149\/revisions"}],"predecessor-version":[{"id":13633,"href":"https:\/\/www.youcanenterprise.com\/vi\/wp-json\/wp\/v2\/pages\/13149\/revisions\/13633"}],"wp:attachment":[{"href":"https:\/\/www.youcanenterprise.com\/vi\/wp-json\/wp\/v2\/media?parent=13149"}],"curies":[{"name":"wp","href":"https:\/\/api.w.org\/{rel}","templated":true}]}}