{"id":13119,"date":"2025-12-26T20:51:14","date_gmt":"2025-12-26T12:51:14","guid":{"rendered":"https:\/\/www.youcanenterprise.com\/?page_id=13119"},"modified":"2026-01-26T12:38:14","modified_gmt":"2026-01-26T04:38:14","slug":"huanggang-port","status":"publish","type":"page","link":"https:\/\/www.youcanenterprise.com\/vi\/huanggang-port\/","title":{"rendered":"C\u1eeda kh\u1ea9u Ho\u00e0ng C\u01b0\u01a1ng"},"content":{"rendered":"<div data-elementor-type=\"wp-page\" data-elementor-id=\"13119\" class=\"elementor elementor-13119\" data-elementor-post-type=\"page\">\n\t\t\t\t\t\t<section class=\"elementor-section elementor-top-section elementor-element elementor-element-730b514 elementor-section-boxed elementor-section-height-default elementor-section-height-default cmsmasters-block-default\" data-id=\"730b514\" data-element_type=\"section\" data-e-type=\"section\">\n\t\t\t\t\t\t<div class=\"elementor-container elementor-column-gap-no\">\n\t\t\t\t\t<div class=\"elementor-column elementor-col-50 elementor-top-column elementor-element elementor-element-c60d418\" data-id=\"c60d418\" data-element_type=\"column\" data-e-type=\"column\" data-settings=\"{&quot;background_background&quot;:&quot;classic&quot;}\">\n\t\t\t<div class=\"elementor-widget-wrap elementor-element-populated\">\n\t\t\t\t\t\t<div class=\"elementor-element elementor-element-553a0dc cmsmasters-block-default cmsmasters-sticky-default elementor-widget elementor-widget-heading\" data-id=\"553a0dc\" data-element_type=\"widget\" data-e-type=\"widget\" data-widget_type=\"heading.default\">\n\t\t\t\t\t<h4 class=\"elementor-heading-title elementor-size-default\">C\u1ea3ng Qu\u1ea3ng \u0110\u00f4ng\n<\/h4>\t\t\t\t<\/div>\n\t\t\t\t<div data-separate-animation-selector=\".cmsmasters-widget-title__heading\" data-text-animation-class=\"sequental, random, line, word, char\" class=\"elementor-element elementor-element-4ad0a1b cmsmasters-line-clamp-no cmsmasters-color-variation-default cmsmasters-pointer-none cmsmasters-block-default cmsmasters-sticky-default elementor-widget elementor-widget-cmsmasters-post-title cmsmasters-widget-title\" data-id=\"4ad0a1b\" data-element_type=\"widget\" data-e-type=\"widget\" data-widget_type=\"cmsmasters-post-title.default\">\n\t\t\t\t\t<h2 class=\"entry-title cmsmasters-widget-title__heading\">C\u1eeda kh\u1ea9u Ho\u00e0ng C\u01b0\u01a1ng<\/h2>\t\t\t\t<\/div>\n\t\t\t\t<div class=\"elementor-element elementor-element-a5b9317 cmsmasters-block-default cmsmasters-sticky-default elementor-widget elementor-widget-text-editor\" data-id=\"a5b9317\" data-element_type=\"widget\" data-e-type=\"widget\" data-widget_type=\"text-editor.default\">\n\t\t\t\t\t\t\t\t\t<p>C\u1eeda kh\u1ea9u Ho\u00e0ng C\u01b0\u01a1ng l\u00e0 c\u1eeda kh\u1ea9u k\u1ebft n\u1ed1i th\u00e0nh ph\u1ed1 Th\u00e2m Quy\u1ebfn v\u1edbi Khu H\u00e0nh ch\u00ednh \u0110\u1eb7c bi\u1ec7t H\u1ed3ng K\u00f4ng, n\u1eb1m \u1edf ph\u00eda nam th\u00e0nh ph\u1ed1 Th\u00e2m Quy\u1ebfn, l\u00e0 c\u1eeda kh\u1ea9u t\u1ed5ng h\u1ee3p cho c\u1ea3 h\u00e0nh kh\u00e1ch v\u00e0 h\u00e0ng h\u00f3a ho\u1ea1t \u0111\u1ed9ng 24\/7. C\u1eeda kh\u1ea9u Ho\u00e0ng C\u01b0\u01a1ng \u0111\u01b0\u1ee3c kh\u1edfi c\u00f4ng x\u00e2y d\u1ef1ng v\u00e0o th\u00e1ng 5 n\u0103m 1985, sau khi \u0111\u01b0\u1ee3c Qu\u1ed1c v\u1ee5 vi\u1ec7n ph\u00ea duy\u1ec7t v\u00e0o ng\u00e0y 30 th\u00e1ng 11 n\u0103m 1988, c\u1eeda kh\u1ea9u n\u00e0y \u0111\u00e3 m\u1edf c\u1eeda cho b\u00ean ngo\u00e0i, v\u00e0o ng\u00e0y 29 th\u00e1ng 12 n\u0103m 1989, ph\u1ea7n v\u1eadn chuy\u1ec3n h\u00e0ng h\u00f3a \u0111\u00e3 \u0111\u01b0\u1ee3c \u0111\u01b0a v\u00e0o s\u1eed d\u1ee5ng, v\u00e0o ng\u00e0y 3 th\u00e1ng 11 n\u0103m 1994, k\u00eanh ki\u1ec3m tra h\u00e0ng h\u00f3a \u0111\u00e3 m\u1edf c\u1eeda 24 gi\u1edd, v\u00e0o ng\u00e0y 27 th\u00e1ng 1 n\u0103m 2003, k\u00eanh ki\u1ec3m tra h\u00e0nh kh\u00e1ch \u0111\u00e3 m\u1edf c\u1eeda 24 gi\u1edd. V\u00e0o th\u00e1ng 6 n\u0103m 2019, d\u1ef1 \u00e1n t\u00e1i thi\u1ebft c\u1eeda kh\u1ea9u Ho\u00e0ng C\u01b0\u01a1ng \u0111\u00e3 ch\u00ednh th\u1ee9c kh\u1edfi \u0111\u1ed9ng, hi\u1ec7n t\u1ea1i khu v\u1ef1c ki\u1ec3m tra h\u00e0nh kh\u00e1ch c\u0169 \u0111\u00e3 \u0111\u01b0\u1ee3c d\u1ee1 b\u1ecf, t\u00f2a nh\u00e0 ki\u1ec3m tra h\u00e0nh kh\u00e1ch t\u1ea1m th\u1eddi \u0111\u00e3 \u0111\u01b0\u1ee3c x\u00e2y d\u1ef1ng. T\u00f2a nh\u00e0 ki\u1ec3m tra h\u00e0nh kh\u00e1ch t\u1ea1m th\u1eddi c\u00f3 di\u1ec7n t\u00edch kho\u1ea3ng 51.000 m2, t\u1ed5ng di\u1ec7n t\u00edch x\u00e2y d\u1ef1ng kho\u1ea3ng 14.000 m2, t\u1ea7ng 1 l\u00e0 s\u1ea3nh ki\u1ec3m tra h\u00e0nh kh\u00e1ch xu\u1ea5t nh\u1eadp c\u1ea3nh, t\u1ea7ng l\u1eedng v\u00e0 t\u1ea7ng 2 l\u00e0 ph\u00f2ng d\u1ecbch v\u1ee5; l\u1ed1i ki\u1ec3m tra \u0111\u01b0\u1ee3c chia th\u00e0nh 40 l\u1ed1i ki\u1ec3m tra h\u00e0nh kh\u00e1ch v\u00e0 8 l\u1ed1i ki\u1ec3m tra xe kh\u00e1ch.<\/p>\t\t\t\t\t\t\t\t<\/div>\n\t\t\t\t\t<\/div>\n\t\t<\/div>\n\t\t\t\t<div class=\"elementor-column elementor-col-50 elementor-top-column elementor-element elementor-element-45ac615 cmsmasters-bg-hide-none cmsmasters-bg-hide-none\" data-id=\"45ac615\" data-element_type=\"column\" data-e-type=\"column\" data-settings=\"{&quot;background_background&quot;:&quot;classic&quot;}\">\n\t\t\t<div class=\"elementor-widget-wrap elementor-element-populated\">\n\t\t\t\t\t\t\t<\/div>\n\t\t<\/div>\n\t\t\t\t\t<\/div>\n\t\t<\/section>\n\t\t<div class=\"elementor-element elementor-element-c53f43c e-flex e-con-boxed cmsmasters-block-default e-con e-parent\" data-id=\"c53f43c\" data-element_type=\"container\" data-e-type=\"container\">\n\t\t\t\t\t<div class=\"e-con-inner\">\n\t\t<div class=\"elementor-element elementor-element-1c22d00 e-grid e-con-full cmsmasters-block-default e-con e-child\" data-id=\"1c22d00\" data-element_type=\"container\" data-e-type=\"container\">\n\t\t\t\t<div class=\"elementor-element elementor-element-91db4c8 cmsmasters-block-default cmsmasters-sticky-default elementor-widget elementor-widget-heading\" data-id=\"91db4c8\" data-element_type=\"widget\" data-e-type=\"widget\" data-widget_type=\"heading.default\">\n\t\t\t\t\t<h1 class=\"elementor-heading-title elementor-size-default\">Th\u1eddi gian m\u1edf c\u1eeda c\u1ea3ng<\/h1>\t\t\t\t<\/div>\n\t\t<div class=\"elementor-element elementor-element-6909f79 e-con-full e-flex cmsmasters-block-default e-con e-child\" data-id=\"6909f79\" data-element_type=\"container\" data-e-type=\"container\">\n\t\t<div class=\"elementor-element elementor-element-cf36e2f e-con-full e-flex cmsmasters-block-default e-con e-child\" data-id=\"cf36e2f\" data-element_type=\"container\" data-e-type=\"container\">\n\t\t<div class=\"elementor-element elementor-element-459d359 e-con-full e-flex cmsmasters-block-default e-con e-child\" data-id=\"459d359\" data-element_type=\"container\" data-e-type=\"container\" data-settings=\"{&quot;background_background&quot;:&quot;classic&quot;}\">\n\t\t\t\t<div class=\"elementor-element elementor-element-2c631a0 cmsmasters-block-default cmsmasters-sticky-default elementor-widget elementor-widget-heading\" data-id=\"2c631a0\" data-element_type=\"widget\" data-e-type=\"widget\" data-widget_type=\"heading.default\">\n\t\t\t\t\t<h2 class=\"elementor-heading-title elementor-size-default\">Gi\u1edd m\u1edf c\u1eeda<\/h2>\t\t\t\t<\/div>\n\t\t\t\t<\/div>\n\t\t<div class=\"elementor-element elementor-element-d291f2b e-con-full e-flex cmsmasters-block-default e-con e-child\" data-id=\"d291f2b\" data-element_type=\"container\" data-e-type=\"container\">\n\t\t<div class=\"elementor-element elementor-element-6ebbd1b e-con-full e-flex cmsmasters-block-default e-con e-child\" data-id=\"6ebbd1b\" data-element_type=\"container\" data-e-type=\"container\">\n\t\t<div class=\"elementor-element elementor-element-250a24a e-con-full e-flex cmsmasters-block-default e-con e-child\" data-id=\"250a24a\" data-element_type=\"container\" data-e-type=\"container\" data-settings=\"{&quot;background_background&quot;:&quot;classic&quot;}\">\n\t\t\t\t<div class=\"elementor-element elementor-element-bd2c8d8 cmsmasters-block-default cmsmasters-sticky-default elementor-widget elementor-widget-heading\" data-id=\"bd2c8d8\" data-element_type=\"widget\" data-e-type=\"widget\" data-widget_type=\"heading.default\">\n\t\t\t\t\t<h3 class=\"elementor-heading-title elementor-size-default\">00:00-24:00 (Ki\u1ec3m tra h\u00e0nh l\u00fd)<\/h3>\t\t\t\t<\/div>\n\t\t\t\t<\/div>\n\t\t<div class=\"elementor-element elementor-element-7243c62 e-con-full e-flex cmsmasters-block-default e-con e-child\" data-id=\"7243c62\" data-element_type=\"container\" data-e-type=\"container\" data-settings=\"{&quot;background_background&quot;:&quot;classic&quot;}\">\n\t\t\t\t<div class=\"elementor-element elementor-element-931c0a9 cmsmasters-block-default cmsmasters-sticky-default elementor-widget elementor-widget-heading\" data-id=\"931c0a9\" data-element_type=\"widget\" data-e-type=\"widget\" data-widget_type=\"heading.default\">\n\t\t\t\t\t<h3 class=\"elementor-heading-title elementor-size-default\">00:00-24:00 (Ki\u1ec3m tra h\u00e0ng h\u00f3a)<\/h3>\t\t\t\t<\/div>\n\t\t\t\t<\/div>\n\t\t\t\t<\/div>\n\t\t\t\t<\/div>\n\t\t\t\t<\/div>\n\t\t\t\t<\/div>\n\t\t\t\t<\/div>\n\t\t\t\t\t<\/div>\n\t\t\t\t<\/div>\n\t\t\t\t<section class=\"elementor-section elementor-top-section elementor-element elementor-element-59b95dd elementor-section-content-middle elementor-reverse-tablet elementor-reverse-mobile elementor-section-boxed elementor-section-height-default elementor-section-height-default cmsmasters-block-default\" data-id=\"59b95dd\" data-element_type=\"section\" data-e-type=\"section\">\n\t\t\t\t\t\t<div class=\"elementor-container elementor-column-gap-no\">\n\t\t\t\t\t<div class=\"elementor-column elementor-col-50 elementor-top-column elementor-element elementor-element-d84d002\" data-id=\"d84d002\" data-element_type=\"column\" data-e-type=\"column\">\n\t\t\t<div class=\"elementor-widget-wrap elementor-element-populated\">\n\t\t\t\t\t\t<div class=\"elementor-element elementor-element-a803b28 cmsmasters-block-default cmsmasters-sticky-default elementor-widget elementor-widget-html\" data-id=\"a803b28\" data-element_type=\"widget\" data-e-type=\"widget\" data-widget_type=\"html.default\">\n\t\t\t\t\t<iframe src=\"https:\/\/www.google.com\/maps\/embed?pb=!1m14!1m8!1m3!1d29484.31145022014!2d114.0556394!3d22.5214758!3m2!1i1024!2i768!4f13.1!3m3!1m2!1s0x3403f6a1e257f9af%3A0x3f7d2ae84d7efffb!2z55qH5bKX5Y-j5bK4!5e0!3m2!1szh-CN!2shk!4v1766981746171!5m2!1szh-CN!2shk\" width=\"600\" height=\"450\" style=\"border:0;\" allowfullscreen=\"\" loading=\"lazy\" referrerpolicy=\"no-referrer-when-downgrade\"><\/iframe>\t\t\t\t<\/div>\n\t\t\t\t\t<\/div>\n\t\t<\/div>\n\t\t\t\t<div class=\"elementor-column elementor-col-50 elementor-top-column elementor-element elementor-element-4ea26bc\" data-id=\"4ea26bc\" data-element_type=\"column\" data-e-type=\"column\" data-settings=\"{&quot;background_background&quot;:&quot;classic&quot;}\">\n\t\t\t<div class=\"elementor-widget-wrap elementor-element-populated\">\n\t\t\t\t\t\t<div class=\"elementor-element elementor-element-70ea1e9 cmsmasters-block-default cmsmasters-sticky-default elementor-widget elementor-widget-heading\" data-id=\"70ea1e9\" data-element_type=\"widget\" data-e-type=\"widget\" data-widget_type=\"heading.default\">\n\t\t\t\t\t<h2 class=\"elementor-heading-title elementor-size-default\">Li\u00ean h\u1ec7 v\u0103n ph\u00f2ng c\u1ea3ng<\/h2>\t\t\t\t<\/div>\n\t\t\t\t<div data-separate-animation-selector=\".cmsmasters-widget-icon-list-item\" data-text-animation-class=\"sequental, random, line, word, char\" class=\"elementor-element elementor-element-2ed0662 cmsmasters-widget-layout-column cmsmasters-value-position-inline cmsmasters-widget-align-column-left cmsmasters-widget-direction-default cmsmasters-widget-marker-element-icon cmsmasters-widget-marker-view-default cmsmasters-block-default cmsmasters-sticky-default elementor-widget elementor-widget-cmsmasters-icon-list cmsmasters-widget-icon-list\" data-id=\"2ed0662\" data-element_type=\"widget\" data-e-type=\"widget\" data-widget_type=\"cmsmasters-icon-list.default\">\n\t\t\t\t\t\t\t<ul class=\"cmsmasters-widget-icon-list-items\">\r\n\t\t\t\t\t\t\t<li class=\"cmsmasters-widget-icon-list-item active-icon-item\">\r\n\t\t\t\t\t\t\t\t<span class=\"cmsmasters-widget-icon-list-item-text-wrap\">\r\n\t\t\t\t\t\t\t\t\t\t\t<span class=\"cmsmasters-widget-icon-list-item-icon\">\r\n\t\t\t\t\t\t\t<span>\r\n\t\t\t\t\t\t\t\t\t\t\t\t\t\t\t\t\t<i aria-hidden=\"true\" class=\"cmsmsdemo-icon- cmsms-demo-icon-location-2\"><\/i>\t\t\t\t\t\t\t\t\t\t\t\t\t\t\t<\/span>\r\n\t\t\t\t\t\t<\/span>\r\n\t\t\t\t\t\t\t\t\t\t<span class=\"cmsmasters-widget-icon-list-item-text-inner elementor-repeater-item-fba7347\">\r\n\t\t\t\t\t\t<span class=\"cmsmasters-widget-icon-list-item-text\">\r\n\t\t\t\t\t\t\tT\u1ea7ng 6-9, T\u00f2a nh\u00e0 ph\u1ee5 ph\u00eda t\u00e2y Trung t\u00e2m T\u00e0i ch\u00ednh Truy\u1ec1n h\u00ecnh, S\u1ed1 9 \u0110\u01b0\u1eddng Pengcheng, Ph\u1ed1 Lianhua, Qu\u1eadn Futian, Th\u00e0nh ph\u1ed1 Th\u00e2m Quy\u1ebfn\t\t\t\t\t\t<\/span>\r\n\t\t\t\t\t\t\t\t\t\t\t<\/span>\r\n\t\t\t\t<\/span>\r\n\t\t\t\t\t\t\t\t<\/li>\r\n\t\t\t\t\t\t\t<li class=\"cmsmasters-widget-icon-list-item active-icon-item\">\r\n\t\t\t\t\t\t\t\t<span class=\"cmsmasters-widget-icon-list-item-text-wrap\">\r\n\t\t\t\t\t\t\t\t\t\t\t<span class=\"cmsmasters-widget-icon-list-item-icon\">\r\n\t\t\t\t\t\t\t<span>\r\n\t\t\t\t\t\t\t\t\t\t\t\t\t\t\t\t\t<i aria-hidden=\"true\" class=\"cmsmsdemo-icon- cmsms-demo-icon-mail-2\"><\/i>\t\t\t\t\t\t\t\t\t\t\t\t\t\t\t<\/span>\r\n\t\t\t\t\t\t<\/span>\r\n\t\t\t\t\t\t\t\t\t\t<span class=\"cmsmasters-widget-icon-list-item-text-inner elementor-repeater-item-3510781 active-link-item\">\r\n\t\t\t\t\t\t<span class=\"cmsmasters-widget-icon-list-item-text cmsmasters-widget-icon-list-item-text\">\r\n\t\t\t\t\t\t\t<a href=\"mailto:hgxxgk@customs.gov.cn\">hgxxgk@customs.gov.cn<\/a>\t\t\t\t\t\t<\/span>\r\n\t\t\t\t\t\t\t\t\t\t\t<\/span>\r\n\t\t\t\t<\/span>\r\n\t\t\t\t\t\t\t\t<\/li>\r\n\t\t\t\t\t\t\t<li class=\"cmsmasters-widget-icon-list-item active-icon-item\">\r\n\t\t\t\t\t\t\t\t<span class=\"cmsmasters-widget-icon-list-item-text-wrap\">\r\n\t\t\t\t\t\t\t\t\t\t\t<span class=\"cmsmasters-widget-icon-list-item-icon\">\r\n\t\t\t\t\t\t\t<span>\r\n\t\t\t\t\t\t\t\t\t\t\t\t\t\t\t\t\t<i aria-hidden=\"true\" class=\"cmsmsdemo-icon- cmsms-demo-icon-phone-2\"><\/i>\t\t\t\t\t\t\t\t\t\t\t\t\t\t\t<\/span>\r\n\t\t\t\t\t\t<\/span>\r\n\t\t\t\t\t\t\t\t\t\t<span class=\"cmsmasters-widget-icon-list-item-text-inner elementor-repeater-item-31b3bdf active-link-item\">\r\n\t\t\t\t\t\t<span class=\"cmsmasters-widget-icon-list-item-text cmsmasters-widget-icon-list-item-text cmsmasters-widget-icon-list-item-text\">\r\n\t\t\t\t\t\t\t<a href=\"tel:+86%20755%208339%204325\">+86 755 8339 4325<\/a>\t\t\t\t\t\t<\/span>\r\n\t\t\t\t\t\t\t\t\t\t\t<\/span>\r\n\t\t\t\t<\/span>\r\n\t\t\t\t\t\t\t\t<\/li>\r\n\t\t\t\t\t<\/ul>\r\n\t\t\t\t\t\t<\/div>\n\t\t\t\t\t<\/div>\n\t\t<\/div>\n\t\t\t\t\t<\/div>\n\t\t<\/section>\n\t\t\t\t<\/div>","protected":false},"excerpt":{"rendered":"<p>\u7cb5\u6e2f\u53e3\u5cb8 \u7687\u5d17\u53e3\u5cb8\u662f\u9023\u63a5\u6df1\u5733\u5e02\u8207\u9999\u6e2f\u7279\u5225\u884c\u653f\u5340\u7684\u53e3\u5cb8\uff0c\u4f4d\u65bc\u6df1\u5733\u5e02\u5357\u90e8\uff0c\u662f\u6df1\u5733\u5168\u5929\u5019\uff0824h\uff09\u958b\u653e\u7684\u5ba2\u8ca8\u7d9c\u5408\u6027\u53e3&#8230;<\/p>","protected":false},"author":1,"featured_media":0,"parent":0,"menu_order":0,"comment_status":"closed","ping_status":"closed","template":"","meta":{"_acf_changed":false,"footnotes":""},"class_list":["post-13119","page","type-page","status-publish","hentry"],"acf":[],"_links":{"self":[{"href":"https:\/\/www.youcanenterprise.com\/vi\/wp-json\/wp\/v2\/pages\/13119","targetHints":{"allow":["GET"]}}],"collection":[{"href":"https:\/\/www.youcanenterprise.com\/vi\/wp-json\/wp\/v2\/pages"}],"about":[{"href":"https:\/\/www.youcanenterprise.com\/vi\/wp-json\/wp\/v2\/types\/page"}],"author":[{"embeddable":true,"href":"https:\/\/www.youcanenterprise.com\/vi\/wp-json\/wp\/v2\/users\/1"}],"replies":[{"embeddable":true,"href":"https:\/\/www.youcanenterprise.com\/vi\/wp-json\/wp\/v2\/comments?post=13119"}],"version-history":[{"count":56,"href":"https:\/\/www.youcanenterprise.com\/vi\/wp-json\/wp\/v2\/pages\/13119\/revisions"}],"predecessor-version":[{"id":13596,"href":"https:\/\/www.youcanenterprise.com\/vi\/wp-json\/wp\/v2\/pages\/13119\/revisions\/13596"}],"wp:attachment":[{"href":"https:\/\/www.youcanenterprise.com\/vi\/wp-json\/wp\/v2\/media?parent=13119"}],"curies":[{"name":"wp","href":"https:\/\/api.w.org\/{rel}","templated":true}]}}