{"id":11242,"date":"2025-11-28T03:38:46","date_gmt":"2025-11-28T03:38:46","guid":{"rendered":"https:\/\/www.youcanenterprise.com\/?post_type=product&#038;p=11242"},"modified":"2025-12-15T01:38:10","modified_gmt":"2025-12-15T01:38:10","slug":"tshirt","status":"publish","type":"product","link":"https:\/\/www.youcanenterprise.com\/sv\/produkt\/tshirt\/","title":{"rendered":"Snabbt och enkelt tema-T-shirt"},"content":{"rendered":"<p><span class=\"a_GcMg font-feature-liga-off font-feature-clig-off font-feature-calt-off text-decoration-none text-strikethrough-none\">Detta plagg \u00e4r tillverkat av h\u00f6gkvalitativ ren bomull och har en n\u00e5got avslappnad men \u00e4nd\u00e5 strukturerad passform. P\u00e5 framsidan finns endast Quick &amp; Easy-logotypen pr\u00e4glad p\u00e5 v\u00e4nster br\u00f6st, vilket ger en diskret elegans med raffinerade detaljer. Flatlock-s\u00f6mmarna garanterar h\u00e5llbarhet och formbest\u00e4ndighet, vilket ger en snygg och ren estetik oavsett om plagget b\u00e4rs ensamt eller i lager. Ett oumb\u00e4rligt basplagg i garderoben.<\/span><\/p>","protected":false},"excerpt":{"rendered":"<p><span class=\"a_GcMg font-feature-liga-off font-feature-clig-off font-feature-calt-off text-decoration-none text-strikethrough-none\">Detta plagg \u00e4r tillverkat av h\u00f6gkvalitativ ren bomull och har en n\u00e5got avslappnad men \u00e4nd\u00e5 strukturerad passform. P\u00e5 framsidan finns endast Quick &amp; Easy-logotypen pr\u00e4glad p\u00e5 v\u00e4nster br\u00f6st, vilket ger en diskret elegans med raffinerade detaljer. Flatlock-s\u00f6mmarna garanterar h\u00e5llbarhet och formbest\u00e4ndighet, vilket ger en snygg och ren estetik oavsett om plagget b\u00e4rs ensamt eller i lager. Ett oumb\u00e4rligt basplagg i garderoben.<\/span><\/p>","protected":false},"featured_media":12683,"comment_status":"open","ping_status":"closed","template":"","meta":{"_acf_changed":false},"product_brand":[],"product_cat":[15],"product_tag":[93,92],"class_list":{"0":"post-11242","1":"product","2":"type-product","3":"status-publish","4":"has-post-thumbnail","6":"product_cat-merchandise","7":"product_tag-t","8":"product_tag-92","9":"pa_color-84","10":"pa_material-100-","11":"pa_size-l","12":"pa_size-m","13":"pa_size-s","14":"pa_size-xl","15":"pa_size-xxl","17":"first","18":"instock","19":"shipping-taxable","20":"product-type-simple"},"acf":[],"_links":{"self":[{"href":"https:\/\/www.youcanenterprise.com\/sv\/wp-json\/wp\/v2\/product\/11242","targetHints":{"allow":["GET"]}}],"collection":[{"href":"https:\/\/www.youcanenterprise.com\/sv\/wp-json\/wp\/v2\/product"}],"about":[{"href":"https:\/\/www.youcanenterprise.com\/sv\/wp-json\/wp\/v2\/types\/product"}],"replies":[{"embeddable":true,"href":"https:\/\/www.youcanenterprise.com\/sv\/wp-json\/wp\/v2\/comments?post=11242"}],"wp:featuredmedia":[{"embeddable":true,"href":"https:\/\/www.youcanenterprise.com\/sv\/wp-json\/wp\/v2\/media\/12683"}],"wp:attachment":[{"href":"https:\/\/www.youcanenterprise.com\/sv\/wp-json\/wp\/v2\/media?parent=11242"}],"wp:term":[{"taxonomy":"product_brand","embeddable":true,"href":"https:\/\/www.youcanenterprise.com\/sv\/wp-json\/wp\/v2\/product_brand?post=11242"},{"taxonomy":"product_cat","embeddable":true,"href":"https:\/\/www.youcanenterprise.com\/sv\/wp-json\/wp\/v2\/product_cat?post=11242"},{"taxonomy":"product_tag","embeddable":true,"href":"https:\/\/www.youcanenterprise.com\/sv\/wp-json\/wp\/v2\/product_tag?post=11242"}],"curies":[{"name":"wp","href":"https:\/\/api.w.org\/{rel}","templated":true}]}}