{"id":13191,"date":"2025-12-27T00:18:56","date_gmt":"2025-12-26T16:18:56","guid":{"rendered":"https:\/\/www.youcanenterprise.com\/?page_id=13191"},"modified":"2026-01-26T16:52:12","modified_gmt":"2026-01-26T08:52:12","slug":"gangzhuao-port","status":"publish","type":"page","link":"https:\/\/www.youcanenterprise.com\/it\/gangzhuao-port\/","title":{"rendered":"Ponte Hong Kong-Zhuhai-Macao Port"},"content":{"rendered":"<div data-elementor-type=\"wp-page\" data-elementor-id=\"13191\" class=\"elementor elementor-13191\" data-elementor-post-type=\"page\">\n\t\t\t\t\t\t<section class=\"elementor-section elementor-top-section elementor-element elementor-element-050e0fa elementor-section-boxed elementor-section-height-default elementor-section-height-default cmsmasters-block-default\" data-id=\"050e0fa\" data-element_type=\"section\" data-e-type=\"section\">\n\t\t\t\t\t\t<div class=\"elementor-container elementor-column-gap-no\">\n\t\t\t\t\t<div class=\"elementor-column elementor-col-50 elementor-top-column elementor-element elementor-element-dcb082e\" data-id=\"dcb082e\" data-element_type=\"column\" data-e-type=\"column\" data-settings=\"{&quot;background_background&quot;:&quot;classic&quot;}\">\n\t\t\t<div class=\"elementor-widget-wrap elementor-element-populated\">\n\t\t\t\t\t\t<div class=\"elementor-element elementor-element-1797e79 cmsmasters-block-default cmsmasters-sticky-default elementor-widget elementor-widget-heading\" data-id=\"1797e79\" data-element_type=\"widget\" data-e-type=\"widget\" data-widget_type=\"heading.default\">\n\t\t\t\t\t<h4 class=\"elementor-heading-title elementor-size-default\">Porto di Guangdong-Hong Kong-Macao<\/h4>\t\t\t\t<\/div>\n\t\t\t\t<div data-separate-animation-selector=\".cmsmasters-widget-title__heading\" data-text-animation-class=\"sequental, random, line, word, char\" class=\"elementor-element elementor-element-58073f2 cmsmasters-line-clamp-no cmsmasters-color-variation-default cmsmasters-pointer-none cmsmasters-block-default cmsmasters-sticky-default elementor-widget elementor-widget-cmsmasters-post-title cmsmasters-widget-title\" data-id=\"58073f2\" data-element_type=\"widget\" data-e-type=\"widget\" data-widget_type=\"cmsmasters-post-title.default\">\n\t\t\t\t\t<h2 class=\"entry-title cmsmasters-widget-title__heading\">Ponte Hong Kong-Zhuhai-Macao Port<\/h2>\t\t\t\t<\/div>\n\t\t\t\t<div class=\"elementor-element elementor-element-78bc786 cmsmasters-block-default cmsmasters-sticky-default elementor-widget elementor-widget-text-editor\" data-id=\"78bc786\" data-element_type=\"widget\" data-e-type=\"widget\" data-widget_type=\"text-editor.default\">\n\t\t\t\t\t\t\t\t\t<p>La Boundary Crossing Facility (\u201cBCF\u201d) del ponte Hong Kong-Zhuhai-Macao (\u201cHZMB\u201d) \u00e8 un mega hub di trasporto transfrontaliero che collega Hong Kong, Zhuhai e Macao ed \u00e8 situato su un'isola artificiale sul lato sud della baia di Gongbei a Zhuhai. L'impianto di attraversamento dei confini, inaugurato contemporaneamente all'HZMB il 24 ottobre 2018, \u00e8 il primo impianto di attraversamento dei confini al mondo ad adottare l'innovativa modalit\u00e0 di \"tripla autorizzazione\", ovvero i tre governi effettueranno le ispezioni dei viaggiatori transfrontalieri rispettivamente negli impianti di attraversamento dei confini di Hong Kong, Zhuhai e Macao. In particolare, i viaggiatori tra Zhuhai e Macao potranno godere della comodit\u00e0 di \"ispezione e sdoganamento cooperativi in un'unica soluzione\", dovendo fare una sola fila per completare le procedure di sdoganamento al confine tra le due localit\u00e0. Con una capacit\u00e0 di sdoganamento di circa 150.000 passeggeri e 15.000 veicoli al giorno, il valico di frontiera Zhuhai-Macao \u00e8 un importante vettore fisico e un progetto di riferimento per lo sviluppo integrato della Greater Bay Area di Guangdong, Hong Kong e Macao.<\/p>\t\t\t\t\t\t\t\t<\/div>\n\t\t\t\t\t<\/div>\n\t\t<\/div>\n\t\t\t\t<div class=\"elementor-column elementor-col-50 elementor-top-column elementor-element elementor-element-3737622 cmsmasters-bg-hide-none cmsmasters-bg-hide-none\" data-id=\"3737622\" data-element_type=\"column\" data-e-type=\"column\" data-settings=\"{&quot;background_background&quot;:&quot;classic&quot;}\">\n\t\t\t<div class=\"elementor-widget-wrap elementor-element-populated\">\n\t\t\t\t\t\t\t<\/div>\n\t\t<\/div>\n\t\t\t\t\t<\/div>\n\t\t<\/section>\n\t\t<div class=\"elementor-element elementor-element-cdbce53 e-flex e-con-boxed cmsmasters-block-default e-con e-parent\" data-id=\"cdbce53\" data-element_type=\"container\" data-e-type=\"container\">\n\t\t\t\t\t<div class=\"e-con-inner\">\n\t\t<div class=\"elementor-element elementor-element-c8c4ff6 e-grid e-con-full cmsmasters-block-default e-con e-child\" data-id=\"c8c4ff6\" data-element_type=\"container\" data-e-type=\"container\">\n\t\t\t\t<div class=\"elementor-element elementor-element-6a0b24d cmsmasters-block-default cmsmasters-sticky-default elementor-widget elementor-widget-heading\" data-id=\"6a0b24d\" data-element_type=\"widget\" data-e-type=\"widget\" data-widget_type=\"heading.default\">\n\t\t\t\t\t<h1 class=\"elementor-heading-title elementor-size-default\">Orari di apertura del porto<\/h1>\t\t\t\t<\/div>\n\t\t<div class=\"elementor-element elementor-element-0182534 e-con-full e-flex cmsmasters-block-default e-con e-child\" data-id=\"0182534\" data-element_type=\"container\" data-e-type=\"container\">\n\t\t<div class=\"elementor-element elementor-element-4830c88 e-con-full e-flex cmsmasters-block-default e-con e-child\" data-id=\"4830c88\" data-element_type=\"container\" data-e-type=\"container\">\n\t\t<div class=\"elementor-element elementor-element-cb671df e-con-full e-flex cmsmasters-block-default e-con e-child\" data-id=\"cb671df\" data-element_type=\"container\" data-e-type=\"container\" data-settings=\"{&quot;background_background&quot;:&quot;classic&quot;}\">\n\t\t\t\t<div class=\"elementor-element elementor-element-1bf5973 cmsmasters-block-default cmsmasters-sticky-default elementor-widget elementor-widget-heading\" data-id=\"1bf5973\" data-element_type=\"widget\" data-e-type=\"widget\" data-widget_type=\"heading.default\">\n\t\t\t\t\t<h2 class=\"elementor-heading-title elementor-size-default\">Orari di apertura<\/h2>\t\t\t\t<\/div>\n\t\t\t\t<\/div>\n\t\t<div class=\"elementor-element elementor-element-7b4aff5 e-con-full e-flex cmsmasters-block-default e-con e-child\" data-id=\"7b4aff5\" data-element_type=\"container\" data-e-type=\"container\">\n\t\t<div class=\"elementor-element elementor-element-7763d02 e-con-full e-flex cmsmasters-block-default e-con e-child\" data-id=\"7763d02\" data-element_type=\"container\" data-e-type=\"container\">\n\t\t<div class=\"elementor-element elementor-element-7433daf e-con-full e-flex cmsmasters-block-default e-con e-child\" data-id=\"7433daf\" data-element_type=\"container\" data-e-type=\"container\" data-settings=\"{&quot;background_background&quot;:&quot;classic&quot;}\">\n\t\t\t\t<div class=\"elementor-element elementor-element-8d06911 cmsmasters-block-default cmsmasters-sticky-default elementor-widget elementor-widget-heading\" data-id=\"8d06911\" data-element_type=\"widget\" data-e-type=\"widget\" data-widget_type=\"heading.default\">\n\t\t\t\t\t<h3 class=\"elementor-heading-title elementor-size-default\">00:00-24:00 (Ispezione di viaggio)<\/h3>\t\t\t\t<\/div>\n\t\t\t\t<\/div>\n\t\t<div class=\"elementor-element elementor-element-11a919d e-con-full e-flex cmsmasters-block-default e-con e-child\" data-id=\"11a919d\" data-element_type=\"container\" data-e-type=\"container\" data-settings=\"{&quot;background_background&quot;:&quot;classic&quot;}\">\n\t\t\t\t<div class=\"elementor-element elementor-element-f41776d cmsmasters-block-default cmsmasters-sticky-default elementor-widget elementor-widget-heading\" data-id=\"f41776d\" data-element_type=\"widget\" data-e-type=\"widget\" data-widget_type=\"heading.default\">\n\t\t\t\t\t<h3 class=\"elementor-heading-title elementor-size-default\">00:00-24:00 (Ispezione del carico)<\/h3>\t\t\t\t<\/div>\n\t\t\t\t<\/div>\n\t\t\t\t<\/div>\n\t\t\t\t<\/div>\n\t\t\t\t<\/div>\n\t\t\t\t<\/div>\n\t\t\t\t<\/div>\n\t\t\t\t\t<\/div>\n\t\t\t\t<\/div>\n\t\t\t\t<section class=\"elementor-section elementor-top-section elementor-element elementor-element-e1f143e elementor-section-content-middle elementor-reverse-tablet elementor-reverse-mobile elementor-section-boxed elementor-section-height-default elementor-section-height-default cmsmasters-block-default\" data-id=\"e1f143e\" data-element_type=\"section\" data-e-type=\"section\">\n\t\t\t\t\t\t<div class=\"elementor-container elementor-column-gap-no\">\n\t\t\t\t\t<div class=\"elementor-column elementor-col-50 elementor-top-column elementor-element elementor-element-c4cf6e9\" data-id=\"c4cf6e9\" data-element_type=\"column\" data-e-type=\"column\">\n\t\t\t<div class=\"elementor-widget-wrap elementor-element-populated\">\n\t\t\t\t\t\t<div class=\"elementor-element elementor-element-16aec58 cmsmasters-block-default cmsmasters-sticky-default elementor-widget elementor-widget-html\" data-id=\"16aec58\" data-element_type=\"widget\" data-e-type=\"widget\" data-widget_type=\"html.default\">\n\t\t\t\t\t<iframe src=\"https:\/\/www.google.com\/maps\/embed?pb=!1m14!1m12!1m3!1d3690.9491319757026!2d113.94894727447718!3d22.317763479674063!2m3!1f0!2f0!3f0!3m2!1i1024!2i768!4f13.1!5e0!3m2!1sen!2sjp!4v1767052030613!5m2!1sen!2sjp\" width=\"600\" height=\"450\" style=\"border:0;\" allowfullscreen=\"\" loading=\"lazy\" referrerpolicy=\"no-referrer-when-downgrade\"><\/iframe>\t\t\t\t<\/div>\n\t\t\t\t\t<\/div>\n\t\t<\/div>\n\t\t\t\t<div class=\"elementor-column elementor-col-50 elementor-top-column elementor-element elementor-element-f68987d\" data-id=\"f68987d\" data-element_type=\"column\" data-e-type=\"column\" data-settings=\"{&quot;background_background&quot;:&quot;classic&quot;}\">\n\t\t\t<div class=\"elementor-widget-wrap elementor-element-populated\">\n\t\t\t\t\t\t<div class=\"elementor-element elementor-element-341b143 cmsmasters-block-default cmsmasters-sticky-default elementor-widget elementor-widget-heading\" data-id=\"341b143\" data-element_type=\"widget\" data-e-type=\"widget\" data-widget_type=\"heading.default\">\n\t\t\t\t\t<h2 class=\"elementor-heading-title elementor-size-default\">Contatto con l'ufficio del porto<\/h2>\t\t\t\t<\/div>\n\t\t\t\t<div data-separate-animation-selector=\".cmsmasters-widget-icon-list-item\" data-text-animation-class=\"sequental, random, line, word, char\" class=\"elementor-element elementor-element-ad531ad cmsmasters-widget-layout-column cmsmasters-value-position-inline cmsmasters-widget-align-column-left cmsmasters-widget-direction-default cmsmasters-widget-marker-element-icon cmsmasters-widget-marker-view-default cmsmasters-block-default cmsmasters-sticky-default elementor-widget elementor-widget-cmsmasters-icon-list cmsmasters-widget-icon-list\" data-id=\"ad531ad\" data-element_type=\"widget\" data-e-type=\"widget\" data-widget_type=\"cmsmasters-icon-list.default\">\n\t\t\t\t\t\t\t<ul class=\"cmsmasters-widget-icon-list-items\">\r\n\t\t\t\t\t\t\t<li class=\"cmsmasters-widget-icon-list-item active-icon-item\">\r\n\t\t\t\t\t\t\t\t<span class=\"cmsmasters-widget-icon-list-item-text-wrap\">\r\n\t\t\t\t\t\t\t\t\t\t\t<span class=\"cmsmasters-widget-icon-list-item-icon\">\r\n\t\t\t\t\t\t\t<span>\r\n\t\t\t\t\t\t\t\t\t\t\t\t\t\t\t\t\t<i aria-hidden=\"true\" class=\"cmsmsdemo-icon- cmsms-demo-icon-location-2\"><\/i>\t\t\t\t\t\t\t\t\t\t\t\t\t\t\t<\/span>\r\n\t\t\t\t\t\t<\/span>\r\n\t\t\t\t\t\t\t\t\t\t<span class=\"cmsmasters-widget-icon-list-item-text-inner elementor-repeater-item-fba7347\">\r\n\t\t\t\t\t\t<span class=\"cmsmasters-widget-icon-list-item-text\">\r\n\t\t\t\t\t\t\t\u5ee3\u6771\u7701\u73e0\u6d77\u5e02\u6e2f\u73e0\u6fb3\u5927\u6a4b\u73e0\u6d77\u516c\u8def\u53e3\u5cb8\u6d77\u95dc\u5927\u6a13\t\t\t\t\t\t<\/span>\r\n\t\t\t\t\t\t\t\t\t\t\t<\/span>\r\n\t\t\t\t<\/span>\r\n\t\t\t\t\t\t\t\t<\/li>\r\n\t\t\t\t\t\t\t<li class=\"cmsmasters-widget-icon-list-item active-icon-item\">\r\n\t\t\t\t\t\t\t\t<span class=\"cmsmasters-widget-icon-list-item-text-wrap\">\r\n\t\t\t\t\t\t\t\t\t\t\t<span class=\"cmsmasters-widget-icon-list-item-icon\">\r\n\t\t\t\t\t\t\t<span>\r\n\t\t\t\t\t\t\t\t\t\t\t\t\t\t\t\t\t<i aria-hidden=\"true\" class=\"cmsmsdemo-icon- cmsms-demo-icon-mail-2\"><\/i>\t\t\t\t\t\t\t\t\t\t\t\t\t\t\t<\/span>\r\n\t\t\t\t\t\t<\/span>\r\n\t\t\t\t\t\t\t\t\t\t<span class=\"cmsmasters-widget-icon-list-item-text-inner elementor-repeater-item-3510781\">\r\n\t\t\t\t\t\t<span class=\"cmsmasters-widget-icon-list-item-text cmsmasters-widget-icon-list-item-text\">\r\n\t\t\t\t\t\t\tcustomsenquiry@customs.gov.hk \uff08\u9999\u6e2f\uff09 info@customs.gov.mo \uff08\u6fb3\u9580\uff09 gzgadqhggk@customs.gov.cn \uff08\u73e0\u6d77\uff09\t\t\t\t\t\t<\/span>\r\n\t\t\t\t\t\t\t\t\t\t\t<\/span>\r\n\t\t\t\t<\/span>\r\n\t\t\t\t\t\t\t\t<\/li>\r\n\t\t\t\t\t\t\t<li class=\"cmsmasters-widget-icon-list-item active-icon-item\">\r\n\t\t\t\t\t\t\t\t<span class=\"cmsmasters-widget-icon-list-item-text-wrap\">\r\n\t\t\t\t\t\t\t\t\t\t\t<span class=\"cmsmasters-widget-icon-list-item-icon\">\r\n\t\t\t\t\t\t\t<span>\r\n\t\t\t\t\t\t\t\t\t\t\t\t\t\t\t\t\t<i aria-hidden=\"true\" class=\"cmsmsdemo-icon- cmsms-demo-icon-phone-2\"><\/i>\t\t\t\t\t\t\t\t\t\t\t\t\t\t\t<\/span>\r\n\t\t\t\t\t\t<\/span>\r\n\t\t\t\t\t\t\t\t\t\t<span class=\"cmsmasters-widget-icon-list-item-text-inner elementor-repeater-item-31b3bdf active-link-item\">\r\n\t\t\t\t\t\t<span class=\"cmsmasters-widget-icon-list-item-text cmsmasters-widget-icon-list-item-text cmsmasters-widget-icon-list-item-text\">\r\n\t\t\t\t\t\t\t<a href=\"tel:+86%20756%208163%205554\">+86 756 8163 5554<\/a>\t\t\t\t\t\t<\/span>\r\n\t\t\t\t\t\t\t\t\t\t\t<\/span>\r\n\t\t\t\t<\/span>\r\n\t\t\t\t\t\t\t\t<\/li>\r\n\t\t\t\t\t<\/ul>\r\n\t\t\t\t\t\t<\/div>\n\t\t\t\t\t<\/div>\n\t\t<\/div>\n\t\t\t\t\t<\/div>\n\t\t<\/section>\n\t\t\t\t<\/div>","protected":false},"excerpt":{"rendered":"<p>\u7cb5\u6e2f\u6fb3\u53e3\u5cb8 \u6e2f\u73e0\u6fb3\u5927\u6a4b\u53e3\u5cb8\u662f\u9023\u63a5\u9999\u6e2f\u3001\u73e0\u6d77\u548c\u6fb3\u9580\u7684\u8d85\u5927\u578b\u8de8\u5883\u4ea4\u901a\u6a1e\u7d10\uff0c\u5750\u843d\u65bc\u73e0\u6d77\u62f1\u5317\u7063\u5357\u5074\u7684\u4eba\u5de5\u5cf6\u4e0a\u3002\u8a72\u53e3\u5cb8\u96a8&#8230;<\/p>","protected":false},"author":1,"featured_media":0,"parent":0,"menu_order":0,"comment_status":"closed","ping_status":"closed","template":"","meta":{"_acf_changed":false,"footnotes":""},"class_list":["post-13191","page","type-page","status-publish","hentry"],"acf":[],"_links":{"self":[{"href":"https:\/\/www.youcanenterprise.com\/it\/wp-json\/wp\/v2\/pages\/13191","targetHints":{"allow":["GET"]}}],"collection":[{"href":"https:\/\/www.youcanenterprise.com\/it\/wp-json\/wp\/v2\/pages"}],"about":[{"href":"https:\/\/www.youcanenterprise.com\/it\/wp-json\/wp\/v2\/types\/page"}],"author":[{"embeddable":true,"href":"https:\/\/www.youcanenterprise.com\/it\/wp-json\/wp\/v2\/users\/1"}],"replies":[{"embeddable":true,"href":"https:\/\/www.youcanenterprise.com\/it\/wp-json\/wp\/v2\/comments?post=13191"}],"version-history":[{"count":22,"href":"https:\/\/www.youcanenterprise.com\/it\/wp-json\/wp\/v2\/pages\/13191\/revisions"}],"predecessor-version":[{"id":13615,"href":"https:\/\/www.youcanenterprise.com\/it\/wp-json\/wp\/v2\/pages\/13191\/revisions\/13615"}],"wp:attachment":[{"href":"https:\/\/www.youcanenterprise.com\/it\/wp-json\/wp\/v2\/media?parent=13191"}],"curies":[{"name":"wp","href":"https:\/\/api.w.org\/{rel}","templated":true}]}}