{"id":11252,"date":"2025-11-28T03:48:45","date_gmt":"2025-11-28T03:48:45","guid":{"rendered":"https:\/\/www.youcanenterprise.com\/?post_type=product&#038;p=11252"},"modified":"2025-12-15T01:42:59","modified_gmt":"2025-12-15T01:42:59","slug":"%e4%bf%a1%e5%b0%81","status":"publish","type":"product","link":"https:\/\/www.youcanenterprise.com\/fr_fr\/product\/%e4%bf%a1%e5%b0%81\/","title":{"rendered":"Enveloppe standard \u00e0 traitement rapide"},"content":{"rendered":"<p><span class=\"a_GcMg font-feature-liga-off font-feature-clig-off font-feature-calt-off text-decoration-none text-strikethrough-none\">Design minimaliste blanc arborant le logo de la marque. Fabriqu\u00e9 dans un mat\u00e9riau robuste et durable, ce dossier est id\u00e9al pour transporter des documents et des re\u00e7us. Adapt\u00e9 \u00e0 la correspondance professionnelle et \u00e0 un usage quotidien, il offre un aspect soign\u00e9 et attrayant.<\/span><\/p>","protected":false},"excerpt":{"rendered":"<p><span class=\"a_GcMg font-feature-liga-off font-feature-clig-off font-feature-calt-off text-decoration-none text-strikethrough-none\">Design minimaliste blanc arborant le logo de la marque. Fabriqu\u00e9 dans un mat\u00e9riau robuste et durable, ce dossier est id\u00e9al pour transporter des documents et des re\u00e7us. Adapt\u00e9 \u00e0 la correspondance professionnelle et \u00e0 un usage quotidien, il offre un aspect soign\u00e9 et attrayant.<\/span><\/p>","protected":false},"featured_media":12685,"comment_status":"open","ping_status":"closed","template":"","meta":{"_acf_changed":false},"product_brand":[],"product_cat":[15],"product_tag":[103,90],"class_list":{"0":"post-11252","1":"product","2":"type-product","3":"status-publish","4":"has-post-thumbnail","6":"product_cat-merchandise","7":"product_tag-103","8":"product_tag-90","9":"pa_color-84","10":"pa_material-102","12":"first","13":"instock","14":"shipping-taxable","15":"product-type-simple"},"acf":[],"_links":{"self":[{"href":"https:\/\/www.youcanenterprise.com\/fr_fr\/wp-json\/wp\/v2\/product\/11252","targetHints":{"allow":["GET"]}}],"collection":[{"href":"https:\/\/www.youcanenterprise.com\/fr_fr\/wp-json\/wp\/v2\/product"}],"about":[{"href":"https:\/\/www.youcanenterprise.com\/fr_fr\/wp-json\/wp\/v2\/types\/product"}],"replies":[{"embeddable":true,"href":"https:\/\/www.youcanenterprise.com\/fr_fr\/wp-json\/wp\/v2\/comments?post=11252"}],"wp:featuredmedia":[{"embeddable":true,"href":"https:\/\/www.youcanenterprise.com\/fr_fr\/wp-json\/wp\/v2\/media\/12685"}],"wp:attachment":[{"href":"https:\/\/www.youcanenterprise.com\/fr_fr\/wp-json\/wp\/v2\/media?parent=11252"}],"wp:term":[{"taxonomy":"product_brand","embeddable":true,"href":"https:\/\/www.youcanenterprise.com\/fr_fr\/wp-json\/wp\/v2\/product_brand?post=11252"},{"taxonomy":"product_cat","embeddable":true,"href":"https:\/\/www.youcanenterprise.com\/fr_fr\/wp-json\/wp\/v2\/product_cat?post=11252"},{"taxonomy":"product_tag","embeddable":true,"href":"https:\/\/www.youcanenterprise.com\/fr_fr\/wp-json\/wp\/v2\/product_tag?post=11252"}],"curies":[{"name":"wp","href":"https:\/\/api.w.org\/{rel}","templated":true}]}}