{"id":11248,"date":"2025-11-28T03:44:31","date_gmt":"2025-11-28T03:44:31","guid":{"rendered":"https:\/\/www.youcanenterprise.com\/?post_type=product&#038;p=11248"},"modified":"2025-12-15T23:12:59","modified_gmt":"2025-12-15T15:12:59","slug":"premium-ballpoint-pen","status":"publish","type":"product","link":"https:\/\/www.youcanenterprise.com\/fr_fr\/product\/premium-ballpoint-pen\/","title":{"rendered":"Stylo \u00e0 bille professionnel \u00e0 grip rapide"},"content":{"rendered":"<p><span class=\"a_GcMg font-feature-liga-off font-feature-clig-off font-feature-calt-off text-decoration-none text-strikethrough-none\">Corps de stylo noir et or de haute qualit\u00e9, avec logo Quick &amp; Easy, \u00e9criture fluide sans bourrage d'encre, bureau d'affaires \/ dossiers quotidiens conviennent \u00e0 la fois \u00e0 la texture et \u00e0 la praticit\u00e9 !<\/span><\/p>","protected":false},"excerpt":{"rendered":"<p><span class=\"a_GcMg font-feature-liga-off font-feature-clig-off font-feature-calt-off text-decoration-none text-strikethrough-none\">Corps de stylo noir et or de haute qualit\u00e9, avec logo Quick &amp; Easy, \u00e9criture fluide sans bourrage d'encre, bureau d'affaires \/ dossiers quotidiens conviennent \u00e0 la fois \u00e0 la texture et \u00e0 la praticit\u00e9 !<\/span><\/p>","protected":false},"featured_media":12876,"comment_status":"open","ping_status":"closed","template":"","meta":{"_acf_changed":false},"product_brand":[],"product_cat":[15],"product_tag":[90,91],"class_list":{"0":"post-11248","1":"product","2":"type-product","3":"status-publish","4":"has-post-thumbnail","6":"product_cat-merchandise","7":"product_tag-90","8":"product_tag-91","9":"pa_used-81","11":"first","12":"instock","13":"shipping-taxable","14":"product-type-simple"},"acf":[],"_links":{"self":[{"href":"https:\/\/www.youcanenterprise.com\/fr_fr\/wp-json\/wp\/v2\/product\/11248","targetHints":{"allow":["GET"]}}],"collection":[{"href":"https:\/\/www.youcanenterprise.com\/fr_fr\/wp-json\/wp\/v2\/product"}],"about":[{"href":"https:\/\/www.youcanenterprise.com\/fr_fr\/wp-json\/wp\/v2\/types\/product"}],"replies":[{"embeddable":true,"href":"https:\/\/www.youcanenterprise.com\/fr_fr\/wp-json\/wp\/v2\/comments?post=11248"}],"wp:featuredmedia":[{"embeddable":true,"href":"https:\/\/www.youcanenterprise.com\/fr_fr\/wp-json\/wp\/v2\/media\/12876"}],"wp:attachment":[{"href":"https:\/\/www.youcanenterprise.com\/fr_fr\/wp-json\/wp\/v2\/media?parent=11248"}],"wp:term":[{"taxonomy":"product_brand","embeddable":true,"href":"https:\/\/www.youcanenterprise.com\/fr_fr\/wp-json\/wp\/v2\/product_brand?post=11248"},{"taxonomy":"product_cat","embeddable":true,"href":"https:\/\/www.youcanenterprise.com\/fr_fr\/wp-json\/wp\/v2\/product_cat?post=11248"},{"taxonomy":"product_tag","embeddable":true,"href":"https:\/\/www.youcanenterprise.com\/fr_fr\/wp-json\/wp\/v2\/product_tag?post=11248"}],"curies":[{"name":"wp","href":"https:\/\/api.w.org\/{rel}","templated":true}]}}