{"id":13207,"date":"2025-12-27T00:32:09","date_gmt":"2025-12-26T16:32:09","guid":{"rendered":"https:\/\/www.youcanenterprise.com\/?page_id=13207"},"modified":"2026-01-26T14:03:03","modified_gmt":"2026-01-26T06:03:03","slug":"gongbei-port","status":"publish","type":"page","link":"https:\/\/www.youcanenterprise.com\/fr_fr\/gongbei-port\/","title":{"rendered":"Port de Gongbei"},"content":{"rendered":"<div data-elementor-type=\"wp-page\" data-elementor-id=\"13207\" class=\"elementor elementor-13207\" data-elementor-post-type=\"page\">\n\t\t\t\t\t\t<section class=\"elementor-section elementor-top-section elementor-element elementor-element-acb5264 elementor-section-boxed elementor-section-height-default elementor-section-height-default cmsmasters-block-default\" data-id=\"acb5264\" data-element_type=\"section\" data-e-type=\"section\">\n\t\t\t\t\t\t<div class=\"elementor-container elementor-column-gap-no\">\n\t\t\t\t\t<div class=\"elementor-column elementor-col-50 elementor-top-column elementor-element elementor-element-a8dc52e\" data-id=\"a8dc52e\" data-element_type=\"column\" data-e-type=\"column\" data-settings=\"{&quot;background_background&quot;:&quot;classic&quot;}\">\n\t\t\t<div class=\"elementor-widget-wrap elementor-element-populated\">\n\t\t\t\t\t\t<div class=\"elementor-element elementor-element-62bcd8c cmsmasters-block-default cmsmasters-sticky-default elementor-widget elementor-widget-heading\" data-id=\"62bcd8c\" data-element_type=\"widget\" data-e-type=\"widget\" data-widget_type=\"heading.default\">\n\t\t\t\t\t<h4 class=\"elementor-heading-title elementor-size-default\">Installations de franchissement de la fronti\u00e8re entre Guangdong et Macao\n<\/h4>\t\t\t\t<\/div>\n\t\t\t\t<div data-separate-animation-selector=\".cmsmasters-widget-title__heading\" data-text-animation-class=\"sequental, random, line, word, char\" class=\"elementor-element elementor-element-9d3e9ca cmsmasters-line-clamp-no cmsmasters-color-variation-default cmsmasters-pointer-none cmsmasters-block-default cmsmasters-sticky-default elementor-widget elementor-widget-cmsmasters-post-title cmsmasters-widget-title\" data-id=\"9d3e9ca\" data-element_type=\"widget\" data-e-type=\"widget\" data-widget_type=\"cmsmasters-post-title.default\">\n\t\t\t\t\t<h2 class=\"entry-title cmsmasters-widget-title__heading\">Port de Gongbei<\/h2>\t\t\t\t<\/div>\n\t\t\t\t<div class=\"elementor-element elementor-element-b6bdd49 cmsmasters-block-default cmsmasters-sticky-default elementor-widget elementor-widget-text-editor\" data-id=\"b6bdd49\" data-element_type=\"widget\" data-e-type=\"widget\" data-widget_type=\"text-editor.default\">\n\t\t\t\t\t\t\t\t\t<p>Le port de Gongbei, situ\u00e9 \u00e0 la jonction de Gongbei \u00e0 Zhuhai et de la porte des douanes de Macao, est le plus grand point de contr\u00f4le terrestre des d\u00e9placements en Chine et, fort d'une longue histoire, il est devenu l'\u00e9pine dorsale traditionnelle reliant Zhuhai et Macao. Le port adopte le mode traditionnel \u201cdeux lieux, deux douanes\u201d, selon lequel les voyageurs doivent accomplir les formalit\u00e9s d'immigration s\u00e9par\u00e9ment pour Zhuhai et Macao. Sa salle des passagers est ouverte de 6h00 \u00e0 1h00 du matin tous les jours. Malgr\u00e9 des agrandissements et des r\u00e9novations r\u00e9p\u00e9t\u00e9s, le flux quotidien de passagers d\u00e9passe souvent les 400 000 personnes pendant les p\u00e9riodes de pointe telles que les festivals et les vacances, ce qui d\u00e9montre pleinement sa position irrempla\u00e7able en tant que plaque tournante pour la circulation des personnes entre Guangdong, Hong Kong et Macao.<\/p>\t\t\t\t\t\t\t\t<\/div>\n\t\t\t\t\t<\/div>\n\t\t<\/div>\n\t\t\t\t<div class=\"elementor-column elementor-col-50 elementor-top-column elementor-element elementor-element-ceac8fc cmsmasters-bg-hide-none cmsmasters-bg-hide-none\" data-id=\"ceac8fc\" data-element_type=\"column\" data-e-type=\"column\" data-settings=\"{&quot;background_background&quot;:&quot;classic&quot;}\">\n\t\t\t<div class=\"elementor-widget-wrap elementor-element-populated\">\n\t\t\t\t\t\t\t<\/div>\n\t\t<\/div>\n\t\t\t\t\t<\/div>\n\t\t<\/section>\n\t\t<div class=\"elementor-element elementor-element-0d1513d e-flex e-con-boxed cmsmasters-block-default e-con e-parent\" data-id=\"0d1513d\" data-element_type=\"container\" data-e-type=\"container\">\n\t\t\t\t\t<div class=\"e-con-inner\">\n\t\t<div class=\"elementor-element elementor-element-50bce85 e-grid e-con-full cmsmasters-block-default e-con e-child\" data-id=\"50bce85\" data-element_type=\"container\" data-e-type=\"container\">\n\t\t\t\t<div class=\"elementor-element elementor-element-c68bab3 cmsmasters-block-default cmsmasters-sticky-default elementor-widget elementor-widget-heading\" data-id=\"c68bab3\" data-element_type=\"widget\" data-e-type=\"widget\" data-widget_type=\"heading.default\">\n\t\t\t\t\t<h1 class=\"elementor-heading-title elementor-size-default\">Heures d'ouverture du port<\/h1>\t\t\t\t<\/div>\n\t\t<div class=\"elementor-element elementor-element-e73f92e e-con-full e-flex cmsmasters-block-default e-con e-child\" data-id=\"e73f92e\" data-element_type=\"container\" data-e-type=\"container\">\n\t\t<div class=\"elementor-element elementor-element-491905a e-con-full e-flex cmsmasters-block-default e-con e-child\" data-id=\"491905a\" data-element_type=\"container\" data-e-type=\"container\">\n\t\t<div class=\"elementor-element elementor-element-9401b27 e-con-full e-flex cmsmasters-block-default e-con e-child\" data-id=\"9401b27\" data-element_type=\"container\" data-e-type=\"container\" data-settings=\"{&quot;background_background&quot;:&quot;classic&quot;}\">\n\t\t\t\t<div class=\"elementor-element elementor-element-cc6d842 cmsmasters-block-default cmsmasters-sticky-default elementor-widget elementor-widget-heading\" data-id=\"cc6d842\" data-element_type=\"widget\" data-e-type=\"widget\" data-widget_type=\"heading.default\">\n\t\t\t\t\t<h2 class=\"elementor-heading-title elementor-size-default\">Heures d'ouverture<\/h2>\t\t\t\t<\/div>\n\t\t\t\t<\/div>\n\t\t<div class=\"elementor-element elementor-element-b4630dd e-con-full e-flex cmsmasters-block-default e-con e-child\" data-id=\"b4630dd\" data-element_type=\"container\" data-e-type=\"container\">\n\t\t<div class=\"elementor-element elementor-element-3197ea9 e-con-full e-flex cmsmasters-block-default e-con e-child\" data-id=\"3197ea9\" data-element_type=\"container\" data-e-type=\"container\">\n\t\t<div class=\"elementor-element elementor-element-3407bf6 e-con-full e-flex cmsmasters-block-default e-con e-child\" data-id=\"3407bf6\" data-element_type=\"container\" data-e-type=\"container\" data-settings=\"{&quot;background_background&quot;:&quot;classic&quot;}\">\n\t\t\t\t<div class=\"elementor-element elementor-element-1832683 cmsmasters-block-default cmsmasters-sticky-default elementor-widget elementor-widget-heading\" data-id=\"1832683\" data-element_type=\"widget\" data-e-type=\"widget\" data-widget_type=\"heading.default\">\n\t\t\t\t\t<h3 class=\"elementor-heading-title elementor-size-default\">07:00 - 01:00 (Inspection des voyages)<\/h3>\t\t\t\t<\/div>\n\t\t\t\t<\/div>\n\t\t<div class=\"elementor-element elementor-element-6c4b788 e-con-full e-flex cmsmasters-block-default e-con e-child\" data-id=\"6c4b788\" data-element_type=\"container\" data-e-type=\"container\" data-settings=\"{&quot;background_background&quot;:&quot;classic&quot;}\">\n\t\t\t\t<div class=\"elementor-element elementor-element-50bee44 cmsmasters-block-default cmsmasters-sticky-default elementor-widget elementor-widget-heading\" data-id=\"50bee44\" data-element_type=\"widget\" data-e-type=\"widget\" data-widget_type=\"heading.default\">\n\t\t\t\t\t<h3 class=\"elementor-heading-title elementor-size-default\">Non ouvert (inspection de la cargaison)<\/h3>\t\t\t\t<\/div>\n\t\t\t\t<\/div>\n\t\t\t\t<\/div>\n\t\t\t\t<\/div>\n\t\t\t\t<\/div>\n\t\t\t\t<\/div>\n\t\t\t\t<\/div>\n\t\t\t\t\t<\/div>\n\t\t\t\t<\/div>\n\t\t\t\t<section class=\"elementor-section elementor-top-section elementor-element elementor-element-ece067b elementor-section-content-middle elementor-reverse-tablet elementor-reverse-mobile elementor-section-boxed elementor-section-height-default elementor-section-height-default cmsmasters-block-default\" data-id=\"ece067b\" data-element_type=\"section\" data-e-type=\"section\">\n\t\t\t\t\t\t<div class=\"elementor-container elementor-column-gap-no\">\n\t\t\t\t\t<div class=\"elementor-column elementor-col-50 elementor-top-column elementor-element elementor-element-7f94056\" data-id=\"7f94056\" data-element_type=\"column\" data-e-type=\"column\">\n\t\t\t<div class=\"elementor-widget-wrap elementor-element-populated\">\n\t\t\t\t\t\t<div class=\"elementor-element elementor-element-a0855a8 cmsmasters-block-default cmsmasters-sticky-default elementor-widget elementor-widget-html\" data-id=\"a0855a8\" data-element_type=\"widget\" data-e-type=\"widget\" data-widget_type=\"html.default\">\n\t\t\t\t\t<iframe src=\"https:\/\/www.google.com\/maps\/embed?pb=!1m14!1m8!1m3!1d29549.193192389866!2d113.5179981!3d22.215436!3m2!1i1024!2i768!4f13.1!3m3!1m2!1s0x34017b3c631abe9d%3A0xdf8c84fcc6ff097c!2z5oux5YyX5Y-j5bK4!5e0!3m2!1szh-CN!2sjp!4v1767056968003!5m2!1szh-CN!2sjp\" width=\"600\" height=\"450\" style=\"border:0;\" allowfullscreen=\"\" loading=\"lazy\" referrerpolicy=\"no-referrer-when-downgrade\"><\/iframe>\t\t\t\t<\/div>\n\t\t\t\t\t<\/div>\n\t\t<\/div>\n\t\t\t\t<div class=\"elementor-column elementor-col-50 elementor-top-column elementor-element elementor-element-3c848e0\" data-id=\"3c848e0\" data-element_type=\"column\" data-e-type=\"column\" data-settings=\"{&quot;background_background&quot;:&quot;classic&quot;}\">\n\t\t\t<div class=\"elementor-widget-wrap elementor-element-populated\">\n\t\t\t\t\t\t<div class=\"elementor-element elementor-element-528b425 cmsmasters-block-default cmsmasters-sticky-default elementor-widget elementor-widget-heading\" data-id=\"528b425\" data-element_type=\"widget\" data-e-type=\"widget\" data-widget_type=\"heading.default\">\n\t\t\t\t\t<h2 class=\"elementor-heading-title elementor-size-default\">Contacter le bureau du port<\/h2>\t\t\t\t<\/div>\n\t\t\t\t<div data-separate-animation-selector=\".cmsmasters-widget-icon-list-item\" data-text-animation-class=\"sequental, random, line, word, char\" class=\"elementor-element elementor-element-900b27f cmsmasters-widget-layout-column cmsmasters-value-position-inline cmsmasters-widget-align-column-left cmsmasters-widget-direction-default cmsmasters-widget-marker-element-icon cmsmasters-widget-marker-view-default cmsmasters-block-default cmsmasters-sticky-default elementor-widget elementor-widget-cmsmasters-icon-list cmsmasters-widget-icon-list\" data-id=\"900b27f\" data-element_type=\"widget\" data-e-type=\"widget\" data-widget_type=\"cmsmasters-icon-list.default\">\n\t\t\t\t\t\t\t<ul class=\"cmsmasters-widget-icon-list-items\">\r\n\t\t\t\t\t\t\t<li class=\"cmsmasters-widget-icon-list-item active-icon-item\">\r\n\t\t\t\t\t\t\t\t<span class=\"cmsmasters-widget-icon-list-item-text-wrap\">\r\n\t\t\t\t\t\t\t\t\t\t\t<span class=\"cmsmasters-widget-icon-list-item-icon\">\r\n\t\t\t\t\t\t\t<span>\r\n\t\t\t\t\t\t\t\t\t\t\t\t\t\t\t\t\t<i aria-hidden=\"true\" class=\"cmsmsdemo-icon- cmsms-demo-icon-location-2\"><\/i>\t\t\t\t\t\t\t\t\t\t\t\t\t\t\t<\/span>\r\n\t\t\t\t\t\t<\/span>\r\n\t\t\t\t\t\t\t\t\t\t<span class=\"cmsmasters-widget-icon-list-item-text-inner elementor-repeater-item-fba7347\">\r\n\t\t\t\t\t\t<span class=\"cmsmasters-widget-icon-list-item-text\">\r\n\t\t\t\t\t\t\tB\u00e2timent des douanes de Macao\t\t\t\t\t\t<\/span>\r\n\t\t\t\t\t\t\t\t\t\t\t<\/span>\r\n\t\t\t\t<\/span>\r\n\t\t\t\t\t\t\t\t<\/li>\r\n\t\t\t\t\t\t\t<li class=\"cmsmasters-widget-icon-list-item active-icon-item\">\r\n\t\t\t\t\t\t\t\t<span class=\"cmsmasters-widget-icon-list-item-text-wrap\">\r\n\t\t\t\t\t\t\t\t\t\t\t<span class=\"cmsmasters-widget-icon-list-item-icon\">\r\n\t\t\t\t\t\t\t<span>\r\n\t\t\t\t\t\t\t\t\t\t\t\t\t\t\t\t\t<i aria-hidden=\"true\" class=\"cmsmsdemo-icon- cmsms-demo-icon-mail-2\"><\/i>\t\t\t\t\t\t\t\t\t\t\t\t\t\t\t<\/span>\r\n\t\t\t\t\t\t<\/span>\r\n\t\t\t\t\t\t\t\t\t\t<span class=\"cmsmasters-widget-icon-list-item-text-inner elementor-repeater-item-3510781 active-link-item\">\r\n\t\t\t\t\t\t<span class=\"cmsmasters-widget-icon-list-item-text cmsmasters-widget-icon-list-item-text\">\r\n\t\t\t\t\t\t\t<a href=\"mailto:info@customs.gov.mo\">info@customs.gov.mo<\/a>\t\t\t\t\t\t<\/span>\r\n\t\t\t\t\t\t\t\t\t\t\t<\/span>\r\n\t\t\t\t<\/span>\r\n\t\t\t\t\t\t\t\t<\/li>\r\n\t\t\t\t\t\t\t<li class=\"cmsmasters-widget-icon-list-item active-icon-item\">\r\n\t\t\t\t\t\t\t\t<span class=\"cmsmasters-widget-icon-list-item-text-wrap\">\r\n\t\t\t\t\t\t\t\t\t\t\t<span class=\"cmsmasters-widget-icon-list-item-icon\">\r\n\t\t\t\t\t\t\t<span>\r\n\t\t\t\t\t\t\t\t\t\t\t\t\t\t\t\t\t<i aria-hidden=\"true\" class=\"cmsmsdemo-icon- cmsms-demo-icon-phone-2\"><\/i>\t\t\t\t\t\t\t\t\t\t\t\t\t\t\t<\/span>\r\n\t\t\t\t\t\t<\/span>\r\n\t\t\t\t\t\t\t\t\t\t<span class=\"cmsmasters-widget-icon-list-item-text-inner elementor-repeater-item-31b3bdf active-link-item\">\r\n\t\t\t\t\t\t<span class=\"cmsmasters-widget-icon-list-item-text cmsmasters-widget-icon-list-item-text cmsmasters-widget-icon-list-item-text\">\r\n\t\t\t\t\t\t\t<a href=\"tel:+853%208490%200514\">+853 8490 0514<\/a>\t\t\t\t\t\t<\/span>\r\n\t\t\t\t\t\t\t\t\t\t\t<\/span>\r\n\t\t\t\t<\/span>\r\n\t\t\t\t\t\t\t\t<\/li>\r\n\t\t\t\t\t<\/ul>\r\n\t\t\t\t\t\t<\/div>\n\t\t\t\t\t<\/div>\n\t\t<\/div>\n\t\t\t\t\t<\/div>\n\t\t<\/section>\n\t\t\t\t<\/div>","protected":false},"excerpt":{"rendered":"<p>\u7cb5\u6fb3\u53e3\u5cb8 \u62f1\u5317\u53e3\u5cb8\u5730\u8655\u73e0\u6d77\u62f1\u5317\u8207\u6fb3\u9580\u95dc\u9598\u7684\u4ea4\u754c\u8655\uff0c\u662f\u6211\u570b\u5ba2\u6d41\u91cf\u6700\u5927\u7684\u9678\u8def\u65c5\u6aa2\u53e3\u5cb8\uff0c\u6b77\u53f2\u60a0\u4e45\u7684\u5b83\u5df2\u6210\u70ba\u9023\u63a5\u73e0\u6fb3\u7684&#8230;<\/p>","protected":false},"author":1,"featured_media":0,"parent":0,"menu_order":0,"comment_status":"closed","ping_status":"closed","template":"","meta":{"_acf_changed":false,"footnotes":""},"class_list":["post-13207","page","type-page","status-publish","hentry"],"acf":[],"_links":{"self":[{"href":"https:\/\/www.youcanenterprise.com\/fr_fr\/wp-json\/wp\/v2\/pages\/13207","targetHints":{"allow":["GET"]}}],"collection":[{"href":"https:\/\/www.youcanenterprise.com\/fr_fr\/wp-json\/wp\/v2\/pages"}],"about":[{"href":"https:\/\/www.youcanenterprise.com\/fr_fr\/wp-json\/wp\/v2\/types\/page"}],"author":[{"embeddable":true,"href":"https:\/\/www.youcanenterprise.com\/fr_fr\/wp-json\/wp\/v2\/users\/1"}],"replies":[{"embeddable":true,"href":"https:\/\/www.youcanenterprise.com\/fr_fr\/wp-json\/wp\/v2\/comments?post=13207"}],"version-history":[{"count":19,"href":"https:\/\/www.youcanenterprise.com\/fr_fr\/wp-json\/wp\/v2\/pages\/13207\/revisions"}],"predecessor-version":[{"id":13606,"href":"https:\/\/www.youcanenterprise.com\/fr_fr\/wp-json\/wp\/v2\/pages\/13207\/revisions\/13606"}],"wp:attachment":[{"href":"https:\/\/www.youcanenterprise.com\/fr_fr\/wp-json\/wp\/v2\/media?parent=13207"}],"curies":[{"name":"wp","href":"https:\/\/api.w.org\/{rel}","templated":true}]}}