{"id":13183,"date":"2025-12-27T00:10:50","date_gmt":"2025-12-26T16:10:50","guid":{"rendered":"https:\/\/www.youcanenterprise.com\/?page_id=13183"},"modified":"2026-01-26T16:56:16","modified_gmt":"2026-01-26T08:56:16","slug":"wenjindu-port","status":"publish","type":"page","link":"https:\/\/www.youcanenterprise.com\/fr_fr\/wenjindu-port\/","title":{"rendered":"Port de Man Kam To"},"content":{"rendered":"<div data-elementor-type=\"wp-page\" data-elementor-id=\"13183\" class=\"elementor elementor-13183\" data-elementor-post-type=\"page\">\n\t\t\t\t\t\t<section class=\"elementor-section elementor-top-section elementor-element elementor-element-fc507e0 elementor-section-boxed elementor-section-height-default elementor-section-height-default cmsmasters-block-default\" data-id=\"fc507e0\" data-element_type=\"section\" data-e-type=\"section\">\n\t\t\t\t\t\t<div class=\"elementor-container elementor-column-gap-no\">\n\t\t\t\t\t<div class=\"elementor-column elementor-col-50 elementor-top-column elementor-element elementor-element-7b857d1\" data-id=\"7b857d1\" data-element_type=\"column\" data-e-type=\"column\" data-settings=\"{&quot;background_background&quot;:&quot;classic&quot;}\">\n\t\t\t<div class=\"elementor-widget-wrap elementor-element-populated\">\n\t\t\t\t\t\t<div class=\"elementor-element elementor-element-13f6b12 cmsmasters-block-default cmsmasters-sticky-default elementor-widget elementor-widget-heading\" data-id=\"13f6b12\" data-element_type=\"widget\" data-e-type=\"widget\" data-widget_type=\"heading.default\">\n\t\t\t\t\t<h4 class=\"elementor-heading-title elementor-size-default\">Port de Guangdong\n<\/h4>\t\t\t\t<\/div>\n\t\t\t\t<div data-separate-animation-selector=\".cmsmasters-widget-title__heading\" data-text-animation-class=\"sequental, random, line, word, char\" class=\"elementor-element elementor-element-a9e1930 cmsmasters-line-clamp-no cmsmasters-color-variation-default cmsmasters-pointer-none cmsmasters-block-default cmsmasters-sticky-default elementor-widget elementor-widget-cmsmasters-post-title cmsmasters-widget-title\" data-id=\"a9e1930\" data-element_type=\"widget\" data-e-type=\"widget\" data-widget_type=\"cmsmasters-post-title.default\">\n\t\t\t\t\t<h2 class=\"entry-title cmsmasters-widget-title__heading\">Port de Man Kam To<\/h2>\t\t\t\t<\/div>\n\t\t\t\t<div class=\"elementor-element elementor-element-d09138c cmsmasters-block-default cmsmasters-sticky-default elementor-widget elementor-widget-text-editor\" data-id=\"d09138c\" data-element_type=\"widget\" data-e-type=\"widget\" data-widget_type=\"text-editor.default\">\n\t\t\t\t\t\t\t\t\t<p>Le port de Wenjindu est situ\u00e9 dans la rue Huangbei, dans le district de Luohu, dans la ville de Shenzhen, dans la province du Guangdong, \u00e0 proximit\u00e9 du port de Liantang \u00e0 l'est, du port de Luohu \u00e0 l'ouest, de la route Yanhe Sud au nord et de la rivi\u00e8re Shenzhen au sud, ainsi qu'au terminus de la route nationale G107. En 1978, le port de Wenjindu a \u00e9t\u00e9 ouvert au monde ext\u00e9rieur avec l'approbation du Conseil d'\u00c9tat et \u00e9tait l'un des deux seuls ports terrestres de Shenzhen avant la r\u00e9forme et l'ouverture de la ville. Il s'agit de l'un des deux seuls points de contr\u00f4le de la fronti\u00e8re terrestre \u00e0 Shenzhen avant l'ouverture de la r\u00e9forme. En mai 2011, le site de d\u00e9douanement des passagers a \u00e9t\u00e9 r\u00e9nov\u00e9 et construit, et le 26 ao\u00fbt 2013, le d\u00e9douanement des passagers a repris. Il y a au total 30 voies d'inspection des v\u00e9hicules pour le trafic entrant et sortant. Il y a 18 voies pour les v\u00e9hicules de transport de marchandises (8 \u00e0 l'entr\u00e9e et 10 \u00e0 la sortie). Il y a 12 voies pour les petites voitures et les autobus (6 \u00e0 l'entr\u00e9e et 6 \u00e0 la sortie). Il y a 18 voies d'inspection des passagers (8 manuelles et 10 en libre-service) et 18 voies d'immigration (8 manuelles et 10 en libre-service). Le point de contr\u00f4le frontalier de Man Kam To est un point de contr\u00f4le \u201cdeux places, deux inspections\u201d avec une capacit\u00e9 nominale de 10 000 v\u00e9hicules\/jour et 30 000 passagers\/jour. \u00c0 l'heure actuelle, le nombre moyen quotidien de v\u00e9hicules passant par le point de contr\u00f4le est sup\u00e9rieur \u00e0 2 000, et le nombre moyen quotidien de passagers passant par le point de contr\u00f4le est sup\u00e9rieur \u00e0 4 000.<\/p>\t\t\t\t\t\t\t\t<\/div>\n\t\t\t\t\t<\/div>\n\t\t<\/div>\n\t\t\t\t<div class=\"elementor-column elementor-col-50 elementor-top-column elementor-element elementor-element-0843cee cmsmasters-bg-hide-none cmsmasters-bg-hide-none\" data-id=\"0843cee\" data-element_type=\"column\" data-e-type=\"column\" data-settings=\"{&quot;background_background&quot;:&quot;classic&quot;}\">\n\t\t\t<div class=\"elementor-widget-wrap elementor-element-populated\">\n\t\t\t\t\t\t\t<\/div>\n\t\t<\/div>\n\t\t\t\t\t<\/div>\n\t\t<\/section>\n\t\t<div class=\"elementor-element elementor-element-18db11b e-flex e-con-boxed cmsmasters-block-default e-con e-parent\" data-id=\"18db11b\" data-element_type=\"container\" data-e-type=\"container\">\n\t\t\t\t\t<div class=\"e-con-inner\">\n\t\t<div class=\"elementor-element elementor-element-3afb6d7 e-grid e-con-full cmsmasters-block-default e-con e-child\" data-id=\"3afb6d7\" data-element_type=\"container\" data-e-type=\"container\">\n\t\t\t\t<div class=\"elementor-element elementor-element-f1ac29a cmsmasters-block-default cmsmasters-sticky-default elementor-widget elementor-widget-heading\" data-id=\"f1ac29a\" data-element_type=\"widget\" data-e-type=\"widget\" data-widget_type=\"heading.default\">\n\t\t\t\t\t<h1 class=\"elementor-heading-title elementor-size-default\">Heures d'ouverture du port<\/h1>\t\t\t\t<\/div>\n\t\t<div class=\"elementor-element elementor-element-a567f4d e-con-full e-flex cmsmasters-block-default e-con e-child\" data-id=\"a567f4d\" data-element_type=\"container\" data-e-type=\"container\">\n\t\t<div class=\"elementor-element elementor-element-8fe395b e-con-full e-flex cmsmasters-block-default e-con e-child\" data-id=\"8fe395b\" data-element_type=\"container\" data-e-type=\"container\">\n\t\t<div class=\"elementor-element elementor-element-81be735 e-con-full e-flex cmsmasters-block-default e-con e-child\" data-id=\"81be735\" data-element_type=\"container\" data-e-type=\"container\" data-settings=\"{&quot;background_background&quot;:&quot;classic&quot;}\">\n\t\t\t\t<div class=\"elementor-element elementor-element-f51571f cmsmasters-block-default cmsmasters-sticky-default elementor-widget elementor-widget-heading\" data-id=\"f51571f\" data-element_type=\"widget\" data-e-type=\"widget\" data-widget_type=\"heading.default\">\n\t\t\t\t\t<h2 class=\"elementor-heading-title elementor-size-default\">Heures d'ouverture<\/h2>\t\t\t\t<\/div>\n\t\t\t\t<\/div>\n\t\t<div class=\"elementor-element elementor-element-aa8873b e-con-full e-flex cmsmasters-block-default e-con e-child\" data-id=\"aa8873b\" data-element_type=\"container\" data-e-type=\"container\">\n\t\t<div class=\"elementor-element elementor-element-d96f530 e-con-full e-flex cmsmasters-block-default e-con e-child\" data-id=\"d96f530\" data-element_type=\"container\" data-e-type=\"container\">\n\t\t<div class=\"elementor-element elementor-element-9c1ddbd e-con-full e-flex cmsmasters-block-default e-con e-child\" data-id=\"9c1ddbd\" data-element_type=\"container\" data-e-type=\"container\" data-settings=\"{&quot;background_background&quot;:&quot;classic&quot;}\">\n\t\t\t\t<div class=\"elementor-element elementor-element-528afe2 cmsmasters-block-default cmsmasters-sticky-default elementor-widget elementor-widget-heading\" data-id=\"528afe2\" data-element_type=\"widget\" data-e-type=\"widget\" data-widget_type=\"heading.default\">\n\t\t\t\t\t<h3 class=\"elementor-heading-title elementor-size-default\">07:00-22:00 (Inspection des voyageurs)<\/h3>\t\t\t\t<\/div>\n\t\t\t\t<\/div>\n\t\t<div class=\"elementor-element elementor-element-ff2a206 e-con-full e-flex cmsmasters-block-default e-con e-child\" data-id=\"ff2a206\" data-element_type=\"container\" data-e-type=\"container\" data-settings=\"{&quot;background_background&quot;:&quot;classic&quot;}\">\n\t\t\t\t<div class=\"elementor-element elementor-element-cd6412c cmsmasters-block-default cmsmasters-sticky-default elementor-widget elementor-widget-heading\" data-id=\"cd6412c\" data-element_type=\"widget\" data-e-type=\"widget\" data-widget_type=\"heading.default\">\n\t\t\t\t\t<h3 class=\"elementor-heading-title elementor-size-default\">07:00-22:00 (Inspection du fret)<\/h3>\t\t\t\t<\/div>\n\t\t\t\t<\/div>\n\t\t\t\t<\/div>\n\t\t\t\t<\/div>\n\t\t\t\t<\/div>\n\t\t\t\t<\/div>\n\t\t\t\t<\/div>\n\t\t\t\t\t<\/div>\n\t\t\t\t<\/div>\n\t\t\t\t<section class=\"elementor-section elementor-top-section elementor-element elementor-element-47ca6b3 elementor-section-content-middle elementor-reverse-tablet elementor-reverse-mobile elementor-section-boxed elementor-section-height-default elementor-section-height-default cmsmasters-block-default\" data-id=\"47ca6b3\" data-element_type=\"section\" data-e-type=\"section\">\n\t\t\t\t\t\t<div class=\"elementor-container elementor-column-gap-no\">\n\t\t\t\t\t<div class=\"elementor-column elementor-col-50 elementor-top-column elementor-element elementor-element-47d66b0\" data-id=\"47d66b0\" data-element_type=\"column\" data-e-type=\"column\">\n\t\t\t<div class=\"elementor-widget-wrap elementor-element-populated\">\n\t\t\t\t\t\t<div class=\"elementor-element elementor-element-c414333 cmsmasters-block-default cmsmasters-sticky-default elementor-widget elementor-widget-html\" data-id=\"c414333\" data-element_type=\"widget\" data-e-type=\"widget\" data-widget_type=\"html.default\">\n\t\t\t\t\t<iframe src=\"https:\/\/www.google.com\/maps\/embed?pb=!1m14!1m8!1m3!1d14740.454390998819!2d114.1107696!3d22.537417!3m2!1i1024!2i768!4f13.1!3m3!1m2!1s0x3403f5ecde42abad%3A0xb2883905a71317!2z5paH6ZSm5rih5Y-j5bK4!5e0!3m2!1szh-CN!2shk!4v1767012284851!5m2!1szh-CN!2shk\" width=\"600\" height=\"450\" style=\"border:0;\" allowfullscreen=\"\" loading=\"lazy\" referrerpolicy=\"no-referrer-when-downgrade\"><\/iframe>\t\t\t\t<\/div>\n\t\t\t\t\t<\/div>\n\t\t<\/div>\n\t\t\t\t<div class=\"elementor-column elementor-col-50 elementor-top-column elementor-element elementor-element-182b25d\" data-id=\"182b25d\" data-element_type=\"column\" data-e-type=\"column\" data-settings=\"{&quot;background_background&quot;:&quot;classic&quot;}\">\n\t\t\t<div class=\"elementor-widget-wrap elementor-element-populated\">\n\t\t\t\t\t\t<div class=\"elementor-element elementor-element-8e153e4 cmsmasters-block-default cmsmasters-sticky-default elementor-widget elementor-widget-heading\" data-id=\"8e153e4\" data-element_type=\"widget\" data-e-type=\"widget\" data-widget_type=\"heading.default\">\n\t\t\t\t\t<h2 class=\"elementor-heading-title elementor-size-default\">Contacter le bureau du port<\/h2>\t\t\t\t<\/div>\n\t\t\t\t<div data-separate-animation-selector=\".cmsmasters-widget-icon-list-item\" data-text-animation-class=\"sequental, random, line, word, char\" class=\"elementor-element elementor-element-8b90a63 cmsmasters-widget-layout-column cmsmasters-value-position-inline cmsmasters-widget-align-column-left cmsmasters-widget-direction-default cmsmasters-widget-marker-element-icon cmsmasters-widget-marker-view-default cmsmasters-block-default cmsmasters-sticky-default elementor-widget elementor-widget-cmsmasters-icon-list cmsmasters-widget-icon-list\" data-id=\"8b90a63\" data-element_type=\"widget\" data-e-type=\"widget\" data-widget_type=\"cmsmasters-icon-list.default\">\n\t\t\t\t\t\t\t<ul class=\"cmsmasters-widget-icon-list-items\">\r\n\t\t\t\t\t\t\t<li class=\"cmsmasters-widget-icon-list-item active-icon-item\">\r\n\t\t\t\t\t\t\t\t<span class=\"cmsmasters-widget-icon-list-item-text-wrap\">\r\n\t\t\t\t\t\t\t\t\t\t\t<span class=\"cmsmasters-widget-icon-list-item-icon\">\r\n\t\t\t\t\t\t\t<span>\r\n\t\t\t\t\t\t\t\t\t\t\t\t\t\t\t\t\t<i aria-hidden=\"true\" class=\"cmsmsdemo-icon- cmsms-demo-icon-location-2\"><\/i>\t\t\t\t\t\t\t\t\t\t\t\t\t\t\t<\/span>\r\n\t\t\t\t\t\t<\/span>\r\n\t\t\t\t\t\t\t\t\t\t<span class=\"cmsmasters-widget-icon-list-item-text-inner elementor-repeater-item-fba7347\">\r\n\t\t\t\t\t\t<span class=\"cmsmasters-widget-icon-list-item-text\">\r\n\t\t\t\t\t\t\t\u5ee3\u6771\u7701\u6df1\u5733\u5e02\u7f85\u6e56\u5340\u65b0\u5b89\u8def3\u865f\t\t\t\t\t\t<\/span>\r\n\t\t\t\t\t\t\t\t\t\t\t<\/span>\r\n\t\t\t\t<\/span>\r\n\t\t\t\t\t\t\t\t<\/li>\r\n\t\t\t\t\t\t\t<li class=\"cmsmasters-widget-icon-list-item active-icon-item\">\r\n\t\t\t\t\t\t\t\t<span class=\"cmsmasters-widget-icon-list-item-text-wrap\">\r\n\t\t\t\t\t\t\t\t\t\t\t<span class=\"cmsmasters-widget-icon-list-item-icon\">\r\n\t\t\t\t\t\t\t<span>\r\n\t\t\t\t\t\t\t\t\t\t\t\t\t\t\t\t\t<i aria-hidden=\"true\" class=\"cmsmsdemo-icon- cmsms-demo-icon-mail-2\"><\/i>\t\t\t\t\t\t\t\t\t\t\t\t\t\t\t<\/span>\r\n\t\t\t\t\t\t<\/span>\r\n\t\t\t\t\t\t\t\t\t\t<span class=\"cmsmasters-widget-icon-list-item-text-inner elementor-repeater-item-3510781 active-link-item\">\r\n\t\t\t\t\t\t<span class=\"cmsmasters-widget-icon-list-item-text cmsmasters-widget-icon-list-item-text\">\r\n\t\t\t\t\t\t\t<a href=\"mailto:wjdxxgk@customs.gov.cn\">wjdxxgk@customs.gov.cn<\/a>\t\t\t\t\t\t<\/span>\r\n\t\t\t\t\t\t\t\t\t\t\t<\/span>\r\n\t\t\t\t<\/span>\r\n\t\t\t\t\t\t\t\t<\/li>\r\n\t\t\t\t\t\t\t<li class=\"cmsmasters-widget-icon-list-item active-icon-item\">\r\n\t\t\t\t\t\t\t\t<span class=\"cmsmasters-widget-icon-list-item-text-wrap\">\r\n\t\t\t\t\t\t\t\t\t\t\t<span class=\"cmsmasters-widget-icon-list-item-icon\">\r\n\t\t\t\t\t\t\t<span>\r\n\t\t\t\t\t\t\t\t\t\t\t\t\t\t\t\t\t<i aria-hidden=\"true\" class=\"cmsmsdemo-icon- cmsms-demo-icon-phone-2\"><\/i>\t\t\t\t\t\t\t\t\t\t\t\t\t\t\t<\/span>\r\n\t\t\t\t\t\t<\/span>\r\n\t\t\t\t\t\t\t\t\t\t<span class=\"cmsmasters-widget-icon-list-item-text-inner elementor-repeater-item-31b3bdf active-link-item\">\r\n\t\t\t\t\t\t<span class=\"cmsmasters-widget-icon-list-item-text cmsmasters-widget-icon-list-item-text cmsmasters-widget-icon-list-item-text\">\r\n\t\t\t\t\t\t\t<a href=\"tel:+86%20755%208439%206028\">+86 755 8439 6028<\/a>\t\t\t\t\t\t<\/span>\r\n\t\t\t\t\t\t\t\t\t\t\t<\/span>\r\n\t\t\t\t<\/span>\r\n\t\t\t\t\t\t\t\t<\/li>\r\n\t\t\t\t\t<\/ul>\r\n\t\t\t\t\t\t<\/div>\n\t\t\t\t\t<\/div>\n\t\t<\/div>\n\t\t\t\t\t<\/div>\n\t\t<\/section>\n\t\t\t\t<\/div>","protected":false},"excerpt":{"rendered":"<p>\u7cb5\u6e2f\u53e3\u5cb8 \u6587\u9326\u6e21\u53e3\u5cb8\u4f4d\u65bc\u5ee3\u6771\u7701\u6df1\u5733\u5e02\u7f85\u6e56\u5340\u9ec3\u8c9d\u8857\u9053\uff0c\u6771\u9130\u84ee\u5858\u53e3\u5cb8\uff0c\u897f\u63a5\u7f85\u6e56\u53e3\u5cb8\uff0c\u5317\u9760\u6cbf\u6cb3\u5357\u8def\uff0c\u5357\u9130\u6df1\u5733\u6cb3\uff0c\u4e5f\u662f&#8230;<\/p>","protected":false},"author":1,"featured_media":0,"parent":0,"menu_order":0,"comment_status":"closed","ping_status":"closed","template":"","meta":{"_acf_changed":false,"footnotes":""},"class_list":["post-13183","page","type-page","status-publish","hentry"],"acf":[],"_links":{"self":[{"href":"https:\/\/www.youcanenterprise.com\/fr_fr\/wp-json\/wp\/v2\/pages\/13183","targetHints":{"allow":["GET"]}}],"collection":[{"href":"https:\/\/www.youcanenterprise.com\/fr_fr\/wp-json\/wp\/v2\/pages"}],"about":[{"href":"https:\/\/www.youcanenterprise.com\/fr_fr\/wp-json\/wp\/v2\/types\/page"}],"author":[{"embeddable":true,"href":"https:\/\/www.youcanenterprise.com\/fr_fr\/wp-json\/wp\/v2\/users\/1"}],"replies":[{"embeddable":true,"href":"https:\/\/www.youcanenterprise.com\/fr_fr\/wp-json\/wp\/v2\/comments?post=13183"}],"version-history":[{"count":19,"href":"https:\/\/www.youcanenterprise.com\/fr_fr\/wp-json\/wp\/v2\/pages\/13183\/revisions"}],"predecessor-version":[{"id":13618,"href":"https:\/\/www.youcanenterprise.com\/fr_fr\/wp-json\/wp\/v2\/pages\/13183\/revisions\/13618"}],"wp:attachment":[{"href":"https:\/\/www.youcanenterprise.com\/fr_fr\/wp-json\/wp\/v2\/media?parent=13183"}],"curies":[{"name":"wp","href":"https:\/\/api.w.org\/{rel}","templated":true}]}}