{"id":12091,"date":"2025-12-08T02:20:53","date_gmt":"2025-12-08T02:20:53","guid":{"rendered":"https:\/\/www.youcanenterprise.com\/?page_id=12091"},"modified":"2025-12-10T14:45:36","modified_gmt":"2025-12-10T14:45:36","slug":"cross-border-license-plate-price-calculator","status":"publish","type":"page","link":"https:\/\/www.youcanenterprise.com\/fr_fr\/cross-border-license-plate-price-calculator\/","title":{"rendered":"Calculateur du prix d'immatriculation transfrontali\u00e8re des v\u00e9hicules"},"content":{"rendered":"<div data-elementor-type=\"wp-page\" data-elementor-id=\"12091\" class=\"elementor elementor-12091\" data-elementor-post-type=\"page\">\n\t\t\t\t<div class=\"elementor-element elementor-element-6c28ac3 e-flex e-con-boxed cmsmasters-block-default e-con e-parent\" data-id=\"6c28ac3\" data-element_type=\"container\" data-e-type=\"container\">\n\t\t\t\t\t<div class=\"e-con-inner\">\n\t\t\t\t<div class=\"elementor-element elementor-element-76b14ea cmsmasters-block-default cmsmasters-sticky-default elementor-widget elementor-widget-html\" data-id=\"76b14ea\" data-element_type=\"widget\" data-e-type=\"widget\" data-widget_type=\"html.default\">\n\t\t\t\t\t<!DOCTYPE html>\r\n<html lang=\"zh-HK\">\r\n<head>\r\n<meta charset=\"UTF-8\">\r\n<style>\r\n   @media(max-width:640px){\r\n       .emoji1{width:1.5em !important;\r\n           \r\n       }\r\n   }\r\n    .calculator-card {\r\n        background: white;  margin: 0 auto;\r\n        padding: 20px; border-radius: 12px; box-shadow: 0 4px 12px rgba(0,0,0,0.1);\r\n       \r\n    }\r\n    h2 { text-align: center; color: #333; margin-bottom: 25px; }\r\n    .form-group { margin-bottom: 20px; }\r\n    label { display: block; margin-bottom: 8px; font-weight: 600;\r\n    font-size:20px;\r\n    color: #00a775; }\r\n    select, input[type=\"text\"] { width: 100%; padding: 12px; border: 1px solid #ddd; border-radius: 8px; font-size: 16px; box-sizing: border-box; }\r\n    .price-note{display:none;}\r\n    .radio-group { display: flex; margin-bottom: 20px; flex-wrap: wrap; }\r\n    .radio-option {\r\n        display:flex;\r\n        align-items: center;gap:10px;\r\n         text-align: center; padding: 10px; border: 1px solid #ddd;\r\n        cursor: pointer; transition: 0.2s;\r\n       flex: 1; \r\n    }\r\n    .radio-option.active {  background: #00a775; color: #fff; font-weight: bold; }\r\n    \r\n    .result-box {\r\n        background: #f8f9fa; padding: 20px; border-radius: 8px; margin-top: 25px;\r\n        border-left: 5px solid #00a775;\r\n    }\r\n    .price-tag { font-size: 32px; color: #00a775; font-weight: bold; margin: 10px 0; }\r\n    .note { font-size: 13px; color: #777; margin-top: 5px; }\r\n    \r\n    \/* Toggle Switch Logic *\/\r\n    .hk-options { display: none; }\r\n    .macau-options { display: none; }\r\n    .fv-options { display: none; }\r\n    .show { display: block; }\r\n\r\n    .checkbox-wrapper {\r\n        display: flex; align-items: center; gap: 10px; padding: 10px;\r\n        background: #fff3cd; border: 1px solid #ffeeba; border-radius: 6px;\r\n        margin-top: 10px;\r\n    }\r\n<\/style>\r\n<\/head>\r\n<body>\r\n\r\n<div class=\"calculator-card\">\r\n    <h2>Calculateur du prix des licences transfrontali\u00e8res<\/h2>\r\n\r\n    <div class=\"form-group\">\r\n        <label>Lieu d'immatriculation du v\u00e9hicule<\/label>\r\n        <div class=\"radio-group\">\r\n            <div class=\"radio-option active\" onclick=\"setOrigin('hk', this)\"><img decoding=\"async\" draggable=\"false\" role=\"img\" class=\"emoji1\" id=\"hkimg\" alt=\"\ud83c\udded\ud83c\uddf0\" src=\"https:\/\/www.youcanenterprise.com\/wp-content\/uploads\/2025\/12\/hk1.svg\">Plaques d'immatriculation des v\u00e9hicules \u00e0 Hong Kong<\/div>\r\n            <div class=\"radio-option\" onclick=\"setOrigin('macau', this)\"><img decoding=\"async\" draggable=\"false\" role=\"img\" class=\"emoji1\" id=\"amimg\" alt=\"\ud83c\udded\ud83c\uddf0\" src=\"https:\/\/www.youcanenterprise.com\/wp-content\/uploads\/2025\/12\/aomen2.svg\">Plaques d'immatriculation des v\u00e9hicules de Macao<\/div>\r\n            <div class=\"radio-option\" onclick=\"setOrigin('fv', this)\"><img decoding=\"async\" draggable=\"false\" role=\"img\" class=\"emoji1\" alt=\"\ud83c\udded\ud83c\uddf0\" id=\"fvimg\" src=\"https:\/\/www.youcanenterprise.com\/wp-content\/uploads\/2025\/12\/fv-fu2.svg\">Plaques d'immatriculation FV\/FU<\/div>\r\n        <\/div>\r\n    <\/div>\r\n\r\n    <div id=\"hk-panel\" class=\"hk-options show\">\r\n        <div class=\"form-group\">\r\n            <label>S\u00e9lectionnez le port de Hong Kong (prix de base)<\/label>\r\n            <select id=\"hk-port\" onchange=\"calculate()\">\r\n                <option value=\"35\">Port de Shenzhen Bay<\/option>\r\n                <option value=\"35\">Port de Liantang<\/option>\r\n                 <!-- \u4fee\u6b63\u91cd\u590d\u9009\u9879\uff0c\u589e\u52a0\u8fa8\u8bc6\u5ea6 -->\r\n                <option value=\"25\">Port de Sha Tau Kok<\/option>\r\n            <\/select>\r\n        <\/div>\r\n        <!-- \u8865\u5145\u53cc\u53e3\u5cb8\u52fe\u9009\u6846\uff08\u539f\u4ee3\u7801\u7f3a\u5931\uff0c\u8865\u5168\u903b\u8f91\uff09 -->\r\n        <div class=\"checkbox-wrapper\" style=\"display:none;\">\r\n            <input type=\"checkbox\" id=\"double-port\" onchange=\"calculate()\">\r\n            <label for=\"double-port\">\u2705 Optez pour un acc\u00e8s double port (prix multipli\u00e9 par cinq)<\/label>\r\n        <\/div>\r\n    <\/div>\r\n\r\n    <div id=\"macau-panel\" class=\"macau-options\">\r\n        <div class=\"form-group\">\r\n            <div style=\"background: #e2e6ea; padding: 15px; border-radius: 8px;\">\r\n                <strong>\ud83c\uddf2\ud83c\uddf4 Droits de licence \u00e0 Macao :<\/strong><br>\r\n                Une assistance unifi\u00e9e pour les trois points d'entr\u00e9e suivants est fournie sans frais suppl\u00e9mentaires :\r\n                <ul style=\"margin: 10px 0 0 20px; padding: 0;\">\r\n                    <li>Port de Gongbei<\/li>\r\n                    <li>Port de Hengqin<\/li>\r\n                    <li>Pont Hong Kong-Zhuhai-Macao<\/li>\r\n                <\/ul>\r\n            <\/div>\r\n        <\/div>\r\n    <\/div>\r\n    \r\n    <div id=\"fv-panel\" class=\"fv-options\">\r\n        <div class=\"form-group\">\r\n            <label>S\u00e9lectionnez les plaques d'immatriculation FV\/FU (prix de base)<\/label>\r\n            <select id=\"fv-port\" onchange=\"calculate()\">\r\n                <option value=\"75\">Port de Shenzhen Bay<\/option>\r\n                <option value=\"100\">Port de Huanggang<\/option>\r\n            <\/select>\r\n        <\/div>\r\n        <div class=\"checkbox-wrapper\" style=\"display:none;\">\r\n            <input type=\"checkbox\" id=\"double-port-fv\" onchange=\"calculate()\">\r\n            <label for=\"double-port-fv\">\u2705 Optez pour un acc\u00e8s double port (prix multipli\u00e9 par cinq)<\/label>\r\n        <\/div>\r\n    <\/div>\r\n\r\n    <div class=\"result-box\">\r\n        <div>Prix estim\u00e9 sur le march\u00e9 :<\/div>\r\n        <div class=\"price-tag\" id=\"final-price\">350 000 yens<\/div>\r\n        <div class=\"note\" id=\"price-note\">\u00c0 utiliser exclusivement au port de Shenzhen Bay.<\/div>\r\n    <\/div>\r\n<\/div>\r\n\r\n<script>\r\n    \/\/ \u914d\u7f6e\uff1a\u5728\u6b64\u8655\u4fee\u6539\u76ee\u524d\u7684\u5e02\u5834\u57fa\u6e96\u50f9 (\u55ae\u4f4d\uff1a\u842c)\r\n    const MACAU_PRICE = 25; \/\/ \u6fb3\u9580\u724c\u4e00\u53e3\u50f9\u7bc4\u4f8b\r\n    let currentOrigin = 'hk'; \/\/ \u9ed8\u8a8d\u9078\u4e2d\u9999\u6e2f\u8eca\u724c\r\n\r\n    \/\/ \u8a2d\u7f6e\u8eca\u724c\u6b78\u5c6c\u5730\u4e26\u5207\u63db\u9762\u677f\r\n    function setOrigin(origin, element) {\r\n        currentOrigin = origin;\r\n        \r\n        \/\/ \u79fb\u9664\u6240\u6709active\u72c0\u614b\uff0c\u7576\u524d\u9078\u9805\u6dfb\u52a0active\r\n        document.querySelectorAll('.radio-option').forEach(el => el.classList.remove('active'));\r\n        element.classList.add('active');\r\n\r\n        \/\/ \u96b1\u85cf\u6240\u6709\u9762\u677f\r\n        document.getElementById('hk-panel').classList.remove('show');\r\n        document.getElementById('macau-panel').classList.remove('show');\r\n        document.getElementById('fv-panel').classList.remove('show');\r\n\r\n        \/\/ \u986f\u793a\u5c0d\u61c9\u9762\u677f\r\n        if (origin === 'hk') {\r\n            document.getElementById('hk-panel').classList.add('show');\r\n  document.getElementById('hkimg').src='https:\/\/www.youcanenterprise.com\/wp-content\/uploads\/2025\/12\/hk1.svg';\r\n    document.getElementById('fvimg').src='https:\/\/www.youcanenterprise.com\/wp-content\/uploads\/2025\/12\/fv-fu2.svg';\r\n      document.getElementById('amimg').src='https:\/\/www.youcanenterprise.com\/wp-content\/uploads\/2025\/12\/aomen2.svg';\r\n        } else if (origin === 'fv') {\r\n            document.getElementById('fv-panel').classList.add('show');\r\n              document.getElementById('hkimg').src='https:\/\/www.youcanenterprise.com\/wp-content\/uploads\/2025\/12\/hk2.svg';\r\n    document.getElementById('fvimg').src='https:\/\/www.youcanenterprise.com\/wp-content\/uploads\/2025\/12\/fv-fu1.svg';\r\n      document.getElementById('amimg').src='https:\/\/www.youcanenterprise.com\/wp-content\/uploads\/2025\/12\/aomen2.svg';\r\n        } else if (origin === 'macau') {\r\n            document.getElementById('macau-panel').classList.add('show');\r\n              document.getElementById('hkimg').src='https:\/\/www.youcanenterprise.com\/wp-content\/uploads\/2025\/12\/hk2.svg';\r\n    document.getElementById('fvimg').src='https:\/\/www.youcanenterprise.com\/wp-content\/uploads\/2025\/12\/fv-fu2.svg';\r\n      document.getElementById('amimg').src='https:\/\/www.youcanenterprise.com\/wp-content\/uploads\/2025\/12\/aomen1.svg';\r\n        }\r\n        \r\n        \/\/ \u5207\u63db\u5f8c\u91cd\u65b0\u8a08\u7b97\u50f9\u683c\r\n        calculate();\r\n    }\r\n\r\n    \/\/ \u6838\u5fc3\u8a08\u7b97\u51fd\u6578\r\n    function calculate() {\r\n        let price = 0;\r\n        let note = \"\";\r\n        let basePrice = 0;\r\n        let portName = \"\";\r\n\r\n        switch(currentOrigin) {\r\n            case 'macau':\r\n                \/\/ \u6fb3\u9580\u724c\u56fa\u5b9a\u50f9\u683c\r\n                price = MACAU_PRICE;\r\n                note = \"\u5305\u542b\u62f1\u5317\u3001\u6a6b\u7434\u3001\u6e2f\u73e0\u6fb3\u5927\u6a4b\u4e09\u5730\u901a\u884c\u6b0a\uff0c\u7d71\u4e00\u50f9\u683c\u3002\";\r\n                break;\r\n\r\n            case 'hk':\r\n                \/\/ \u9999\u6e2f\u8eca\u724c\u8a08\u7b97\r\n                const hkSelect = document.getElementById('hk-port');\r\n                basePrice = parseFloat(hkSelect.value);\r\n                portName = hkSelect.options[hkSelect.selectedIndex].text.trim();\r\n                const isDoubleHK = document.getElementById('double-port').checked;\r\n\r\n                if (isDoubleHK) {\r\n                    price = basePrice * 5;\r\n                    note = `\u5df2\u5957\u75285\u500d\u4fc2\u6578\uff0c\u5305\u542b ${portName} \u53ca\u53e6\u4e00\u500b\u6307\u5b9a\u53e3\u5cb8\u901a\u884c\u6b0a\u3002`;\r\n                } else {\r\n                    price = basePrice;\r\n                    note = `\u50c5\u9650 ${portName} \u55ae\u53e3\u5cb8\u901a\u884c\u3002`;\r\n                }\r\n                break;\r\n\r\n            case 'fv':\r\n                \/\/ FV\/FU\u8eca\u724c\u8a08\u7b97\r\n                const fvSelect = document.getElementById('fv-port');\r\n                basePrice = parseFloat(fvSelect.value);\r\n                portName = fvSelect.options[fvSelect.selectedIndex].text.trim();\r\n                const isDoubleFV = document.getElementById('double-port-fv').checked;\r\n\r\n                if (isDoubleFV) {\r\n                    price = basePrice * 5;\r\n                    note = `\u5df2\u5957\u75285\u500d\u4fc2\u6578\uff0c\u5305\u542b ${portName} \u53ca\u53e6\u4e00\u500b\u6307\u5b9a\u53e3\u5cb8\u901a\u884c\u6b0a\u3002`;\r\n                } else {\r\n                    price = basePrice;\r\n                    note = `\u50c5\u9650 ${portName} \u55ae\u53e3\u5cb8\u901a\u884c\u3002`;\r\n                }\r\n                break;\r\n        }\r\n\r\n        \/\/ \u66f4\u65b0\u50f9\u683c\u548c\u5099\u8a3b\u986f\u793a\uff08\u4fee\u5fa9\u539f\u4ee3\u78bc\u8b8a\u91cf\u540d\u932f\u8aa4\uff09\r\n        document.getElementById('final-price').innerText = `\u00a5 ${price} \u842c`;\r\n        document.getElementById('price-note').innerText = note;\r\n    }\r\n\r\n    \/\/ \u9801\u9762\u52a0\u8f09\u521d\u59cb\u5316\u8a08\u7b97\r\n    window.onload = function() {\r\n        calculate();\r\n    };\r\n<\/script>\r\n\r\n<\/body>\r\n<\/html>\t\t\t\t<\/div>\n\t\t\t\t\t<\/div>\n\t\t\t\t<\/div>\n\t\t\t\t<\/div>","protected":false},"excerpt":{"rendered":"<p>\u5169\u5730\u724c\u50f9\u683c\u8a08\u7b97\u6a5f \u8eca\u8f1b\u6b78\u5c6c\u5730 \u9999\u6e2f\u8eca\u724c \u6fb3\u9580\u8eca\u724c FV\/FU\u8eca\u724c \u9078\u64c7\u9999\u6e2f\u53e3\u5cb8 (\u57fa\u6e96\u50f9) \u6df1\u5733\u7063\u53e3\u5cb8\u84ee\u5858\u53e3\u5cb8&#8230;<\/p>","protected":false},"author":1,"featured_media":0,"parent":0,"menu_order":0,"comment_status":"closed","ping_status":"closed","template":"","meta":{"_acf_changed":false,"footnotes":""},"class_list":["post-12091","page","type-page","status-publish","hentry"],"acf":[],"_links":{"self":[{"href":"https:\/\/www.youcanenterprise.com\/fr_fr\/wp-json\/wp\/v2\/pages\/12091","targetHints":{"allow":["GET"]}}],"collection":[{"href":"https:\/\/www.youcanenterprise.com\/fr_fr\/wp-json\/wp\/v2\/pages"}],"about":[{"href":"https:\/\/www.youcanenterprise.com\/fr_fr\/wp-json\/wp\/v2\/types\/page"}],"author":[{"embeddable":true,"href":"https:\/\/www.youcanenterprise.com\/fr_fr\/wp-json\/wp\/v2\/users\/1"}],"replies":[{"embeddable":true,"href":"https:\/\/www.youcanenterprise.com\/fr_fr\/wp-json\/wp\/v2\/comments?post=12091"}],"version-history":[{"count":183,"href":"https:\/\/www.youcanenterprise.com\/fr_fr\/wp-json\/wp\/v2\/pages\/12091\/revisions"}],"predecessor-version":[{"id":12494,"href":"https:\/\/www.youcanenterprise.com\/fr_fr\/wp-json\/wp\/v2\/pages\/12091\/revisions\/12494"}],"wp:attachment":[{"href":"https:\/\/www.youcanenterprise.com\/fr_fr\/wp-json\/wp\/v2\/media?parent=12091"}],"curies":[{"name":"wp","href":"https:\/\/api.w.org\/{rel}","templated":true}]}}