{"id":11250,"date":"2025-11-28T03:45:58","date_gmt":"2025-11-28T03:45:58","guid":{"rendered":"https:\/\/www.youcanenterprise.com\/?post_type=product&#038;p=11250"},"modified":"2025-12-15T23:14:59","modified_gmt":"2025-12-15T15:14:59","slug":"button-folder","status":"publish","type":"product","link":"https:\/\/www.youcanenterprise.com\/fr\/product\/button-folder\/","title":{"rendered":"Enveloppes \u00e0 rabat \u00e0 fermeture rapide"},"content":{"rendered":"<p><span class=\"a_GcMg font-feature-liga-off font-feature-clig-off font-feature-calt-off text-decoration-none text-strikethrough-none\">Design minimaliste blanc avec fermeture \u00e0 n\u0153ud s\u00e9curis\u00e9e, garantissant une excellente \u00e9tanch\u00e9it\u00e9 et emp\u00eachant les pi\u00e8ces de se d\u00e9tacher. Id\u00e9al pour organiser divers documents et re\u00e7us, il est tout aussi pratique pour une utilisation au bureau que pour les d\u00e9placements. Le logo de la marque ajoute une touche d'\u00e9l\u00e9gance !<\/span><\/p>","protected":false},"excerpt":{"rendered":"<p><span class=\"a_GcMg font-feature-liga-off font-feature-clig-off font-feature-calt-off text-decoration-none text-strikethrough-none\">Design minimaliste blanc avec fermeture \u00e0 n\u0153ud s\u00e9curis\u00e9e, garantissant une excellente \u00e9tanch\u00e9it\u00e9 et emp\u00eachant les pi\u00e8ces de se d\u00e9tacher. Id\u00e9al pour organiser divers documents et re\u00e7us, il est tout aussi pratique pour une utilisation au bureau que pour les d\u00e9placements. Le logo de la marque ajoute une touche d'\u00e9l\u00e9gance !<\/span><\/p>","protected":false},"featured_media":12879,"comment_status":"open","ping_status":"closed","template":"","meta":{"_acf_changed":false},"product_brand":[],"product_cat":[15],"product_tag":[100,90],"class_list":{"0":"post-11250","1":"product","2":"type-product","3":"status-publish","4":"has-post-thumbnail","6":"product_cat-merchandise","7":"product_tag-100","8":"product_tag-90","9":"pa_color-84","10":"pa_material-101","12":"first","13":"instock","14":"shipping-taxable","15":"product-type-simple"},"acf":[],"_links":{"self":[{"href":"https:\/\/www.youcanenterprise.com\/fr\/wp-json\/wp\/v2\/product\/11250","targetHints":{"allow":["GET"]}}],"collection":[{"href":"https:\/\/www.youcanenterprise.com\/fr\/wp-json\/wp\/v2\/product"}],"about":[{"href":"https:\/\/www.youcanenterprise.com\/fr\/wp-json\/wp\/v2\/types\/product"}],"replies":[{"embeddable":true,"href":"https:\/\/www.youcanenterprise.com\/fr\/wp-json\/wp\/v2\/comments?post=11250"}],"wp:featuredmedia":[{"embeddable":true,"href":"https:\/\/www.youcanenterprise.com\/fr\/wp-json\/wp\/v2\/media\/12879"}],"wp:attachment":[{"href":"https:\/\/www.youcanenterprise.com\/fr\/wp-json\/wp\/v2\/media?parent=11250"}],"wp:term":[{"taxonomy":"product_brand","embeddable":true,"href":"https:\/\/www.youcanenterprise.com\/fr\/wp-json\/wp\/v2\/product_brand?post=11250"},{"taxonomy":"product_cat","embeddable":true,"href":"https:\/\/www.youcanenterprise.com\/fr\/wp-json\/wp\/v2\/product_cat?post=11250"},{"taxonomy":"product_tag","embeddable":true,"href":"https:\/\/www.youcanenterprise.com\/fr\/wp-json\/wp\/v2\/product_tag?post=11250"}],"curies":[{"name":"wp","href":"https:\/\/api.w.org\/{rel}","templated":true}]}}