{"id":11242,"date":"2025-11-28T03:38:46","date_gmt":"2025-11-28T03:38:46","guid":{"rendered":"https:\/\/www.youcanenterprise.com\/?post_type=product&#038;p=11242"},"modified":"2025-12-15T01:38:10","modified_gmt":"2025-12-15T01:38:10","slug":"tshirt","status":"publish","type":"product","link":"https:\/\/www.youcanenterprise.com\/fr\/product\/tshirt\/","title":{"rendered":"T-shirt \u00e0 th\u00e8me rapide et facile"},"content":{"rendered":"<p><span class=\"a_GcMg font-feature-liga-off font-feature-clig-off font-feature-calt-off text-decoration-none text-strikethrough-none\">Confectionn\u00e9 dans un tissu 100 % coton haut de gamme, ce v\u00eatement pr\u00e9sente une coupe l\u00e9g\u00e8rement ample mais structur\u00e9e. Le panneau avant arbore uniquement un logo subtilement emboss\u00e9 sur la poitrine gauche, offrant une sophistication discr\u00e8te avec des d\u00e9tails raffin\u00e9s. Les coutures plates garantissent la durabilit\u00e9 et le maintien de la forme, pour un look net et soign\u00e9, que le v\u00eatement soit port\u00e9 seul ou superpos\u00e9. Un incontournable de votre garde-robe.<\/span><\/p>","protected":false},"excerpt":{"rendered":"<p><span class=\"a_GcMg font-feature-liga-off font-feature-clig-off font-feature-calt-off text-decoration-none text-strikethrough-none\">Confectionn\u00e9 dans un tissu 100 % coton haut de gamme, ce v\u00eatement pr\u00e9sente une coupe l\u00e9g\u00e8rement ample mais structur\u00e9e. Le panneau avant arbore uniquement un logo subtilement emboss\u00e9 sur la poitrine gauche, offrant une sophistication discr\u00e8te avec des d\u00e9tails raffin\u00e9s. Les coutures plates garantissent la durabilit\u00e9 et le maintien de la forme, pour un look net et soign\u00e9, que le v\u00eatement soit port\u00e9 seul ou superpos\u00e9. Un incontournable de votre garde-robe.<\/span><\/p>","protected":false},"featured_media":12683,"comment_status":"open","ping_status":"closed","template":"","meta":{"_acf_changed":false},"product_brand":[],"product_cat":[15],"product_tag":[93,92],"class_list":{"0":"post-11242","1":"product","2":"type-product","3":"status-publish","4":"has-post-thumbnail","6":"product_cat-merchandise","7":"product_tag-t","8":"product_tag-92","9":"pa_color-84","10":"pa_material-100-","11":"pa_size-l","12":"pa_size-m","13":"pa_size-s","14":"pa_size-xl","15":"pa_size-xxl","17":"first","18":"instock","19":"shipping-taxable","20":"product-type-simple"},"acf":[],"_links":{"self":[{"href":"https:\/\/www.youcanenterprise.com\/fr\/wp-json\/wp\/v2\/product\/11242","targetHints":{"allow":["GET"]}}],"collection":[{"href":"https:\/\/www.youcanenterprise.com\/fr\/wp-json\/wp\/v2\/product"}],"about":[{"href":"https:\/\/www.youcanenterprise.com\/fr\/wp-json\/wp\/v2\/types\/product"}],"replies":[{"embeddable":true,"href":"https:\/\/www.youcanenterprise.com\/fr\/wp-json\/wp\/v2\/comments?post=11242"}],"wp:featuredmedia":[{"embeddable":true,"href":"https:\/\/www.youcanenterprise.com\/fr\/wp-json\/wp\/v2\/media\/12683"}],"wp:attachment":[{"href":"https:\/\/www.youcanenterprise.com\/fr\/wp-json\/wp\/v2\/media?parent=11242"}],"wp:term":[{"taxonomy":"product_brand","embeddable":true,"href":"https:\/\/www.youcanenterprise.com\/fr\/wp-json\/wp\/v2\/product_brand?post=11242"},{"taxonomy":"product_cat","embeddable":true,"href":"https:\/\/www.youcanenterprise.com\/fr\/wp-json\/wp\/v2\/product_cat?post=11242"},{"taxonomy":"product_tag","embeddable":true,"href":"https:\/\/www.youcanenterprise.com\/fr\/wp-json\/wp\/v2\/product_tag?post=11242"}],"curies":[{"name":"wp","href":"https:\/\/api.w.org\/{rel}","templated":true}]}}