{"id":11239,"date":"2025-11-28T03:27:03","date_gmt":"2025-11-28T03:27:03","guid":{"rendered":"https:\/\/www.youcanenterprise.com\/?post_type=product&#038;p=11239"},"modified":"2026-04-11T19:31:45","modified_gmt":"2026-04-11T11:31:45","slug":"badatong","status":"publish","type":"product","link":"https:\/\/www.youcanenterprise.com\/fr\/product\/badatong\/","title":{"rendered":"Th\u00e8me QuickPass Octopus"},"content":{"rendered":"<p><span class=\"a_GcMg font-feature-liga-off font-feature-clig-off font-feature-calt-off text-decoration-none text-strikethrough-none\">Obtenez facilement votre carte Octopus, orn\u00e9e d'illustrations th\u00e9matiques. Elle permet d'effectuer des paiements dans les transports et les commerces, pour faciliter vos d\u00e9placements quotidiens. Id\u00e9ale comme cadeau ou pour votre usage personnel, elle est indispensable pour voyager dans la r\u00e9gion de la Grande Baie.<\/span><\/p>","protected":false},"excerpt":{"rendered":"<p><span class=\"a_GcMg font-feature-liga-off font-feature-clig-off font-feature-calt-off text-decoration-none text-strikethrough-none\">Obtenez facilement votre carte Octopus, orn\u00e9e d'illustrations th\u00e9matiques. Elle permet d'effectuer des paiements dans les transports et les commerces, pour faciliter vos d\u00e9placements quotidiens. Id\u00e9ale comme cadeau ou pour votre usage personnel, elle est indispensable pour voyager dans la r\u00e9gion de la Grande Baie.<\/span><\/p>","protected":false},"featured_media":12682,"comment_status":"open","ping_status":"closed","template":"","meta":{"_acf_changed":false},"product_brand":[],"product_cat":[15],"product_tag":[77,76],"class_list":{"0":"post-11239","1":"product","2":"type-product","3":"status-publish","4":"has-post-thumbnail","6":"product_cat-merchandise","7":"product_tag-77","8":"product_tag-76","9":"pa_color-79","10":"pa_color-78","11":"pa_material-pvc","12":"pa_size--85-6-x-54-mm","13":"pa_used-81","15":"first","16":"instock","17":"shipping-taxable","18":"product-type-simple"},"acf":[],"_links":{"self":[{"href":"https:\/\/www.youcanenterprise.com\/fr\/wp-json\/wp\/v2\/product\/11239","targetHints":{"allow":["GET"]}}],"collection":[{"href":"https:\/\/www.youcanenterprise.com\/fr\/wp-json\/wp\/v2\/product"}],"about":[{"href":"https:\/\/www.youcanenterprise.com\/fr\/wp-json\/wp\/v2\/types\/product"}],"replies":[{"embeddable":true,"href":"https:\/\/www.youcanenterprise.com\/fr\/wp-json\/wp\/v2\/comments?post=11239"}],"wp:featuredmedia":[{"embeddable":true,"href":"https:\/\/www.youcanenterprise.com\/fr\/wp-json\/wp\/v2\/media\/12682"}],"wp:attachment":[{"href":"https:\/\/www.youcanenterprise.com\/fr\/wp-json\/wp\/v2\/media?parent=11239"}],"wp:term":[{"taxonomy":"product_brand","embeddable":true,"href":"https:\/\/www.youcanenterprise.com\/fr\/wp-json\/wp\/v2\/product_brand?post=11239"},{"taxonomy":"product_cat","embeddable":true,"href":"https:\/\/www.youcanenterprise.com\/fr\/wp-json\/wp\/v2\/product_cat?post=11239"},{"taxonomy":"product_tag","embeddable":true,"href":"https:\/\/www.youcanenterprise.com\/fr\/wp-json\/wp\/v2\/product_tag?post=11239"}],"curies":[{"name":"wp","href":"https:\/\/api.w.org\/{rel}","templated":true}]}}