{"id":11256,"date":"2025-11-28T03:50:10","date_gmt":"2025-11-28T03:50:10","guid":{"rendered":"https:\/\/www.youcanenterprise.com\/?post_type=product&#038;p=11256"},"modified":"2025-12-15T23:13:46","modified_gmt":"2025-12-15T15:13:46","slug":"business-paper-bag","status":"publish","type":"product","link":"https:\/\/www.youcanenterprise.com\/de\/produkt\/business-paper-bag\/","title":{"rendered":"Papiert\u00fcten f\u00fcr Schnellrestaurants"},"content":{"rendered":"<p><span class=\"a_GcMg font-feature-liga-off font-feature-clig-off font-feature-calt-off text-decoration-none text-strikethrough-none\">Wei\u00dfe Basis mit gr\u00fcnen Akzenten, robuste Seilgriffe f\u00fcr hohe Strapazierf\u00e4higkeit und Tragkraft. Ideal zum Transportieren von Dokumenten und pers\u00f6nlichen Gegenst\u00e4nden, sorgt f\u00fcr einen eleganten und organisierten Auftritt im Gesch\u00e4ftsleben oder unterwegs!<\/span><\/p>","protected":false},"excerpt":{"rendered":"<p><span class=\"a_GcMg font-feature-liga-off font-feature-clig-off font-feature-calt-off text-decoration-none text-strikethrough-none\">Wei\u00dfe Basis mit gr\u00fcnen Akzenten, robuste Seilgriffe f\u00fcr hohe Strapazierf\u00e4higkeit und Tragkraft. Ideal zum Transportieren von Dokumenten und pers\u00f6nlichen Gegenst\u00e4nden, sorgt f\u00fcr einen eleganten und organisierten Auftritt im Gesch\u00e4ftsleben oder unterwegs!<\/span><\/p>","protected":false},"featured_media":12878,"comment_status":"open","ping_status":"closed","template":"","meta":{"_acf_changed":false},"product_brand":[],"product_cat":[15],"product_tag":[],"class_list":{"0":"post-11256","1":"product","2":"type-product","3":"status-publish","4":"has-post-thumbnail","6":"product_cat-merchandise","7":"pa_color-105","8":"pa_material-104","10":"first","11":"instock","12":"shipping-taxable","13":"product-type-simple"},"acf":[],"_links":{"self":[{"href":"https:\/\/www.youcanenterprise.com\/de\/wp-json\/wp\/v2\/product\/11256","targetHints":{"allow":["GET"]}}],"collection":[{"href":"https:\/\/www.youcanenterprise.com\/de\/wp-json\/wp\/v2\/product"}],"about":[{"href":"https:\/\/www.youcanenterprise.com\/de\/wp-json\/wp\/v2\/types\/product"}],"replies":[{"embeddable":true,"href":"https:\/\/www.youcanenterprise.com\/de\/wp-json\/wp\/v2\/comments?post=11256"}],"wp:featuredmedia":[{"embeddable":true,"href":"https:\/\/www.youcanenterprise.com\/de\/wp-json\/wp\/v2\/media\/12878"}],"wp:attachment":[{"href":"https:\/\/www.youcanenterprise.com\/de\/wp-json\/wp\/v2\/media?parent=11256"}],"wp:term":[{"taxonomy":"product_brand","embeddable":true,"href":"https:\/\/www.youcanenterprise.com\/de\/wp-json\/wp\/v2\/product_brand?post=11256"},{"taxonomy":"product_cat","embeddable":true,"href":"https:\/\/www.youcanenterprise.com\/de\/wp-json\/wp\/v2\/product_cat?post=11256"},{"taxonomy":"product_tag","embeddable":true,"href":"https:\/\/www.youcanenterprise.com\/de\/wp-json\/wp\/v2\/product_tag?post=11256"}],"curies":[{"name":"wp","href":"https:\/\/api.w.org\/{rel}","templated":true}]}}