{"id":11254,"date":"2025-11-28T03:49:29","date_gmt":"2025-11-28T03:49:29","guid":{"rendered":"https:\/\/www.youcanenterprise.com\/?post_type=product&#038;p=11254"},"modified":"2025-11-28T06:04:24","modified_gmt":"2025-11-28T06:04:24","slug":"letter","status":"publish","type":"product","link":"https:\/\/www.youcanenterprise.com\/de\/produkt\/letter\/","title":{"rendered":"Schnellverarbeitungs-Standardumschlag (einzeln)"},"content":{"rendered":"<p><span class=\"a_GcMg font-feature-liga-off font-feature-clig-off font-feature-calt-off text-decoration-none text-strikethrough-none\">Wei\u00dfes, minimalistisches Design mit dem Markenlogo. Aus robustem, strapazierf\u00e4higem Material gefertigt, eignet es sich zum Transport von Dokumenten und Belegen und ist ideal f\u00fcr die B\u00fcrokommunikation und den t\u00e4glichen Gebrauch. Ordentlich und \u00e4sthetisch ansprechend!<\/span><\/p>","protected":false},"excerpt":{"rendered":"<p><span class=\"a_GcMg font-feature-liga-off font-feature-clig-off font-feature-calt-off text-decoration-none text-strikethrough-none\">Wei\u00dfes, minimalistisches Design mit dem Markenlogo. Aus robustem, strapazierf\u00e4higem Material gefertigt, eignet es sich zum Transport von Dokumenten und Belegen und ist ideal f\u00fcr die B\u00fcrokommunikation und den t\u00e4glichen Gebrauch. Ordentlich und \u00e4sthetisch ansprechend!<\/span><\/p>","protected":false},"featured_media":11255,"comment_status":"open","ping_status":"closed","template":"","meta":{"_acf_changed":false},"product_brand":[],"product_cat":[15],"product_tag":[103,90],"class_list":{"0":"post-11254","1":"product","2":"type-product","3":"status-publish","4":"has-post-thumbnail","6":"product_cat-merchandise","7":"product_tag-103","8":"product_tag-90","9":"pa_color-84","10":"pa_material-102","12":"first","13":"instock","14":"shipping-taxable","15":"product-type-simple"},"acf":[],"_links":{"self":[{"href":"https:\/\/www.youcanenterprise.com\/de\/wp-json\/wp\/v2\/product\/11254","targetHints":{"allow":["GET"]}}],"collection":[{"href":"https:\/\/www.youcanenterprise.com\/de\/wp-json\/wp\/v2\/product"}],"about":[{"href":"https:\/\/www.youcanenterprise.com\/de\/wp-json\/wp\/v2\/types\/product"}],"replies":[{"embeddable":true,"href":"https:\/\/www.youcanenterprise.com\/de\/wp-json\/wp\/v2\/comments?post=11254"}],"wp:featuredmedia":[{"embeddable":true,"href":"https:\/\/www.youcanenterprise.com\/de\/wp-json\/wp\/v2\/media\/11255"}],"wp:attachment":[{"href":"https:\/\/www.youcanenterprise.com\/de\/wp-json\/wp\/v2\/media?parent=11254"}],"wp:term":[{"taxonomy":"product_brand","embeddable":true,"href":"https:\/\/www.youcanenterprise.com\/de\/wp-json\/wp\/v2\/product_brand?post=11254"},{"taxonomy":"product_cat","embeddable":true,"href":"https:\/\/www.youcanenterprise.com\/de\/wp-json\/wp\/v2\/product_cat?post=11254"},{"taxonomy":"product_tag","embeddable":true,"href":"https:\/\/www.youcanenterprise.com\/de\/wp-json\/wp\/v2\/product_tag?post=11254"}],"curies":[{"name":"wp","href":"https:\/\/api.w.org\/{rel}","templated":true}]}}