{"id":11250,"date":"2025-11-28T03:45:58","date_gmt":"2025-11-28T03:45:58","guid":{"rendered":"https:\/\/www.youcanenterprise.com\/?post_type=product&#038;p=11250"},"modified":"2025-12-15T23:14:59","modified_gmt":"2025-12-15T15:14:59","slug":"button-folder","status":"publish","type":"product","link":"https:\/\/www.youcanenterprise.com\/de\/produkt\/button-folder\/","title":{"rendered":"Schnellverschluss-Dokumententasche zum Aufstecken"},"content":{"rendered":"<p><span class=\"a_GcMg font-feature-liga-off font-feature-clig-off font-feature-calt-off text-decoration-none text-strikethrough-none\">Wei\u00dfes, minimalistisches Design mit sicherem Knotenverschluss, der eine hervorragende Abdichtung gew\u00e4hrleistet und verhindert, dass Teile verloren gehen. Ideal zum Ordnen verschiedener Dokumente und Belege, bietet es bequemen Transport sowohl f\u00fcr den B\u00fcrogebrauch als auch f\u00fcr Reisen. Das Markenlogo verleiht ihm einen Hauch von Eleganz!<\/span><\/p>","protected":false},"excerpt":{"rendered":"<p><span class=\"a_GcMg font-feature-liga-off font-feature-clig-off font-feature-calt-off text-decoration-none text-strikethrough-none\">Wei\u00dfes, minimalistisches Design mit sicherem Knotenverschluss, der eine hervorragende Abdichtung gew\u00e4hrleistet und verhindert, dass Teile verloren gehen. Ideal zum Ordnen verschiedener Dokumente und Belege, bietet es bequemen Transport sowohl f\u00fcr den B\u00fcrogebrauch als auch f\u00fcr Reisen. Das Markenlogo verleiht ihm einen Hauch von Eleganz!<\/span><\/p>","protected":false},"featured_media":12879,"comment_status":"open","ping_status":"closed","template":"","meta":{"_acf_changed":false},"product_brand":[],"product_cat":[15],"product_tag":[100,90],"class_list":{"0":"post-11250","1":"product","2":"type-product","3":"status-publish","4":"has-post-thumbnail","6":"product_cat-merchandise","7":"product_tag-100","8":"product_tag-90","9":"pa_color-84","10":"pa_material-101","12":"first","13":"instock","14":"shipping-taxable","15":"product-type-simple"},"acf":[],"_links":{"self":[{"href":"https:\/\/www.youcanenterprise.com\/de\/wp-json\/wp\/v2\/product\/11250","targetHints":{"allow":["GET"]}}],"collection":[{"href":"https:\/\/www.youcanenterprise.com\/de\/wp-json\/wp\/v2\/product"}],"about":[{"href":"https:\/\/www.youcanenterprise.com\/de\/wp-json\/wp\/v2\/types\/product"}],"replies":[{"embeddable":true,"href":"https:\/\/www.youcanenterprise.com\/de\/wp-json\/wp\/v2\/comments?post=11250"}],"wp:featuredmedia":[{"embeddable":true,"href":"https:\/\/www.youcanenterprise.com\/de\/wp-json\/wp\/v2\/media\/12879"}],"wp:attachment":[{"href":"https:\/\/www.youcanenterprise.com\/de\/wp-json\/wp\/v2\/media?parent=11250"}],"wp:term":[{"taxonomy":"product_brand","embeddable":true,"href":"https:\/\/www.youcanenterprise.com\/de\/wp-json\/wp\/v2\/product_brand?post=11250"},{"taxonomy":"product_cat","embeddable":true,"href":"https:\/\/www.youcanenterprise.com\/de\/wp-json\/wp\/v2\/product_cat?post=11250"},{"taxonomy":"product_tag","embeddable":true,"href":"https:\/\/www.youcanenterprise.com\/de\/wp-json\/wp\/v2\/product_tag?post=11250"}],"curies":[{"name":"wp","href":"https:\/\/api.w.org\/{rel}","templated":true}]}}