{"id":11244,"date":"2025-11-28T03:40:21","date_gmt":"2025-11-28T03:40:21","guid":{"rendered":"https:\/\/www.youcanenterprise.com\/?post_type=product&#038;p=11244"},"modified":"2025-12-15T23:12:39","modified_gmt":"2025-12-15T15:12:39","slug":"custom-gel-pen","status":"publish","type":"product","link":"https:\/\/www.youcanenterprise.com\/de\/produkt\/custom-gel-pen\/","title":{"rendered":"Schnell bedienbare, einfach anzupassende Version Kugelschreiber"},"content":{"rendered":"<p><span class=\"a_GcMg font-feature-liga-off font-feature-clig-off font-feature-calt-off text-decoration-none text-strikethrough-none\">Schnellschreibender Druckkugelschreiber mit 0,5 mm Rundspitze! Transparenter Schaft mit hochwertiger Haptik, schnell trocknende Formel verhindert Verschmieren, ergonomischer Griff f\u00fcr erm\u00fcdungsfreies Schreiben \u00fcber l\u00e4ngere Zeit, universelles Design, geeignet f\u00fcr Sch\u00fcler und B\u00fcro.<\/span><\/p>","protected":false},"excerpt":{"rendered":"<p><span class=\"a_GcMg font-feature-liga-off font-feature-clig-off font-feature-calt-off text-decoration-none text-strikethrough-none\">Schnellschreibender Druckkugelschreiber mit 0,5 mm Rundspitze! Transparenter Schaft mit hochwertiger Haptik, schnell trocknende Formel verhindert Verschmieren, ergonomischer Griff f\u00fcr erm\u00fcdungsfreies Schreiben \u00fcber l\u00e4ngere Zeit, universelles Design, geeignet f\u00fcr Sch\u00fcler und B\u00fcro.<\/span><\/p>","protected":false},"featured_media":12877,"comment_status":"open","ping_status":"closed","template":"","meta":{"_acf_changed":false},"product_brand":[],"product_cat":[15],"product_tag":[90,91],"class_list":{"0":"post-11244","1":"product","2":"type-product","3":"status-publish","4":"has-post-thumbnail","6":"product_cat-merchandise","7":"product_tag-90","8":"product_tag-91","9":"pa_used-81","11":"first","12":"instock","13":"shipping-taxable","14":"product-type-simple"},"acf":[],"_links":{"self":[{"href":"https:\/\/www.youcanenterprise.com\/de\/wp-json\/wp\/v2\/product\/11244","targetHints":{"allow":["GET"]}}],"collection":[{"href":"https:\/\/www.youcanenterprise.com\/de\/wp-json\/wp\/v2\/product"}],"about":[{"href":"https:\/\/www.youcanenterprise.com\/de\/wp-json\/wp\/v2\/types\/product"}],"replies":[{"embeddable":true,"href":"https:\/\/www.youcanenterprise.com\/de\/wp-json\/wp\/v2\/comments?post=11244"}],"wp:featuredmedia":[{"embeddable":true,"href":"https:\/\/www.youcanenterprise.com\/de\/wp-json\/wp\/v2\/media\/12877"}],"wp:attachment":[{"href":"https:\/\/www.youcanenterprise.com\/de\/wp-json\/wp\/v2\/media?parent=11244"}],"wp:term":[{"taxonomy":"product_brand","embeddable":true,"href":"https:\/\/www.youcanenterprise.com\/de\/wp-json\/wp\/v2\/product_brand?post=11244"},{"taxonomy":"product_cat","embeddable":true,"href":"https:\/\/www.youcanenterprise.com\/de\/wp-json\/wp\/v2\/product_cat?post=11244"},{"taxonomy":"product_tag","embeddable":true,"href":"https:\/\/www.youcanenterprise.com\/de\/wp-json\/wp\/v2\/product_tag?post=11244"}],"curies":[{"name":"wp","href":"https:\/\/api.w.org\/{rel}","templated":true}]}}