{"id":11242,"date":"2025-11-28T03:38:46","date_gmt":"2025-11-28T03:38:46","guid":{"rendered":"https:\/\/www.youcanenterprise.com\/?post_type=product&#038;p=11242"},"modified":"2025-12-15T01:38:10","modified_gmt":"2025-12-15T01:38:10","slug":"tshirt","status":"publish","type":"product","link":"https:\/\/www.youcanenterprise.com\/de\/produkt\/tshirt\/","title":{"rendered":"Schnell und einfach: T-Shirt mit Motiv"},"content":{"rendered":"<p><span class=\"a_GcMg font-feature-liga-off font-feature-clig-off font-feature-calt-off text-decoration-none text-strikethrough-none\">Dieses Kleidungsst\u00fcck aus hochf\u00e4diger reiner Baumwolle zeichnet sich durch eine leicht lockere und dennoch strukturierte Passform aus. Auf der Vorderseite befindet sich lediglich ein dezentes gepr\u00e4gtes Logo auf der linken Brust, das mit raffinierten Details f\u00fcr zur\u00fcckhaltende Eleganz sorgt. Die Flatlock-N\u00e4hte gew\u00e4hrleisten Langlebigkeit und Formbest\u00e4ndigkeit und sorgen f\u00fcr eine klare, saubere \u00c4sthetik, egal ob allein oder im Lagenlook getragen. Ein unverzichtbares Basic f\u00fcr jede Garderobe.<\/span><\/p>","protected":false},"excerpt":{"rendered":"<p><span class=\"a_GcMg font-feature-liga-off font-feature-clig-off font-feature-calt-off text-decoration-none text-strikethrough-none\">Dieses Kleidungsst\u00fcck aus hochf\u00e4diger reiner Baumwolle zeichnet sich durch eine leicht lockere und dennoch strukturierte Passform aus. Auf der Vorderseite befindet sich lediglich ein dezentes gepr\u00e4gtes Logo auf der linken Brust, das mit raffinierten Details f\u00fcr zur\u00fcckhaltende Eleganz sorgt. Die Flatlock-N\u00e4hte gew\u00e4hrleisten Langlebigkeit und Formbest\u00e4ndigkeit und sorgen f\u00fcr eine klare, saubere \u00c4sthetik, egal ob allein oder im Lagenlook getragen. Ein unverzichtbares Basic f\u00fcr jede Garderobe.<\/span><\/p>","protected":false},"featured_media":12683,"comment_status":"open","ping_status":"closed","template":"","meta":{"_acf_changed":false},"product_brand":[],"product_cat":[15],"product_tag":[93,92],"class_list":{"0":"post-11242","1":"product","2":"type-product","3":"status-publish","4":"has-post-thumbnail","6":"product_cat-merchandise","7":"product_tag-t","8":"product_tag-92","9":"pa_color-84","10":"pa_material-100-","11":"pa_size-l","12":"pa_size-m","13":"pa_size-s","14":"pa_size-xl","15":"pa_size-xxl","17":"first","18":"instock","19":"shipping-taxable","20":"product-type-simple"},"acf":[],"_links":{"self":[{"href":"https:\/\/www.youcanenterprise.com\/de\/wp-json\/wp\/v2\/product\/11242","targetHints":{"allow":["GET"]}}],"collection":[{"href":"https:\/\/www.youcanenterprise.com\/de\/wp-json\/wp\/v2\/product"}],"about":[{"href":"https:\/\/www.youcanenterprise.com\/de\/wp-json\/wp\/v2\/types\/product"}],"replies":[{"embeddable":true,"href":"https:\/\/www.youcanenterprise.com\/de\/wp-json\/wp\/v2\/comments?post=11242"}],"wp:featuredmedia":[{"embeddable":true,"href":"https:\/\/www.youcanenterprise.com\/de\/wp-json\/wp\/v2\/media\/12683"}],"wp:attachment":[{"href":"https:\/\/www.youcanenterprise.com\/de\/wp-json\/wp\/v2\/media?parent=11242"}],"wp:term":[{"taxonomy":"product_brand","embeddable":true,"href":"https:\/\/www.youcanenterprise.com\/de\/wp-json\/wp\/v2\/product_brand?post=11242"},{"taxonomy":"product_cat","embeddable":true,"href":"https:\/\/www.youcanenterprise.com\/de\/wp-json\/wp\/v2\/product_cat?post=11242"},{"taxonomy":"product_tag","embeddable":true,"href":"https:\/\/www.youcanenterprise.com\/de\/wp-json\/wp\/v2\/product_tag?post=11242"}],"curies":[{"name":"wp","href":"https:\/\/api.w.org\/{rel}","templated":true}]}}